{"id":3135,"date":"2026-03-05T14:49:17","date_gmt":"2026-03-05T12:49:17","guid":{"rendered":"https:\/\/www.trumpauto.eu\/teenindusele\/?page_id=3135"},"modified":"2026-03-05T15:11:22","modified_gmt":"2026-03-05T13:11:22","slug":"rezervacija","status":"publish","type":"page","link":"https:\/\/www.trumpauto.eu\/teenindusele\/lt\/rezervacija\/","title":{"rendered":"Rezervacija"},"content":{"rendered":"<p>[vc_row][vc_column][vc_empty_space]\n    <div class=\"wprt-headings style-1 clearfix text-center \">\n        <h2 class=\"heading \" >Internetin\u0117s rezervacijos demo<\/h2>\n                    <div class=\"sep clearfix\"><\/div>\n        \n                    <div class=\"sub-heading clearfix\"><p>Internetin\u0117 rezervacija padeda suvienodinti darbo eig\u0105, suma\u017eina telefono skambu\u010di\u0173 ir el. lai\u0161k\u0173 kr\u016bv\u012f. Daugel\u012f paslaug\u0173 galima automatizuoti per internetin\u012f u\u017esakym\u0105, taip paver\u010diant J\u016bs\u0173 \u012fmon\u0119 \u0161iuolaiki\u0161kesne, modernesne ir efektyvesne.<\/p>\n<\/div>\n            <\/div>\n        \n[\/vc_column][\/vc_row][vc_row css=&#8221;.vc_custom_1772715205704{padding-top: 80px !important;padding-bottom: 80px !important;}&#8221;][vc_column offset=&#8221;vc_col-md-4&#8243;][vc_column_text]<\/p>\n<div class=\"wprt-content-box style-2\">\n<div class=\"wprt-headings style-1 clearfix\">\n<h5 class=\"heading clearfix\">Tai paprasta<\/h5>\n<\/div>\n<div class=\"wprt-spacer clearfix\" data-desktop=\"30\" data-mobi=\"30\" data-smobi=\"30\"><\/div>\n<div class=\"wprt-icon-box style-5 clearfix icon-left w50 accent-outline outline-type align-left rounded-100 has-width\">\n<div class=\"icon-wrap font-size-20\">1<\/div>\n<p class=\"desc\">\u012eveskite transporto priemon\u0117s duomenis<\/p>\n<\/div>\n<div class=\"wprt-spacer clearfix\" data-desktop=\"25\" data-mobi=\"40\" data-smobi=\"25\"><\/div>\n<div class=\"wprt-icon-box style-5 clearfix icon-left w50 accent-outline outline-type align-left rounded-100 has-width\">\n<div class=\"icon-wrap font-size-20\">2<\/div>\n<p class=\"desc\">Pasirinkite paslaugas<\/p>\n<\/div>\n<div class=\"wprt-spacer clearfix\" data-desktop=\"25\" data-mobi=\"40\" data-smobi=\"25\"><\/div>\n<div class=\"wprt-icon-box style-5 clearfix icon-left w50 accent-outline outline-type align-left rounded-100 has-width\">\n<div class=\"icon-wrap font-size-20\">3<\/div>\n<p class=\"desc\">Pasirinkite dat\u0105 ir laik\u0105<\/p>\n<\/div>\n<\/div>\n<p>[\/vc_column_text][vc_column_text css=&#8221;.vc_custom_1772715528293{margin-bottom: 40px !important;}&#8221;]<\/p>\n<div class=\"wprt-content-box style-2\">\n<div class=\"wprt-icon-box style-6 clearfix icon-top w70 accent-bg align-left rounded-100 has-width\">\n<h3 class=\"heading margin-top-10 font-weight-600\">NEMOKAMAI \u012eDIEGSIME J\u016aS\u0172 SVETAIN\u0116JE<\/h3>\n<p class=\"desc\">\u0160iuolaikinis automobilio savininkas nebenori skambinti \u2013 \u0161iandien laisv\u0173 laik\u0173 servise ie\u0161koma tiesiog nar\u0161ant i\u0161maniajame telefone.<\/p>\n<div class=\"elm-btn\"><a class=\"small wprt-button accent\" href=\"https:\/\/www.trumpauto.eu\/teenindusele\/trumpautost\/paketid\/\">I\u0161bandykite nemokamai \u010dia<\/a><\/div>\n<\/div>\n<p><!-- \/.wprt-icon-box -->[\/vc_column_text][\/vc_column][vc_column offset=&#8221;vc_col-md-8&#8243;][vc_column_text]<iframe id=\"trumpauto-booking-iframe\" style=\"border: 0; min-height: 600px;\" src=\"https:\/\/api.trumpauto.eu\/client\/booking\/?key=12eda1c5dbc29594baba899f969d88b088ca5502e63fcc9fa14cf36dcf8515173c3521b9\" width=\"100%\"><\/iframe>[\/vc_column_text][\/vc_column][\/vc_row][vc_row css=&#8221;.vc_custom_1772715840972{background-color: #1c63b8 !important;}&#8221;][vc_column]\n    <div class=\"wprt-action-box style-1 has-icon \">\n        <div class=\"inner\">\n            <div class=\"heading-wrap\">\n                <div class=\"text-wrap\">\n                    <h3 class=\"heading\">Trumpauto Premium rezervacijos modulis yra pritaikomas pagal J\u016bs\u0173 \u012fmon\u0117s poreikius.<\/h3>\n                    <span class=\"icon\"><i class=\"as-icon-speedometer2\"><\/i><\/span> \n                <\/div>\n            <\/div>\n            <div class=\"button-wrap\">\n                <a class=\"wprt-button white rounded-3px\" href=\"https:\/\/www.trumpauto.eu\/teenindusele\/kontakt\/\" target=\" _blank\">SUSISIEKITE<\/a>            <\/div>\n        <\/div>\n    <\/div>\n\n[\/vc_column][\/vc_row][vc_row][vc_column][\/vc_column][\/vc_row]<\/p>\n","protected":false},"excerpt":{"rendered":"<p>[vc_row][vc_column][vc_empty_space][\/vc_column][\/vc_row][vc_row css=&#8221;.vc_custom_1772715205704{padding-top: 80px !important;padding-bottom: 80px !important;}&#8221;][vc_column offset=&#8221;vc_col-md-4&#8243;][vc_column_text] Tai paprasta 1 \u012eveskite transporto priemon\u0117s duomenis 2 Pasirinkite paslaugas 3 Pasirinkite dat\u0105 ir laik\u0105 [\/vc_column_text][vc_column_text css=&#8221;.vc_custom_1772715528293{margin-bottom: 40px !important;}&#8221;] NEMOKAMAI \u012eDIEGSIME J\u016aS\u0172 SVETAIN\u0116JE \u0160iuolaikinis automobilio savininkas nebenori skambinti \u2013 \u0161iandien laisv\u0173 laik\u0173 servise ie\u0161koma tiesiog nar\u0161ant i\u0161maniajame telefone. I\u0161bandykite nemokamai \u010dia [\/vc_column_text][\/vc_column][vc_column offset=&#8221;vc_col-md-8&#8243;][vc_column_text][\/vc_column_text][\/vc_column][\/vc_row][vc_row css=&#8221;.vc_custom_1772715840972{background-color: #1c63b8 !important;}&#8221;][vc_column][\/vc_column][\/vc_row][vc_row][vc_column][\/vc_column][\/vc_row]<\/p>\n","protected":false},"author":14,"featured_media":0,"parent":0,"menu_order":0,"comment_status":"closed","ping_status":"closed","template":"page-templates\/template-fullwidth.php","meta":{"footnotes":""},"class_list":["post-3135","page","type-page","status-publish","hentry"],"yoast_head":"<!-- This site is optimized with the Yoast SEO plugin v20.5 - https:\/\/yoast.com\/wordpress\/plugins\/seo\/ -->\n<title>Rezervacija - Trumpauto<\/title>\n<meta name=\"robots\" content=\"index, follow, max-snippet:-1, max-image-preview:large, max-video-preview:-1\" \/>\n<link rel=\"canonical\" href=\"https:\/\/www.trumpauto.eu\/teenindusele\/lt\/rezervacija\/\" \/>\n<meta property=\"og:locale\" content=\"en_US\" \/>\n<meta property=\"og:type\" content=\"article\" \/>\n<meta property=\"og:title\" content=\"Rezervacija - Trumpauto\" \/>\n<meta property=\"og:description\" content=\"[vc_row][vc_column][vc_empty_space][\/vc_column][\/vc_row][vc_row css=&#8221;.vc_custom_1772715205704{padding-top: 80px !important;padding-bottom: 80px !important;}&#8221;][vc_column offset=&#8221;vc_col-md-4&#8243;][vc_column_text] Tai paprasta 1 \u012eveskite transporto priemon\u0117s duomenis 2 Pasirinkite paslaugas 3 Pasirinkite dat\u0105 ir laik\u0105 [\/vc_column_text][vc_column_text css=&#8221;.vc_custom_1772715528293{margin-bottom: 40px !important;}&#8221;] NEMOKAMAI \u012eDIEGSIME J\u016aS\u0172 SVETAIN\u0116JE \u0160iuolaikinis automobilio savininkas nebenori skambinti \u2013 \u0161iandien laisv\u0173 laik\u0173 servise ie\u0161koma tiesiog nar\u0161ant i\u0161maniajame telefone. I\u0161bandykite nemokamai \u010dia [\/vc_column_text][\/vc_column][vc_column offset=&#8221;vc_col-md-8&#8243;][vc_column_text][\/vc_column_text][\/vc_column][\/vc_row][vc_row css=&#8221;.vc_custom_1772715840972{background-color: #1c63b8 !important;}&#8221;][vc_column][\/vc_column][\/vc_row][vc_row][vc_column][\/vc_column][\/vc_row]\" \/>\n<meta property=\"og:url\" content=\"https:\/\/www.trumpauto.eu\/teenindusele\/lt\/rezervacija\/\" \/>\n<meta property=\"og:site_name\" content=\"Trumpauto\" \/>\n<meta property=\"article:modified_time\" content=\"2026-03-05T13:11:22+00:00\" \/>\n<meta name=\"twitter:card\" content=\"summary_large_image\" \/>\n<meta name=\"twitter:label1\" content=\"Est. reading time\" \/>\n\t<meta name=\"twitter:data1\" content=\"1 minute\" \/>\n<script type=\"application\/ld+json\" class=\"yoast-schema-graph\">{\"@context\":\"https:\/\/schema.org\",\"@graph\":[{\"@type\":\"WebPage\",\"@id\":\"https:\/\/www.trumpauto.eu\/teenindusele\/lt\/rezervacija\/\",\"url\":\"https:\/\/www.trumpauto.eu\/teenindusele\/lt\/rezervacija\/\",\"name\":\"Rezervacija - Trumpauto\",\"isPartOf\":{\"@id\":\"https:\/\/www.trumpauto.eu\/teenindusele\/#website\"},\"datePublished\":\"2026-03-05T12:49:17+00:00\",\"dateModified\":\"2026-03-05T13:11:22+00:00\",\"breadcrumb\":{\"@id\":\"https:\/\/www.trumpauto.eu\/teenindusele\/lt\/rezervacija\/#breadcrumb\"},\"inLanguage\":\"en-US\",\"potentialAction\":[{\"@type\":\"ReadAction\",\"target\":[\"https:\/\/www.trumpauto.eu\/teenindusele\/lt\/rezervacija\/\"]}]},{\"@type\":\"BreadcrumbList\",\"@id\":\"https:\/\/www.trumpauto.eu\/teenindusele\/lt\/rezervacija\/#breadcrumb\",\"itemListElement\":[{\"@type\":\"ListItem\",\"position\":1,\"name\":\"Home\",\"item\":\"https:\/\/www.trumpauto.eu\/teenindusele\/\"},{\"@type\":\"ListItem\",\"position\":2,\"name\":\"Rezervacija\"}]},{\"@type\":\"WebSite\",\"@id\":\"https:\/\/www.trumpauto.eu\/teenindusele\/#website\",\"url\":\"https:\/\/www.trumpauto.eu\/teenindusele\/\",\"name\":\"Trumpauto\",\"description\":\"Tarkvara Teie T\u00f6\u00f6kojale\",\"potentialAction\":[{\"@type\":\"SearchAction\",\"target\":{\"@type\":\"EntryPoint\",\"urlTemplate\":\"https:\/\/www.trumpauto.eu\/teenindusele\/?s={search_term_string}\"},\"query-input\":\"required name=search_term_string\"}],\"inLanguage\":\"en-US\"}]}<\/script>\n<!-- \/ Yoast SEO plugin. -->","yoast_head_json":{"title":"Rezervacija - Trumpauto","robots":{"index":"index","follow":"follow","max-snippet":"max-snippet:-1","max-image-preview":"max-image-preview:large","max-video-preview":"max-video-preview:-1"},"canonical":"https:\/\/www.trumpauto.eu\/teenindusele\/lt\/rezervacija\/","og_locale":"en_US","og_type":"article","og_title":"Rezervacija - Trumpauto","og_description":"[vc_row][vc_column][vc_empty_space][\/vc_column][\/vc_row][vc_row css=&#8221;.vc_custom_1772715205704{padding-top: 80px !important;padding-bottom: 80px !important;}&#8221;][vc_column offset=&#8221;vc_col-md-4&#8243;][vc_column_text] Tai paprasta 1 \u012eveskite transporto priemon\u0117s duomenis 2 Pasirinkite paslaugas 3 Pasirinkite dat\u0105 ir laik\u0105 [\/vc_column_text][vc_column_text css=&#8221;.vc_custom_1772715528293{margin-bottom: 40px !important;}&#8221;] NEMOKAMAI \u012eDIEGSIME J\u016aS\u0172 SVETAIN\u0116JE \u0160iuolaikinis automobilio savininkas nebenori skambinti \u2013 \u0161iandien laisv\u0173 laik\u0173 servise ie\u0161koma tiesiog nar\u0161ant i\u0161maniajame telefone. I\u0161bandykite nemokamai \u010dia [\/vc_column_text][\/vc_column][vc_column offset=&#8221;vc_col-md-8&#8243;][vc_column_text][\/vc_column_text][\/vc_column][\/vc_row][vc_row css=&#8221;.vc_custom_1772715840972{background-color: #1c63b8 !important;}&#8221;][vc_column][\/vc_column][\/vc_row][vc_row][vc_column][\/vc_column][\/vc_row]","og_url":"https:\/\/www.trumpauto.eu\/teenindusele\/lt\/rezervacija\/","og_site_name":"Trumpauto","article_modified_time":"2026-03-05T13:11:22+00:00","twitter_card":"summary_large_image","twitter_misc":{"Est. reading time":"1 minute"},"schema":{"@context":"https:\/\/schema.org","@graph":[{"@type":"WebPage","@id":"https:\/\/www.trumpauto.eu\/teenindusele\/lt\/rezervacija\/","url":"https:\/\/www.trumpauto.eu\/teenindusele\/lt\/rezervacija\/","name":"Rezervacija - Trumpauto","isPartOf":{"@id":"https:\/\/www.trumpauto.eu\/teenindusele\/#website"},"datePublished":"2026-03-05T12:49:17+00:00","dateModified":"2026-03-05T13:11:22+00:00","breadcrumb":{"@id":"https:\/\/www.trumpauto.eu\/teenindusele\/lt\/rezervacija\/#breadcrumb"},"inLanguage":"en-US","potentialAction":[{"@type":"ReadAction","target":["https:\/\/www.trumpauto.eu\/teenindusele\/lt\/rezervacija\/"]}]},{"@type":"BreadcrumbList","@id":"https:\/\/www.trumpauto.eu\/teenindusele\/lt\/rezervacija\/#breadcrumb","itemListElement":[{"@type":"ListItem","position":1,"name":"Home","item":"https:\/\/www.trumpauto.eu\/teenindusele\/"},{"@type":"ListItem","position":2,"name":"Rezervacija"}]},{"@type":"WebSite","@id":"https:\/\/www.trumpauto.eu\/teenindusele\/#website","url":"https:\/\/www.trumpauto.eu\/teenindusele\/","name":"Trumpauto","description":"Tarkvara Teie T\u00f6\u00f6kojale","potentialAction":[{"@type":"SearchAction","target":{"@type":"EntryPoint","urlTemplate":"https:\/\/www.trumpauto.eu\/teenindusele\/?s={search_term_string}"},"query-input":"required name=search_term_string"}],"inLanguage":"en-US"}]}},"_links":{"self":[{"href":"https:\/\/www.trumpauto.eu\/teenindusele\/wp-json\/wp\/v2\/pages\/3135","targetHints":{"allow":["GET"]}}],"collection":[{"href":"https:\/\/www.trumpauto.eu\/teenindusele\/wp-json\/wp\/v2\/pages"}],"about":[{"href":"https:\/\/www.trumpauto.eu\/teenindusele\/wp-json\/wp\/v2\/types\/page"}],"author":[{"embeddable":true,"href":"https:\/\/www.trumpauto.eu\/teenindusele\/wp-json\/wp\/v2\/users\/14"}],"replies":[{"embeddable":true,"href":"https:\/\/www.trumpauto.eu\/teenindusele\/wp-json\/wp\/v2\/comments?post=3135"}],"version-history":[{"count":5,"href":"https:\/\/www.trumpauto.eu\/teenindusele\/wp-json\/wp\/v2\/pages\/3135\/revisions"}],"predecessor-version":[{"id":3141,"href":"https:\/\/www.trumpauto.eu\/teenindusele\/wp-json\/wp\/v2\/pages\/3135\/revisions\/3141"}],"wp:attachment":[{"href":"https:\/\/www.trumpauto.eu\/teenindusele\/wp-json\/wp\/v2\/media?parent=3135"}],"curies":[{"name":"wp","href":"https:\/\/api.w.org\/{rel}","templated":true}]}}