{"id":3123,"date":"2026-03-05T14:24:27","date_gmt":"2026-03-05T12:24:27","guid":{"rendered":"https:\/\/www.trumpauto.eu\/teenindusele\/?page_id=3123"},"modified":"2026-03-05T14:24:27","modified_gmt":"2026-03-05T12:24:27","slug":"viskas-vienoje-vietoje","status":"publish","type":"page","link":"https:\/\/www.trumpauto.eu\/teenindusele\/lt\/apie-trumpauto\/viskas-vienoje-vietoje\/","title":{"rendered":"Viskas vienoje vietoje"},"content":{"rendered":"<p>[vc_row][vc_column][vc_empty_space][\/vc_column][\/vc_row][vc_row][vc_column][vc_column_text]\u201eTrumpauto\u201c programin\u0117 \u012franga palengvina autoserviso valdym\u0105 ir taupo mechanik\u0173, aptarnavimo po pardavimo specialist\u0173, pardavim\u0173 skyriaus bei vadovyb\u0117s laik\u0105.<\/p>\n<p>Dauguma automobili\u0173 remonto dirbtuvi\u0173 ir servis\u0173 savo darbams planuoti bei valdyti iki \u0161iol naudoja daugyb\u0119 skirting\u0173 \u012franki\u0173. Pavyzd\u017eiui, klient\u0173 ir transporto priemoni\u0173 registrui naudojamas \u201eExcel\u201c, \u201eGoogle Drive\u201c ar net u\u017era\u0161\u0173 knygel\u0117, o laikui planuoti \u2013 atskiri kalendoriai kompiuteryje, i\u0161maniajame \u012frenginyje ir popieriuje.<\/p>\n<p>I\u0161 esm\u0117s tai rei\u0161kia, kad serviso vadovui, aptarnavimo personalui, mechanikams ir kitiems darbuotojams tenka nuolat \u201elaviruoti\u201c tarp skirting\u0173 program\u0173. Tod\u0117l keitimasis informacija tampa l\u0117tu procesu, kurio metu kyla didel\u0117 tikimyb\u0117, kad dalis informacijos tiesiog pasimes.[\/vc_column_text][\/vc_column][\/vc_row][vc_row][vc_column][vc_empty_space][\/vc_column][\/vc_row][vc_row][vc_column][vc_single_image source=&#8221;external_link&#8221; external_img_size=&#8221;full&#8221; alignment=&#8221;center&#8221; custom_src=&#8221;https:\/\/www.trumpauto.eu\/teenindusele\/wp-content\/uploads\/2020\/05\/meister.png&#8221;][\/vc_column][\/vc_row][vc_row][vc_column][vc_empty_space][\/vc_column][\/vc_row][vc_row][vc_column]\n    <div class=\"text-left button-wrap\">\n        <a class=\"wprt-button medium accent solid \" href=\"https:\/\/www.trumpauto.eu\/teenindusele\/lt\/apie-trumpauto\/\" style=\"\">\n            <span>Atgal<\/span>\n        <\/a>\n    <\/div>\n        \n[\/vc_column][\/vc_row][vc_row][vc_column][vc_empty_space][\/vc_column][\/vc_row]<\/p>\n","protected":false},"excerpt":{"rendered":"<p>[vc_row][vc_column][vc_empty_space][\/vc_column][\/vc_row][vc_row][vc_column][vc_column_text]\u201eTrumpauto\u201c programin\u0117 \u012franga palengvina autoserviso valdym\u0105 ir taupo mechanik\u0173, aptarnavimo po pardavimo specialist\u0173, pardavim\u0173 skyriaus bei vadovyb\u0117s laik\u0105. Dauguma automobili\u0173 remonto dirbtuvi\u0173 ir servis\u0173 savo darbams planuoti bei valdyti iki \u0161iol naudoja daugyb\u0119 skirting\u0173 \u012franki\u0173. Pavyzd\u017eiui, klient\u0173 ir transporto priemoni\u0173 registrui naudojamas \u201eExcel\u201c, \u201eGoogle Drive\u201c ar net u\u017era\u0161\u0173 knygel\u0117, o laikui planuoti \u2013 atskiri kalendoriai [&hellip;]<\/p>\n","protected":false},"author":14,"featured_media":1118,"parent":3117,"menu_order":0,"comment_status":"closed","ping_status":"closed","template":"page-templates\/template-fullwidth.php","meta":{"footnotes":""},"class_list":["post-3123","page","type-page","status-publish","has-post-thumbnail","hentry"],"yoast_head":"<!-- This site is optimized with the Yoast SEO plugin v20.5 - https:\/\/yoast.com\/wordpress\/plugins\/seo\/ -->\n<title>Viskas vienoje vietoje - Trumpauto<\/title>\n<meta name=\"robots\" content=\"index, follow, max-snippet:-1, max-image-preview:large, max-video-preview:-1\" \/>\n<link rel=\"canonical\" href=\"https:\/\/www.trumpauto.eu\/teenindusele\/lt\/apie-trumpauto\/viskas-vienoje-vietoje\/\" \/>\n<meta property=\"og:locale\" content=\"en_US\" \/>\n<meta property=\"og:type\" content=\"article\" \/>\n<meta property=\"og:title\" content=\"Viskas vienoje vietoje - Trumpauto\" \/>\n<meta property=\"og:description\" content=\"[vc_row][vc_column][vc_empty_space][\/vc_column][\/vc_row][vc_row][vc_column][vc_column_text]\u201eTrumpauto\u201c programin\u0117 \u012franga palengvina autoserviso valdym\u0105 ir taupo mechanik\u0173, aptarnavimo po pardavimo specialist\u0173, pardavim\u0173 skyriaus bei vadovyb\u0117s laik\u0105. Dauguma automobili\u0173 remonto dirbtuvi\u0173 ir servis\u0173 savo darbams planuoti bei valdyti iki \u0161iol naudoja daugyb\u0119 skirting\u0173 \u012franki\u0173. Pavyzd\u017eiui, klient\u0173 ir transporto priemoni\u0173 registrui naudojamas \u201eExcel\u201c, \u201eGoogle Drive\u201c ar net u\u017era\u0161\u0173 knygel\u0117, o laikui planuoti \u2013 atskiri kalendoriai [&hellip;]\" \/>\n<meta property=\"og:url\" content=\"https:\/\/www.trumpauto.eu\/teenindusele\/lt\/apie-trumpauto\/viskas-vienoje-vietoje\/\" \/>\n<meta property=\"og:site_name\" content=\"Trumpauto\" \/>\n<meta property=\"og:image\" content=\"https:\/\/www.trumpauto.eu\/teenindusele\/wp-content\/uploads\/2020\/05\/koik-yhes-kohas.png\" \/>\n\t<meta property=\"og:image:width\" content=\"2750\" \/>\n\t<meta property=\"og:image:height\" content=\"1344\" \/>\n\t<meta property=\"og:image:type\" content=\"image\/png\" \/>\n<meta name=\"twitter:card\" content=\"summary_large_image\" \/>\n<meta name=\"twitter:label1\" content=\"Est. reading time\" \/>\n\t<meta name=\"twitter:data1\" content=\"1 minute\" \/>\n<script type=\"application\/ld+json\" class=\"yoast-schema-graph\">{\"@context\":\"https:\/\/schema.org\",\"@graph\":[{\"@type\":\"WebPage\",\"@id\":\"https:\/\/www.trumpauto.eu\/teenindusele\/lt\/apie-trumpauto\/viskas-vienoje-vietoje\/\",\"url\":\"https:\/\/www.trumpauto.eu\/teenindusele\/lt\/apie-trumpauto\/viskas-vienoje-vietoje\/\",\"name\":\"Viskas vienoje vietoje - Trumpauto\",\"isPartOf\":{\"@id\":\"https:\/\/www.trumpauto.eu\/teenindusele\/#website\"},\"datePublished\":\"2026-03-05T12:24:27+00:00\",\"dateModified\":\"2026-03-05T12:24:27+00:00\",\"breadcrumb\":{\"@id\":\"https:\/\/www.trumpauto.eu\/teenindusele\/lt\/apie-trumpauto\/viskas-vienoje-vietoje\/#breadcrumb\"},\"inLanguage\":\"en-US\",\"potentialAction\":[{\"@type\":\"ReadAction\",\"target\":[\"https:\/\/www.trumpauto.eu\/teenindusele\/lt\/apie-trumpauto\/viskas-vienoje-vietoje\/\"]}]},{\"@type\":\"BreadcrumbList\",\"@id\":\"https:\/\/www.trumpauto.eu\/teenindusele\/lt\/apie-trumpauto\/viskas-vienoje-vietoje\/#breadcrumb\",\"itemListElement\":[{\"@type\":\"ListItem\",\"position\":1,\"name\":\"Home\",\"item\":\"https:\/\/www.trumpauto.eu\/teenindusele\/\"},{\"@type\":\"ListItem\",\"position\":2,\"name\":\"Apie Trumpauto\",\"item\":\"https:\/\/www.trumpauto.eu\/teenindusele\/lt\/apie-trumpauto\/\"},{\"@type\":\"ListItem\",\"position\":3,\"name\":\"Viskas vienoje vietoje\"}]},{\"@type\":\"WebSite\",\"@id\":\"https:\/\/www.trumpauto.eu\/teenindusele\/#website\",\"url\":\"https:\/\/www.trumpauto.eu\/teenindusele\/\",\"name\":\"Trumpauto\",\"description\":\"Tarkvara Teie T\u00f6\u00f6kojale\",\"potentialAction\":[{\"@type\":\"SearchAction\",\"target\":{\"@type\":\"EntryPoint\",\"urlTemplate\":\"https:\/\/www.trumpauto.eu\/teenindusele\/?s={search_term_string}\"},\"query-input\":\"required name=search_term_string\"}],\"inLanguage\":\"en-US\"}]}<\/script>\n<!-- \/ Yoast SEO plugin. -->","yoast_head_json":{"title":"Viskas vienoje vietoje - Trumpauto","robots":{"index":"index","follow":"follow","max-snippet":"max-snippet:-1","max-image-preview":"max-image-preview:large","max-video-preview":"max-video-preview:-1"},"canonical":"https:\/\/www.trumpauto.eu\/teenindusele\/lt\/apie-trumpauto\/viskas-vienoje-vietoje\/","og_locale":"en_US","og_type":"article","og_title":"Viskas vienoje vietoje - Trumpauto","og_description":"[vc_row][vc_column][vc_empty_space][\/vc_column][\/vc_row][vc_row][vc_column][vc_column_text]\u201eTrumpauto\u201c programin\u0117 \u012franga palengvina autoserviso valdym\u0105 ir taupo mechanik\u0173, aptarnavimo po pardavimo specialist\u0173, pardavim\u0173 skyriaus bei vadovyb\u0117s laik\u0105. Dauguma automobili\u0173 remonto dirbtuvi\u0173 ir servis\u0173 savo darbams planuoti bei valdyti iki \u0161iol naudoja daugyb\u0119 skirting\u0173 \u012franki\u0173. Pavyzd\u017eiui, klient\u0173 ir transporto priemoni\u0173 registrui naudojamas \u201eExcel\u201c, \u201eGoogle Drive\u201c ar net u\u017era\u0161\u0173 knygel\u0117, o laikui planuoti \u2013 atskiri kalendoriai [&hellip;]","og_url":"https:\/\/www.trumpauto.eu\/teenindusele\/lt\/apie-trumpauto\/viskas-vienoje-vietoje\/","og_site_name":"Trumpauto","og_image":[{"width":2750,"height":1344,"url":"https:\/\/www.trumpauto.eu\/teenindusele\/wp-content\/uploads\/2020\/05\/koik-yhes-kohas.png","type":"image\/png"}],"twitter_card":"summary_large_image","twitter_misc":{"Est. reading time":"1 minute"},"schema":{"@context":"https:\/\/schema.org","@graph":[{"@type":"WebPage","@id":"https:\/\/www.trumpauto.eu\/teenindusele\/lt\/apie-trumpauto\/viskas-vienoje-vietoje\/","url":"https:\/\/www.trumpauto.eu\/teenindusele\/lt\/apie-trumpauto\/viskas-vienoje-vietoje\/","name":"Viskas vienoje vietoje - Trumpauto","isPartOf":{"@id":"https:\/\/www.trumpauto.eu\/teenindusele\/#website"},"datePublished":"2026-03-05T12:24:27+00:00","dateModified":"2026-03-05T12:24:27+00:00","breadcrumb":{"@id":"https:\/\/www.trumpauto.eu\/teenindusele\/lt\/apie-trumpauto\/viskas-vienoje-vietoje\/#breadcrumb"},"inLanguage":"en-US","potentialAction":[{"@type":"ReadAction","target":["https:\/\/www.trumpauto.eu\/teenindusele\/lt\/apie-trumpauto\/viskas-vienoje-vietoje\/"]}]},{"@type":"BreadcrumbList","@id":"https:\/\/www.trumpauto.eu\/teenindusele\/lt\/apie-trumpauto\/viskas-vienoje-vietoje\/#breadcrumb","itemListElement":[{"@type":"ListItem","position":1,"name":"Home","item":"https:\/\/www.trumpauto.eu\/teenindusele\/"},{"@type":"ListItem","position":2,"name":"Apie Trumpauto","item":"https:\/\/www.trumpauto.eu\/teenindusele\/lt\/apie-trumpauto\/"},{"@type":"ListItem","position":3,"name":"Viskas vienoje vietoje"}]},{"@type":"WebSite","@id":"https:\/\/www.trumpauto.eu\/teenindusele\/#website","url":"https:\/\/www.trumpauto.eu\/teenindusele\/","name":"Trumpauto","description":"Tarkvara Teie T\u00f6\u00f6kojale","potentialAction":[{"@type":"SearchAction","target":{"@type":"EntryPoint","urlTemplate":"https:\/\/www.trumpauto.eu\/teenindusele\/?s={search_term_string}"},"query-input":"required name=search_term_string"}],"inLanguage":"en-US"}]}},"_links":{"self":[{"href":"https:\/\/www.trumpauto.eu\/teenindusele\/wp-json\/wp\/v2\/pages\/3123","targetHints":{"allow":["GET"]}}],"collection":[{"href":"https:\/\/www.trumpauto.eu\/teenindusele\/wp-json\/wp\/v2\/pages"}],"about":[{"href":"https:\/\/www.trumpauto.eu\/teenindusele\/wp-json\/wp\/v2\/types\/page"}],"author":[{"embeddable":true,"href":"https:\/\/www.trumpauto.eu\/teenindusele\/wp-json\/wp\/v2\/users\/14"}],"replies":[{"embeddable":true,"href":"https:\/\/www.trumpauto.eu\/teenindusele\/wp-json\/wp\/v2\/comments?post=3123"}],"version-history":[{"count":1,"href":"https:\/\/www.trumpauto.eu\/teenindusele\/wp-json\/wp\/v2\/pages\/3123\/revisions"}],"predecessor-version":[{"id":3124,"href":"https:\/\/www.trumpauto.eu\/teenindusele\/wp-json\/wp\/v2\/pages\/3123\/revisions\/3124"}],"up":[{"embeddable":true,"href":"https:\/\/www.trumpauto.eu\/teenindusele\/wp-json\/wp\/v2\/pages\/3117"}],"wp:featuredmedia":[{"embeddable":true,"href":"https:\/\/www.trumpauto.eu\/teenindusele\/wp-json\/wp\/v2\/media\/1118"}],"wp:attachment":[{"href":"https:\/\/www.trumpauto.eu\/teenindusele\/wp-json\/wp\/v2\/media?parent=3123"}],"curies":[{"name":"wp","href":"https:\/\/api.w.org\/{rel}","templated":true}]}}