{"id":3117,"date":"2026-03-05T14:02:04","date_gmt":"2026-03-05T12:02:04","guid":{"rendered":"https:\/\/www.trumpauto.eu\/teenindusele\/?page_id=3117"},"modified":"2026-03-05T15:59:55","modified_gmt":"2026-03-05T13:59:55","slug":"apie-trumpauto","status":"publish","type":"page","link":"https:\/\/www.trumpauto.eu\/teenindusele\/lt\/apie-trumpauto\/","title":{"rendered":"Apie Trumpauto"},"content":{"rendered":"<p>[vc_row][vc_column][vc_column_text css=&#8221;.vc_custom_1772707595845{margin-top: 20px !important;}&#8221;]<\/p>\n<h1>Kod\u0117l Trumpauto?<\/h1>\n<p>[\/vc_column_text][\/vc_column][\/vc_row][vc_row][vc_column][vc_separator align=&#8221;align_left&#8221; border_width=&#8221;2&#8243; el_width=&#8221;20&#8243; css=&#8221;.vc_custom_1772705225377{margin-top: 5px !important;margin-bottom: 40px !important;}&#8221;][vc_column_text]Trumpauto programin\u0117 \u012franga sukurta tam, kad taupyt\u0173 serviso vadovo, savininko ir mechaniko laik\u0105 bei u\u017etikrint\u0173, jog kliento ir dirbtuvi\u0173 bendravimas b\u016bt\u0173 teigiama patirtis, o ne streso \u0161altinis. Naudojantis Trumpauto nereikia atskiro serverio, o tai leid\u017eia gerokai sutaupyti!<\/p>\n<p><a href=\"https:\/\/www.trumpauto.eu\/teenindusele\/miks\/\">Skaityti daugiau&#8230;<\/a>[\/vc_column_text][\/vc_column][\/vc_row][vc_row][vc_column][vc_separator color=&#8221;white&#8221; border_width=&#8221;10&#8243;][\/vc_column][\/vc_row][vc_row][vc_column][vc_single_image source=&#8221;external_link&#8221; external_img_size=&#8221;full&#8221; custom_src=&#8221;https:\/\/www.trumpauto.eu\/teenindusele\/wp-content\/uploads\/2023\/10\/kodukateenused.jpg&#8221; css=&#8221;.vc_custom_1772705585498{margin-top: 20px !important;margin-bottom: 50px !important;}&#8221;][vc_separator color=&#8221;white&#8221; border_width=&#8221;10&#8243;][\/vc_column][\/vc_row][vc_row][vc_column]\n        <div class=\"wprt-icon-box clearfix has-width style-3 icon-left w70 align-left rounded-100 accent-bg \">\n        <div class=\"icon-wrap\">\n                        <i class=\"fas fa-project-diagram\"><\/i>\n                    <\/div>\n        <h3 class=\"heading\">VISKAS VIENOJE VIETOJE<\/h3>\n\n        <div class=\"desc\"><p>Trumpauto programin\u0117 \u012franga palengvina autoserviso valdym\u0105 ir taupo mechanik\u0173, aptarnavimo po pardavimo specialist\u0173, pardavim\u0173 skyriaus bei vadovyb\u0117s laik\u0105.<\/p>\n<\/div>\n\n        <div class=\"elm-btn\">\n            <a class=\"simple-link font-heading\" href=\"https:\/\/www.trumpauto.eu\/teenindusele\/lt\/apie-trumpauto\/viskas-vienoje-vietoje\/\" target=\"_self\">Skaityti daugiau...<\/a>        <\/div>\n    <\/div>\n    \n[\/vc_column][\/vc_row][vc_row][vc_column][vc_separator color=&#8221;white&#8221; border_width=&#8221;10&#8243; css=&#8221;.vc_custom_1772707707546{padding-top: 10px !important;padding-bottom: 10px !important;}&#8221;][\/vc_column][\/vc_row][vc_row][vc_column]\n        <div class=\"wprt-icon-box clearfix has-width style-3 icon-left w70 align-left rounded-100 accent-bg \">\n        <div class=\"icon-wrap\">\n                        <i class=\"fas fa-clipboard-list\"><\/i>\n                    <\/div>\n        <h3 class=\"heading\">KLIENT\u0172 IR DARB\u0172 ISTORIJA<\/h3>\n\n        <div class=\"desc\"><p>Saugiai saugokite vis\u0105 servis\u0173 veiklos, klientams atlikt\u0173 darb\u0173, pardavimo ir pirkimo s\u0105skait\u0173 fakt\u016br\u0173, sand\u0117lio liku\u010di\u0173 bei kit\u0105 svarbi\u0105 istorij\u0105.<\/p>\n<\/div>\n\n        <div class=\"elm-btn\">\n            <a class=\"simple-link font-heading\" href=\"https:\/\/www.trumpauto.eu\/teenindusele\/lt\/apie-trumpauto\/issami-istorija\/\" target=\"_self\">Skaityti daugiau...<\/a>        <\/div>\n    <\/div>\n    \n[\/vc_column][\/vc_row][vc_row][vc_column][vc_separator color=&#8221;white&#8221; border_width=&#8221;10&#8243; css=&#8221;.vc_custom_1772707695106{padding-top: 10px !important;padding-bottom: 10px !important;}&#8221;][\/vc_column][\/vc_row][vc_row][vc_column]\n        <div class=\"wprt-icon-box clearfix has-width style-3 icon-left w70 align-left rounded-100 accent-bg \">\n        <div class=\"icon-wrap\">\n                        <i class=\"fas fa-calendar-check\"><\/i>\n                    <\/div>\n        <h3 class=\"heading\">INTERNETIN\u0116 REZERVACIJA<\/h3>\n\n        <div class=\"desc\"><p>J\u016bs\u0173 klientas gali rezervuoti norim\u0105 paslaugos laik\u0105 nurodytu intervalu tiesiog J\u016bs\u0173 serviso svetain\u0117je arba Trumpauto portale.<\/p>\n<\/div>\n\n        <div class=\"elm-btn\">\n            <a class=\"simple-link font-heading\" href=\"https:\/\/www.trumpauto.eu\/teenindusele\/lt\/rezervacija\/\" target=\"_self\">\u017di\u016br\u0117ti demo<\/a>        <\/div>\n    <\/div>\n    \n[\/vc_column][\/vc_row][vc_row][vc_column][vc_separator color=&#8221;white&#8221; border_width=&#8221;10&#8243; css=&#8221;.vc_custom_1772707669192{padding-top: 10px !important;padding-bottom: 10px !important;}&#8221;][\/vc_column][\/vc_row][vc_row][vc_column]\n        <div class=\"wprt-icon-box clearfix has-width style-3 icon-left w70 align-left rounded-100 accent-bg \">\n        <div class=\"icon-wrap\">\n                        <i class=\"far fa-clock\"><\/i>\n                    <\/div>\n        <h3 class=\"heading\">DARBO LAIKO APSKAITA<\/h3>\n\n        <div class=\"desc\"><p>Ar J\u016bs matote, kelint\u0105 valand\u0105 darbuotojai atvyko \u012f darb\u0105? Koks buvo vis\u0173 \u0161altkalvi\u0173 efektyvumas pra\u0117jus\u012f m\u0117nes\u012f? Arba koks buvo meistro produktyvumas?<\/p>\n<\/div>\n\n        <div class=\"elm-btn\">\n                    <\/div>\n    <\/div>\n    \n[\/vc_column][\/vc_row][vc_row][vc_column][vc_separator color=&#8221;white&#8221; border_width=&#8221;10&#8243; css=&#8221;.vc_custom_1772707647208{padding-top: 30px !important;padding-bottom: 30px !important;}&#8221;][\/vc_column][\/vc_row][vc_row][vc_column]\n        <div class=\"wprt-icon-box clearfix has-width style-3 icon-left w70 align-left rounded-100 accent-bg \">\n        <div class=\"icon-wrap\">\n                        <i class=\"fas fa-tag\"><\/i>\n                    <\/div>\n        <h3 class=\"heading\">PASI\u016aLYMAI<\/h3>\n\n        <div class=\"desc\"><p>Ruo\u0161kite pasi\u016blymus, kurkite j\u0173 \u0161ablonus, kopijuokite ir si\u0173skite klientams patvirtinti. Kliento patvirtintus pasi\u016blymus vienu paspaudimu paverskite darb\u0173 u\u017esakymais arba s\u0105skaitomis fakt\u016bromis.<\/p>\n<\/div>\n\n        <div class=\"elm-btn\">\n                    <\/div>\n    <\/div>\n    \n[\/vc_column][\/vc_row][vc_row][vc_column][vc_separator color=&#8221;white&#8221; border_width=&#8221;10&#8243; css=&#8221;.vc_custom_1772707806443{padding-top: 20px !important;padding-bottom: 20px !important;}&#8221;][\/vc_column][\/vc_row][vc_row][vc_column]\n        <div class=\"wprt-icon-box clearfix has-width style-3 icon-left w70 align-left rounded-100 accent-bg \">\n        <div class=\"icon-wrap\">\n                        <i class=\"far fa-folder-open\"><\/i>\n                    <\/div>\n        <h3 class=\"heading\">S\u0104SAJA SU BUHALTERINE PROGRAMA<\/h3>\n\n        <div class=\"desc\"><p>Trumpauto lengvai susiejama su J\u016bs\u0173 naudojama buhalterine programa. Automati\u0161kai perkelkite s\u0105skaitas ir pamir\u0161kite rankin\u012f darb\u0105!<\/p>\n<p>Mielai pad\u0117sime Jums sukonfig\u016bruoti integracij\u0105 pagal J\u016bs\u0173 \u012fmon\u0117s poreikius.<\/p>\n<\/div>\n\n        <div class=\"elm-btn\">\n                    <\/div>\n    <\/div>\n    \n[\/vc_column][\/vc_row][vc_row][vc_column][vc_separator align=&#8221;align_left&#8221; border_width=&#8221;2&#8243; css=&#8221;.vc_custom_1772707349192{margin-top: 80px !important;}&#8221;][\/vc_column][\/vc_row][vc_row css=&#8221;.vc_custom_1772708784159{padding-top: 60px !important;padding-bottom: 90px !important;}&#8221;][vc_column offset=&#8221;vc_col-md-4&#8243;]\n        <div class=\"wprt-icon-box clearfix has-width style-3 icon-left w70 align-left rounded-100 accent-bg \">\n        <div class=\"icon-wrap\">\n                        <i class=\"as-icon-car-parts-17\"><\/i>\n                    <\/div>\n        <h3 class=\"heading\">DEBESYJE<\/h3>\n\n        <div class=\"desc\"><p>Tai rei\u0161kia, kad Trumpauto veikia bet kuriame kompiuteryje, telefone ar plan\u0161et\u0117je per internet\u0105 ir jos nereikia diegti.<\/p>\n<\/div>\n\n        <div class=\"elm-btn\">\n                    <\/div>\n    <\/div>\n    \n[\/vc_column][vc_column offset=&#8221;vc_col-md-4&#8243;]\n        <div class=\"wprt-icon-box clearfix has-width style-3 icon-left w70 align-left rounded-100 accent-bg \">\n        <div class=\"icon-wrap\">\n                        <i class=\"as-icon-turbo\"><\/i>\n                    <\/div>\n        <h3 class=\"heading\">DUOMEN\u0172 PERK\u0116LIMAS<\/h3>\n\n        <div class=\"desc\"><p>Pad\u0117sime sukurti J\u016bs\u0173 serviso \u201eTrumpauto\u201c paskyr\u0105, j\u0105 sukonfig\u016bruoti ir, Jums pageidaujant, importuoti duomenis i\u0161 J\u016bs\u0173 senosios programos.<\/p>\n<\/div>\n\n        <div class=\"elm-btn\">\n                    <\/div>\n    <\/div>\n    \n[\/vc_column][vc_column offset=&#8221;vc_col-md-4&#8243;]\n        <div class=\"wprt-icon-box clearfix has-width style-3 icon-left w70 align-left rounded-100 accent-bg \">\n        <div class=\"icon-wrap\">\n                        <i class=\"as-icon-car-parts-2\"><\/i>\n                    <\/div>\n        <h3 class=\"heading\">ATNAUJINIMAI<\/h3>\n\n        <div class=\"desc\"><p>Tai rei\u0161kia, kad sistem\u0105 atnaujiname mes, o Jums nieko daryti nereikia \u2013 kaip ir \u201eFacebook\u201c platformoje, kartais atsiranda nauja i\u0161vaizda ar papildom\u0173 funkcij\u0173, ir u\u017e tai i\u0161 J\u016bs\u0173 nepra\u0161oma jokio papildomo mokes\u010dio.<\/p>\n<\/div>\n\n        <div class=\"elm-btn\">\n                    <\/div>\n    <\/div>\n    \n[\/vc_column][\/vc_row][vc_row css_animation=&#8221;fadeInDown&#8221; css=&#8221;.vc_custom_1772712346977{background-color: #1c63b8 !important;}&#8221;][vc_column]\n    <div class=\"wprt-action-box style-1 has-icon \">\n        <div class=\"inner\">\n            <div class=\"heading-wrap\">\n                <div class=\"text-wrap\">\n                    <h3 class=\"heading\">APSKAI\u010cIUOKITE JUMS TINKAM\u0104 PLAN\u0104<\/h3>\n                    <span class=\"icon\"><i class=\"fas fa-shipping-fast\"><\/i><\/span> \n                <\/div>\n            <\/div>\n            <div class=\"button-wrap\">\n                <a class=\"wprt-button white rounded-3px\" href=\"https:\/\/www.trumpauto.eu\/teenindusele\/lt\/paketai\/\" target=\"_self\">Spauskite \u010dia<\/a>            <\/div>\n        <\/div>\n    <\/div>\n\n[\/vc_column][\/vc_row]<\/p>\n","protected":false},"excerpt":{"rendered":"<p>[vc_row][vc_column][vc_column_text css=&#8221;.vc_custom_1772707595845{margin-top: 20px !important;}&#8221;] Kod\u0117l Trumpauto? [\/vc_column_text][\/vc_column][\/vc_row][vc_row][vc_column][vc_separator align=&#8221;align_left&#8221; border_width=&#8221;2&#8243; el_width=&#8221;20&#8243; css=&#8221;.vc_custom_1772705225377{margin-top: 5px !important;margin-bottom: 40px !important;}&#8221;][vc_column_text]Trumpauto programin\u0117 \u012franga sukurta tam, kad taupyt\u0173 serviso vadovo, savininko ir mechaniko laik\u0105 bei u\u017etikrint\u0173, jog kliento ir dirbtuvi\u0173 bendravimas b\u016bt\u0173 teigiama patirtis, o ne streso \u0161altinis. Naudojantis Trumpauto nereikia atskiro serverio, o tai leid\u017eia gerokai sutaupyti! Skaityti daugiau&#8230;[\/vc_column_text][\/vc_column][\/vc_row][vc_row][vc_column][vc_separator color=&#8221;white&#8221; border_width=&#8221;10&#8243;][\/vc_column][\/vc_row][vc_row][vc_column][vc_single_image [&hellip;]<\/p>\n","protected":false},"author":14,"featured_media":0,"parent":0,"menu_order":0,"comment_status":"closed","ping_status":"closed","template":"page-templates\/template-fullwidth.php","meta":{"footnotes":""},"class_list":["post-3117","page","type-page","status-publish","hentry"],"yoast_head":"<!-- This site is optimized with the Yoast SEO plugin v20.5 - https:\/\/yoast.com\/wordpress\/plugins\/seo\/ -->\n<title>Apie Trumpauto - Trumpauto<\/title>\n<meta name=\"robots\" content=\"index, follow, max-snippet:-1, max-image-preview:large, max-video-preview:-1\" \/>\n<link rel=\"canonical\" href=\"https:\/\/www.trumpauto.eu\/teenindusele\/lt\/apie-trumpauto\/\" \/>\n<meta property=\"og:locale\" content=\"en_US\" \/>\n<meta property=\"og:type\" content=\"article\" \/>\n<meta property=\"og:title\" content=\"Apie Trumpauto - Trumpauto\" \/>\n<meta property=\"og:description\" content=\"[vc_row][vc_column][vc_column_text css=&#8221;.vc_custom_1772707595845{margin-top: 20px !important;}&#8221;] Kod\u0117l Trumpauto? [\/vc_column_text][\/vc_column][\/vc_row][vc_row][vc_column][vc_separator align=&#8221;align_left&#8221; border_width=&#8221;2&#8243; el_width=&#8221;20&#8243; css=&#8221;.vc_custom_1772705225377{margin-top: 5px !important;margin-bottom: 40px !important;}&#8221;][vc_column_text]Trumpauto programin\u0117 \u012franga sukurta tam, kad taupyt\u0173 serviso vadovo, savininko ir mechaniko laik\u0105 bei u\u017etikrint\u0173, jog kliento ir dirbtuvi\u0173 bendravimas b\u016bt\u0173 teigiama patirtis, o ne streso \u0161altinis. Naudojantis Trumpauto nereikia atskiro serverio, o tai leid\u017eia gerokai sutaupyti! Skaityti daugiau&#8230;[\/vc_column_text][\/vc_column][\/vc_row][vc_row][vc_column][vc_separator color=&#8221;white&#8221; border_width=&#8221;10&#8243;][\/vc_column][\/vc_row][vc_row][vc_column][vc_single_image [&hellip;]\" \/>\n<meta property=\"og:url\" content=\"https:\/\/www.trumpauto.eu\/teenindusele\/lt\/apie-trumpauto\/\" \/>\n<meta property=\"og:site_name\" content=\"Trumpauto\" \/>\n<meta property=\"article:modified_time\" content=\"2026-03-05T13:59:55+00:00\" \/>\n<meta name=\"twitter:card\" content=\"summary_large_image\" \/>\n<meta name=\"twitter:label1\" content=\"Est. reading time\" \/>\n\t<meta name=\"twitter:data1\" content=\"4 minutes\" \/>\n<script type=\"application\/ld+json\" class=\"yoast-schema-graph\">{\"@context\":\"https:\/\/schema.org\",\"@graph\":[{\"@type\":\"WebPage\",\"@id\":\"https:\/\/www.trumpauto.eu\/teenindusele\/lt\/apie-trumpauto\/\",\"url\":\"https:\/\/www.trumpauto.eu\/teenindusele\/lt\/apie-trumpauto\/\",\"name\":\"Apie Trumpauto - Trumpauto\",\"isPartOf\":{\"@id\":\"https:\/\/www.trumpauto.eu\/teenindusele\/#website\"},\"datePublished\":\"2026-03-05T12:02:04+00:00\",\"dateModified\":\"2026-03-05T13:59:55+00:00\",\"breadcrumb\":{\"@id\":\"https:\/\/www.trumpauto.eu\/teenindusele\/lt\/apie-trumpauto\/#breadcrumb\"},\"inLanguage\":\"en-US\",\"potentialAction\":[{\"@type\":\"ReadAction\",\"target\":[\"https:\/\/www.trumpauto.eu\/teenindusele\/lt\/apie-trumpauto\/\"]}]},{\"@type\":\"BreadcrumbList\",\"@id\":\"https:\/\/www.trumpauto.eu\/teenindusele\/lt\/apie-trumpauto\/#breadcrumb\",\"itemListElement\":[{\"@type\":\"ListItem\",\"position\":1,\"name\":\"Home\",\"item\":\"https:\/\/www.trumpauto.eu\/teenindusele\/\"},{\"@type\":\"ListItem\",\"position\":2,\"name\":\"Apie Trumpauto\"}]},{\"@type\":\"WebSite\",\"@id\":\"https:\/\/www.trumpauto.eu\/teenindusele\/#website\",\"url\":\"https:\/\/www.trumpauto.eu\/teenindusele\/\",\"name\":\"Trumpauto\",\"description\":\"Tarkvara Teie T\u00f6\u00f6kojale\",\"potentialAction\":[{\"@type\":\"SearchAction\",\"target\":{\"@type\":\"EntryPoint\",\"urlTemplate\":\"https:\/\/www.trumpauto.eu\/teenindusele\/?s={search_term_string}\"},\"query-input\":\"required name=search_term_string\"}],\"inLanguage\":\"en-US\"}]}<\/script>\n<!-- \/ Yoast SEO plugin. -->","yoast_head_json":{"title":"Apie Trumpauto - Trumpauto","robots":{"index":"index","follow":"follow","max-snippet":"max-snippet:-1","max-image-preview":"max-image-preview:large","max-video-preview":"max-video-preview:-1"},"canonical":"https:\/\/www.trumpauto.eu\/teenindusele\/lt\/apie-trumpauto\/","og_locale":"en_US","og_type":"article","og_title":"Apie Trumpauto - Trumpauto","og_description":"[vc_row][vc_column][vc_column_text css=&#8221;.vc_custom_1772707595845{margin-top: 20px !important;}&#8221;] Kod\u0117l Trumpauto? [\/vc_column_text][\/vc_column][\/vc_row][vc_row][vc_column][vc_separator align=&#8221;align_left&#8221; border_width=&#8221;2&#8243; el_width=&#8221;20&#8243; css=&#8221;.vc_custom_1772705225377{margin-top: 5px !important;margin-bottom: 40px !important;}&#8221;][vc_column_text]Trumpauto programin\u0117 \u012franga sukurta tam, kad taupyt\u0173 serviso vadovo, savininko ir mechaniko laik\u0105 bei u\u017etikrint\u0173, jog kliento ir dirbtuvi\u0173 bendravimas b\u016bt\u0173 teigiama patirtis, o ne streso \u0161altinis. Naudojantis Trumpauto nereikia atskiro serverio, o tai leid\u017eia gerokai sutaupyti! Skaityti daugiau&#8230;[\/vc_column_text][\/vc_column][\/vc_row][vc_row][vc_column][vc_separator color=&#8221;white&#8221; border_width=&#8221;10&#8243;][\/vc_column][\/vc_row][vc_row][vc_column][vc_single_image [&hellip;]","og_url":"https:\/\/www.trumpauto.eu\/teenindusele\/lt\/apie-trumpauto\/","og_site_name":"Trumpauto","article_modified_time":"2026-03-05T13:59:55+00:00","twitter_card":"summary_large_image","twitter_misc":{"Est. reading time":"4 minutes"},"schema":{"@context":"https:\/\/schema.org","@graph":[{"@type":"WebPage","@id":"https:\/\/www.trumpauto.eu\/teenindusele\/lt\/apie-trumpauto\/","url":"https:\/\/www.trumpauto.eu\/teenindusele\/lt\/apie-trumpauto\/","name":"Apie Trumpauto - Trumpauto","isPartOf":{"@id":"https:\/\/www.trumpauto.eu\/teenindusele\/#website"},"datePublished":"2026-03-05T12:02:04+00:00","dateModified":"2026-03-05T13:59:55+00:00","breadcrumb":{"@id":"https:\/\/www.trumpauto.eu\/teenindusele\/lt\/apie-trumpauto\/#breadcrumb"},"inLanguage":"en-US","potentialAction":[{"@type":"ReadAction","target":["https:\/\/www.trumpauto.eu\/teenindusele\/lt\/apie-trumpauto\/"]}]},{"@type":"BreadcrumbList","@id":"https:\/\/www.trumpauto.eu\/teenindusele\/lt\/apie-trumpauto\/#breadcrumb","itemListElement":[{"@type":"ListItem","position":1,"name":"Home","item":"https:\/\/www.trumpauto.eu\/teenindusele\/"},{"@type":"ListItem","position":2,"name":"Apie Trumpauto"}]},{"@type":"WebSite","@id":"https:\/\/www.trumpauto.eu\/teenindusele\/#website","url":"https:\/\/www.trumpauto.eu\/teenindusele\/","name":"Trumpauto","description":"Tarkvara Teie T\u00f6\u00f6kojale","potentialAction":[{"@type":"SearchAction","target":{"@type":"EntryPoint","urlTemplate":"https:\/\/www.trumpauto.eu\/teenindusele\/?s={search_term_string}"},"query-input":"required name=search_term_string"}],"inLanguage":"en-US"}]}},"_links":{"self":[{"href":"https:\/\/www.trumpauto.eu\/teenindusele\/wp-json\/wp\/v2\/pages\/3117","targetHints":{"allow":["GET"]}}],"collection":[{"href":"https:\/\/www.trumpauto.eu\/teenindusele\/wp-json\/wp\/v2\/pages"}],"about":[{"href":"https:\/\/www.trumpauto.eu\/teenindusele\/wp-json\/wp\/v2\/types\/page"}],"author":[{"embeddable":true,"href":"https:\/\/www.trumpauto.eu\/teenindusele\/wp-json\/wp\/v2\/users\/14"}],"replies":[{"embeddable":true,"href":"https:\/\/www.trumpauto.eu\/teenindusele\/wp-json\/wp\/v2\/comments?post=3117"}],"version-history":[{"count":8,"href":"https:\/\/www.trumpauto.eu\/teenindusele\/wp-json\/wp\/v2\/pages\/3117\/revisions"}],"predecessor-version":[{"id":3143,"href":"https:\/\/www.trumpauto.eu\/teenindusele\/wp-json\/wp\/v2\/pages\/3117\/revisions\/3143"}],"wp:attachment":[{"href":"https:\/\/www.trumpauto.eu\/teenindusele\/wp-json\/wp\/v2\/media?parent=3117"}],"curies":[{"name":"wp","href":"https:\/\/api.w.org\/{rel}","templated":true}]}}