{"id":300,"date":"2018-08-06T09:20:04","date_gmt":"2018-08-06T09:20:04","guid":{"rendered":"http:\/\/localhost\/autoser\/?page_id=300"},"modified":"2022-06-13T10:04:36","modified_gmt":"2022-06-13T08:04:36","slug":"broneerimine","status":"publish","type":"page","link":"https:\/\/www.trumpauto.eu\/teenindusele\/broneerimine\/","title":{"rendered":"Broneerimine"},"content":{"rendered":"<p>[vc_row css=&#8221;.vc_custom_1533546786675{padding-top: 80px !important;padding-bottom: 80px !important;}&#8221;][vc_column]\n    <div class=\"wprt-headings style-1 clearfix text-center \">\n        <h2 class=\"heading \" >Online broneeringu demo<\/h2>\n                    <div class=\"sep clearfix\"><\/div>\n        \n                    <div class=\"sub-heading clearfix\"><p>Online broneerimine aitab muuta t\u00f6\u00f6voo sujuvamaks, v\u00e4hendab telefonik\u00f5nede ja e-mailide koormust. Paljud teenused annab l\u00e4bi online broneeringu automatiseeria ja seel\u00e4bi muuta sinu ettev\u00f5te kaasaegseks, moodsamaks ja efektiivsemaks.<\/p>\n<\/div>\n            <\/div>\n        \n[vc_column_text]<\/p>\n<div class=\"wprt-spacer clearfix\" data-desktop=\"45\" data-mobi=\"40\" data-smobi=\"40\"><\/div>\n<p>[\/vc_column_text][\/vc_column][vc_column offset=&#8221;vc_col-md-4&#8243;][vc_column_text]<\/p>\n<div class=\"wprt-content-box style-2\">\n<div class=\"wprt-headings style-1 clearfix\">\n<h5 class=\"heading clearfix\">See on lihtne.<\/h5>\n<\/div>\n<div class=\"wprt-spacer clearfix\" data-desktop=\"30\" data-mobi=\"30\" data-smobi=\"30\"><\/div>\n<div class=\"wprt-icon-box style-5 clearfix icon-left w50 accent-outline outline-type align-left rounded-100 has-width\">\n<div class=\"icon-wrap font-size-20\">1<\/div>\n<p class=\"desc\">Sisesta s\u00f5iduki andmed<\/p>\n<\/div>\n<div class=\"wprt-spacer clearfix\" data-desktop=\"25\" data-mobi=\"40\" data-smobi=\"25\"><\/div>\n<div class=\"wprt-icon-box style-5 clearfix icon-left w50 accent-outline outline-type align-left rounded-100 has-width\">\n<div class=\"icon-wrap font-size-20\">2<\/div>\n<p class=\"desc\">Vali teenused<\/p>\n<\/div>\n<div class=\"wprt-spacer clearfix\" data-desktop=\"25\" data-mobi=\"40\" data-smobi=\"25\"><\/div>\n<div class=\"wprt-icon-box style-5 clearfix icon-left w50 accent-outline outline-type align-left rounded-100 has-width\">\n<div class=\"icon-wrap font-size-20\">3<\/div>\n<p class=\"desc\">Vali kuup\u00e4ev ja kellaaeg<\/p>\n<\/div>\n<\/div>\n<p>[\/vc_column_text][vc_column_text css=&#8221;.vc_custom_1655107474307{margin-bottom: 40px !important;}&#8221;]<\/p>\n<div class=\"wprt-content-box style-2\">\n<div class=\"wprt-icon-box style-6 clearfix icon-top w70 accent-bg align-left rounded-100 has-width\">\n<h3 class=\"heading margin-top-10 font-weight-600\">PAIGALDAME SINU KODULEHELE TASUTA<\/h3>\n<p class=\"desc\">T\u00e4nap\u00e4eva automanik ei taha enam helistada, t\u00e4na otsitase teeninduse aegu nutitelefonis scrollides.<\/p>\n<div class=\"elm-btn\"><a class=\"small wprt-button accent\" href=\"https:\/\/www.trumpauto.eu\/teenindusele\/trumpautost\/paketid\/\">Proovi tasuta siit<\/a><\/div>\n<\/div>\n<p><!-- \/.wprt-icon-box --><\/div>\n<p>[\/vc_column_text][\/vc_column][vc_column offset=&#8221;vc_col-md-8&#8243;][vc_column_text]<iframe id=\"trumpauto-booking-iframe\" style=\"border: 0; min-height: 600px;\" src=\"https:\/\/api.trumpauto.eu\/client\/booking\/?key=12eda1c5dbc29594baba899f969d88b088ca5502e63fcc9fa14cf36dcf8515173c3521b9\" width=\"100%\"><\/iframe>[\/vc_column_text][\/vc_column][\/vc_row][vc_row el_class=&#8221;bg-accent&#8221;][vc_column]\n    <div class=\"wprt-action-box style-1 has-icon \">\n        <div class=\"inner\">\n            <div class=\"heading-wrap\">\n                <div class=\"text-wrap\">\n                    <h3 class=\"heading\">Trumpauto Premium broneeringu moodul on kohandatav vastavalt sinu ettev\u00f5tte vajadustele.<\/h3>\n                    <span class=\"icon\"><i class=\"as-icon-speedometer2\"><\/i><\/span> \n                <\/div>\n            <\/div>\n            <div class=\"button-wrap\">\n                <a class=\"wprt-button white rounded-3px\" href=\"https:\/\/www.trumpauto.eu\/teenindusele\/kontakt\/\" target=\" _blank\">V\u00d5TA \u00dcHENDUST<\/a>            <\/div>\n        <\/div>\n    <\/div>\n\n[\/vc_column][\/vc_row]<\/p>\n","protected":false},"excerpt":{"rendered":"<p>[vc_row css=&#8221;.vc_custom_1533546786675{padding-top: 80px !important;padding-bottom: 80px !important;}&#8221;][vc_column][vc_column_text] [\/vc_column_text][\/vc_column][vc_column offset=&#8221;vc_col-md-4&#8243;][vc_column_text] See on lihtne. 1 Sisesta s\u00f5iduki andmed 2 Vali teenused 3 Vali kuup\u00e4ev ja kellaaeg [\/vc_column_text][vc_column_text css=&#8221;.vc_custom_1655107474307{margin-bottom: 40px !important;}&#8221;] PAIGALDAME SINU KODULEHELE TASUTA T\u00e4nap\u00e4eva automanik ei taha enam helistada, t\u00e4na otsitase teeninduse aegu nutitelefonis scrollides. Proovi tasuta siit [\/vc_column_text][\/vc_column][vc_column offset=&#8221;vc_col-md-8&#8243;][vc_column_text][\/vc_column_text][\/vc_column][\/vc_row][vc_row el_class=&#8221;bg-accent&#8221;][vc_column][\/vc_column][\/vc_row]<\/p>\n","protected":false},"author":1,"featured_media":0,"parent":0,"menu_order":0,"comment_status":"closed","ping_status":"closed","template":"page-templates\/template-fullwidth.php","meta":{"footnotes":""},"class_list":["post-300","page","type-page","status-publish","hentry"],"yoast_head":"<!-- This site is optimized with the Yoast SEO plugin v20.5 - https:\/\/yoast.com\/wordpress\/plugins\/seo\/ -->\n<title>Broneerimine - Trumpauto<\/title>\n<meta name=\"robots\" content=\"index, follow, max-snippet:-1, max-image-preview:large, max-video-preview:-1\" \/>\n<link rel=\"canonical\" href=\"https:\/\/www.trumpauto.eu\/teenindusele\/broneerimine\/\" \/>\n<meta property=\"og:locale\" content=\"en_US\" \/>\n<meta property=\"og:type\" content=\"article\" \/>\n<meta property=\"og:title\" content=\"Broneerimine - Trumpauto\" \/>\n<meta property=\"og:description\" content=\"[vc_row css=&#8221;.vc_custom_1533546786675{padding-top: 80px !important;padding-bottom: 80px !important;}&#8221;][vc_column][vc_column_text] [\/vc_column_text][\/vc_column][vc_column offset=&#8221;vc_col-md-4&#8243;][vc_column_text] See on lihtne. 1 Sisesta s\u00f5iduki andmed 2 Vali teenused 3 Vali kuup\u00e4ev ja kellaaeg [\/vc_column_text][vc_column_text css=&#8221;.vc_custom_1655107474307{margin-bottom: 40px !important;}&#8221;] PAIGALDAME SINU KODULEHELE TASUTA T\u00e4nap\u00e4eva automanik ei taha enam helistada, t\u00e4na otsitase teeninduse aegu nutitelefonis scrollides. Proovi tasuta siit [\/vc_column_text][\/vc_column][vc_column offset=&#8221;vc_col-md-8&#8243;][vc_column_text][\/vc_column_text][\/vc_column][\/vc_row][vc_row el_class=&#8221;bg-accent&#8221;][vc_column][\/vc_column][\/vc_row]\" \/>\n<meta property=\"og:url\" content=\"https:\/\/www.trumpauto.eu\/teenindusele\/broneerimine\/\" \/>\n<meta property=\"og:site_name\" content=\"Trumpauto\" \/>\n<meta property=\"article:modified_time\" content=\"2022-06-13T08:04:36+00:00\" \/>\n<meta name=\"twitter:card\" content=\"summary_large_image\" \/>\n<meta name=\"twitter:label1\" content=\"Est. reading time\" \/>\n\t<meta name=\"twitter:data1\" content=\"1 minute\" \/>\n<script type=\"application\/ld+json\" class=\"yoast-schema-graph\">{\"@context\":\"https:\/\/schema.org\",\"@graph\":[{\"@type\":\"WebPage\",\"@id\":\"https:\/\/www.trumpauto.eu\/teenindusele\/broneerimine\/\",\"url\":\"https:\/\/www.trumpauto.eu\/teenindusele\/broneerimine\/\",\"name\":\"Broneerimine - Trumpauto\",\"isPartOf\":{\"@id\":\"https:\/\/www.trumpauto.eu\/teenindusele\/#website\"},\"datePublished\":\"2018-08-06T09:20:04+00:00\",\"dateModified\":\"2022-06-13T08:04:36+00:00\",\"breadcrumb\":{\"@id\":\"https:\/\/www.trumpauto.eu\/teenindusele\/broneerimine\/#breadcrumb\"},\"inLanguage\":\"en-US\",\"potentialAction\":[{\"@type\":\"ReadAction\",\"target\":[\"https:\/\/www.trumpauto.eu\/teenindusele\/broneerimine\/\"]}]},{\"@type\":\"BreadcrumbList\",\"@id\":\"https:\/\/www.trumpauto.eu\/teenindusele\/broneerimine\/#breadcrumb\",\"itemListElement\":[{\"@type\":\"ListItem\",\"position\":1,\"name\":\"Home\",\"item\":\"https:\/\/www.trumpauto.eu\/teenindusele\/\"},{\"@type\":\"ListItem\",\"position\":2,\"name\":\"Broneerimine\"}]},{\"@type\":\"WebSite\",\"@id\":\"https:\/\/www.trumpauto.eu\/teenindusele\/#website\",\"url\":\"https:\/\/www.trumpauto.eu\/teenindusele\/\",\"name\":\"Trumpauto\",\"description\":\"Tarkvara Teie T\u00f6\u00f6kojale\",\"potentialAction\":[{\"@type\":\"SearchAction\",\"target\":{\"@type\":\"EntryPoint\",\"urlTemplate\":\"https:\/\/www.trumpauto.eu\/teenindusele\/?s={search_term_string}\"},\"query-input\":\"required name=search_term_string\"}],\"inLanguage\":\"en-US\"}]}<\/script>\n<!-- \/ Yoast SEO plugin. -->","yoast_head_json":{"title":"Broneerimine - Trumpauto","robots":{"index":"index","follow":"follow","max-snippet":"max-snippet:-1","max-image-preview":"max-image-preview:large","max-video-preview":"max-video-preview:-1"},"canonical":"https:\/\/www.trumpauto.eu\/teenindusele\/broneerimine\/","og_locale":"en_US","og_type":"article","og_title":"Broneerimine - Trumpauto","og_description":"[vc_row css=&#8221;.vc_custom_1533546786675{padding-top: 80px !important;padding-bottom: 80px !important;}&#8221;][vc_column][vc_column_text] [\/vc_column_text][\/vc_column][vc_column offset=&#8221;vc_col-md-4&#8243;][vc_column_text] See on lihtne. 1 Sisesta s\u00f5iduki andmed 2 Vali teenused 3 Vali kuup\u00e4ev ja kellaaeg [\/vc_column_text][vc_column_text css=&#8221;.vc_custom_1655107474307{margin-bottom: 40px !important;}&#8221;] PAIGALDAME SINU KODULEHELE TASUTA T\u00e4nap\u00e4eva automanik ei taha enam helistada, t\u00e4na otsitase teeninduse aegu nutitelefonis scrollides. Proovi tasuta siit [\/vc_column_text][\/vc_column][vc_column offset=&#8221;vc_col-md-8&#8243;][vc_column_text][\/vc_column_text][\/vc_column][\/vc_row][vc_row el_class=&#8221;bg-accent&#8221;][vc_column][\/vc_column][\/vc_row]","og_url":"https:\/\/www.trumpauto.eu\/teenindusele\/broneerimine\/","og_site_name":"Trumpauto","article_modified_time":"2022-06-13T08:04:36+00:00","twitter_card":"summary_large_image","twitter_misc":{"Est. reading time":"1 minute"},"schema":{"@context":"https:\/\/schema.org","@graph":[{"@type":"WebPage","@id":"https:\/\/www.trumpauto.eu\/teenindusele\/broneerimine\/","url":"https:\/\/www.trumpauto.eu\/teenindusele\/broneerimine\/","name":"Broneerimine - Trumpauto","isPartOf":{"@id":"https:\/\/www.trumpauto.eu\/teenindusele\/#website"},"datePublished":"2018-08-06T09:20:04+00:00","dateModified":"2022-06-13T08:04:36+00:00","breadcrumb":{"@id":"https:\/\/www.trumpauto.eu\/teenindusele\/broneerimine\/#breadcrumb"},"inLanguage":"en-US","potentialAction":[{"@type":"ReadAction","target":["https:\/\/www.trumpauto.eu\/teenindusele\/broneerimine\/"]}]},{"@type":"BreadcrumbList","@id":"https:\/\/www.trumpauto.eu\/teenindusele\/broneerimine\/#breadcrumb","itemListElement":[{"@type":"ListItem","position":1,"name":"Home","item":"https:\/\/www.trumpauto.eu\/teenindusele\/"},{"@type":"ListItem","position":2,"name":"Broneerimine"}]},{"@type":"WebSite","@id":"https:\/\/www.trumpauto.eu\/teenindusele\/#website","url":"https:\/\/www.trumpauto.eu\/teenindusele\/","name":"Trumpauto","description":"Tarkvara Teie T\u00f6\u00f6kojale","potentialAction":[{"@type":"SearchAction","target":{"@type":"EntryPoint","urlTemplate":"https:\/\/www.trumpauto.eu\/teenindusele\/?s={search_term_string}"},"query-input":"required name=search_term_string"}],"inLanguage":"en-US"}]}},"_links":{"self":[{"href":"https:\/\/www.trumpauto.eu\/teenindusele\/wp-json\/wp\/v2\/pages\/300","targetHints":{"allow":["GET"]}}],"collection":[{"href":"https:\/\/www.trumpauto.eu\/teenindusele\/wp-json\/wp\/v2\/pages"}],"about":[{"href":"https:\/\/www.trumpauto.eu\/teenindusele\/wp-json\/wp\/v2\/types\/page"}],"author":[{"embeddable":true,"href":"https:\/\/www.trumpauto.eu\/teenindusele\/wp-json\/wp\/v2\/users\/1"}],"replies":[{"embeddable":true,"href":"https:\/\/www.trumpauto.eu\/teenindusele\/wp-json\/wp\/v2\/comments?post=300"}],"version-history":[{"count":8,"href":"https:\/\/www.trumpauto.eu\/teenindusele\/wp-json\/wp\/v2\/pages\/300\/revisions"}],"predecessor-version":[{"id":2590,"href":"https:\/\/www.trumpauto.eu\/teenindusele\/wp-json\/wp\/v2\/pages\/300\/revisions\/2590"}],"wp:attachment":[{"href":"https:\/\/www.trumpauto.eu\/teenindusele\/wp-json\/wp\/v2\/media?parent=300"}],"curies":[{"name":"wp","href":"https:\/\/api.w.org\/{rel}","templated":true}]}}