{"id":1744,"date":"2020-09-07T17:27:59","date_gmt":"2020-09-07T15:27:59","guid":{"rendered":"https:\/\/www.trumpauto.eu\/teenindusele\/?page_id=1744"},"modified":"2026-03-05T16:21:15","modified_gmt":"2026-03-05T14:21:15","slug":"paketid","status":"publish","type":"page","link":"https:\/\/www.trumpauto.eu\/teenindusele\/trumpautost\/paketid\/","title":{"rendered":"Paketid"},"content":{"rendered":"<section id=\"bt_bb_section69f48ffc1eb80\" class=\"bt_bb_section bt_bb_layout_boxed_1200 bt_bb_vertical_align_top bt_bb_top_spacing_medium\"  data-bt-override-class=\"null\"><div class=\"bt_bb_port\"><div class=\"bt_bb_cell\"><div class=\"bt_bb_cell_inner\"><div class=\"bt_bb_row_wrapper\"><div  class=\"bt_bb_row\" ><div  class=\"bt_bb_column col-xl-8 bt_bb_vertical_align_top bt_bb_align_left bt_bb_padding_normal\"  data-width=\"8\" data-bt-override-class=\"{}\"><div class=\"bt_bb_column_content\"><div class=\"bt_bb_column_content_inner\"><div class=\"bt_bb_tabs bt_bb_color_scheme_1 bt_bb_style_outline bt_bb_shape_round\" style=\"; --tabs-primary-color:#000; --tabs-secondary-color:#fff;\"><ul class=\"bt_bb_tabs_header\"><li><span>PRO pakett<\/span><\/li><li><span>PREMIUM pakett<\/span><\/li><\/ul><div class=\"bt_bb_tabs_tabs\"><div class=\"bt_bb_tab_item\">\r\n\t\t\t<div class=\"bt_bb_tab_content\"><div class=\"bt_bb_separator_v2 bt_bb_border_style_none bt_bb_icon_size_normal bt_bb_text_size_normal bt_bb_separator_v2_without_content\" data-bt-override-class=\"null\"><div class=\"bt_bb_separator_v2_inner\"><span class=\"bt_bb_separator_v2_inner_before\"><\/span><span class=\"bt_bb_separator_v2_inner_content\"><span  data-ico-=\"\" class=\"bt_bb_icon_holder\"><\/span><\/span><span class=\"bt_bb_separator_v2_inner_after\"><\/span><\/div><\/div><header class=\"bt_bb_headline bt_bb_dash_none bt_bb_superheadline bt_bb_size_inherit bt_bb_align_inherit\" data-bt-override-class=\"{&quot;bt_bb_size_&quot;:{&quot;current_class&quot;:&quot;bt_bb_size_inherit&quot;,&quot;xl&quot;:&quot;inherit&quot;},&quot;bt_bb_align_&quot;:{&quot;current_class&quot;:&quot;bt_bb_align_inherit&quot;,&quot;xl&quot;:&quot;inherit&quot;}}\"><h1 class=\"bt_bb_headline_tag\"><span class=\"bt_bb_headline_superheadline\">... Paketi hinnas on 1 administraator, 1 meister ja 2 spetsialisti<\/span><\/h1><\/header><div  class=\"bt_bb_text\" ><table>\n<tbody>\n<tr>\n<td>\n<ul>\n<li><strong>Kalender<\/strong><\/li>\n<li><strong>Maanteeamet \/ ARK<\/strong><\/li>\n<li><strong>T\u00f6\u00f6d<\/strong><\/li>\n<li><strong>S\u00f5idukid<\/strong><\/li>\n<li><strong>Kliendid<\/strong><\/li>\n<li><strong>M\u00fc\u00fcgiarved<\/strong><\/li>\n<li><strong>\u00c4riregistri liides<\/strong><\/li>\n<li><strong>Ladu<\/strong><\/li>\n<li><strong>Retseptide koostamine (pakkumiste moodulis)<\/strong><\/li>\n<li><strong>E-arved<\/strong><\/li>\n<li><strong>Ostuarved<\/strong><\/li>\n<li><strong>Pakkumised<\/strong><\/li>\n<li><strong>Aruandlus<\/strong><\/li>\n<li><strong>Statistika<\/strong><\/li>\n<li><strong>Broneerimise liides<\/strong><\/li>\n<li><b>Merit Aktiva liides<\/b><\/li>\n<li><strong>Kliendirakendus<\/strong><\/li>\n<li><strong>Hoolduse meeldetuletus<\/strong><\/li>\n<\/ul>\n<\/td>\n<td>\n<ul>\n<li><span style=\"text-decoration: line-through;\">K\u00f5ik eelnev + &#8230;<\/span><\/li>\n<li><span style=\"text-decoration: line-through;\">Mitu kalendrit<\/span><\/li>\n<li><span style=\"text-decoration: line-through;\">Mitu ladu ja asukohta<\/span><\/li>\n<li><span style=\"text-decoration: line-through;\">Hinnakirjade importimine<\/span><\/li>\n<li><span style=\"text-decoration: line-through;\">Premium broneerimine<\/span><\/li>\n<li><span style=\"text-decoration: line-through;\">T\u00f6\u00f6ajaarvestus \/ clocking<\/span><\/li>\n<li><span style=\"text-decoration: line-through;\">SMS turundus<\/span><\/li>\n<li><span style=\"text-decoration: line-through;\">Personaalne kliendihaldur<\/span><\/li>\n<\/ul>\n<\/td>\n<\/tr>\n<\/tbody>\n<\/table>\n<\/div><div class=\"btQuoteBooking  c69f48ffc1fbf7\"  data-admin_email=\"no-reply@trumpauto.app\" data-cf7_id=\"\" data-email_client=\"yes\" data-currency=\"Euro + km\" data-currency_after=\"yes\" data-url_confirmation=\"\" data-url_ajax=\"https:\/\/www.trumpauto.eu\/teenindusele\/wp-admin\/admin-ajax.php\" data-subject=\"Trumpauto PRO Paketi tellimus\" data-date_text=\"Preferred Service Date\" data-time_text=\"Preferred Service Time\" data-message_please_wait=\"Please, wait...\" data-message_success=\"Thank you. We will contact you as soon as posible\" data-message_error=\"An error has occurred. Please, try again later.\" data-message_mandatory=\"Please, fulfil all required fields\" data-rec_secret_key=\"\"><div class=\"btQuoteBookingWrap\"><div class=\"btQuoteBookingForm btActive\"><div class=\"btQuoteItem \" id=\"btQuoteItem69f48ffc1fda2\" ><label>Mitu administraatorit lisaks?<\/label>\n\t\t<div class=\"btQuoteItemInput\"><div class=\"btQuoteSlider btQuoteElement\" data-value=\"0\"  data-initial-value=\"0\" data-min=\"0\" data-max=\"20\" data-step=\"1\" data-price=\"10\" data-offset=\"89\" data-condition=\"\"><\/div><span class=\"btQuoteSliderValue\"><\/span><\/div><\/div><div class=\"btQuoteItem \" id=\"btQuoteItem69f48ffc1fe6e\" ><label>Mitu meistrit lisaks?<\/label>\n\t\t<div class=\"btQuoteItemInput\"><div class=\"btQuoteSlider btQuoteElement\" data-value=\"0\"  data-initial-value=\"0\" data-min=\"0\" data-max=\"20\" data-step=\"1\" data-price=\"10\" data-offset=\"0\" data-condition=\"\"><\/div><span class=\"btQuoteSliderValue\"><\/span><\/div><\/div><div class=\"btQuoteItem \" id=\"btQuoteItem69f48ffc1ff1c\" ><label>Mitu spetsialisti lisaks?<\/label>\n\t\t<div class=\"btQuoteItemInput\"><div class=\"btQuoteSlider btQuoteElement\" data-value=\"0\"  data-initial-value=\"0\" data-min=\"0\" data-max=\"20\" data-step=\"1\" data-price=\"10\" data-offset=\"0\" data-condition=\"\"><\/div><span class=\"btQuoteSliderValue\"><\/span><\/div><\/div><div class=\"btQuoteItem \" id=\"btQuoteItem69f48ffc1ffb8\" ><label>Proovi 14 p\u00e4eva tasuta<\/label>\n\t\t<div class=\"btQuoteItemInput\"><div class=\"btQuoteSwitch btQuoteElement on\" data-off=\"00\" data-on=\"0\" data-condition=\"\" data-initial-value=\"0\"><div class=\"btQuoteSwitchInner\"><\/div><\/div><\/div><\/div><div class=\"btTotalNextWrapper\"><div class=\"btQuoteTotal currencyAfter\"><span class=\"btQuoteTotalText\">Kuutasu kokku<\/span><span class=\"btQuoteTotalCalc\"><\/span><span class=\"btQuoteTotalCurrency\">Euro + km<\/span><\/div><div class=\"boldBtn btnAccent btnSmall btnIco\"><button type=\"submit\" class=\"btContactNext\">Continue<\/button><\/div><\/div><\/div><div class=\"btTotalQuoteContactGroup\"><div class=\"btQuoteContact\"><div class=\"btQuoteItem btContactFieldMandatory\"><input type=\"text\" class=\"btContactName btContactField\" placeholder=\"Name and surname\"><\/div><div class=\"btQuoteItem btContactFieldMandatory\"><input type=\"text\" class=\"btContactEmail btContactField\" placeholder=\"E-mail\"><\/div><div class=\"btQuoteItem btContactFieldMandatory\"><input type=\"text\" class=\"btContactPhone btContactField\" placeholder=\"Telefone\"><\/div><div class=\"btQuoteItem btContactFieldMandatory\"><input type=\"text\" class=\"btContactAddress btContactField\" placeholder=\"Company name\"><\/div><div class=\"btQuoteItem btContactFieldMandatory btQuoteItemFullWidth\"><textarea class=\"btContactMessage btContactField\" placeholder=\"Write your message here. Tell us how did you find Trumpauto\"><\/textarea><\/div><div class=\"bt_cc_email_confirmation_container\"><input id=\"69f48ffc2005d\" class=\"bt_cc_email_confirmation\" type=\"checkbox\" value=\"yes\"><label for=\"69f48ffc2005d\">Send a copy by e-mai<\/label><\/div><div class=\"boldBtn btnAccent btnSmall btnIco\"><button type=\"submit\" class=\"btContactSubmit\">Send<\/button><\/div><div class=\"btSubmitMessage\"><\/div><\/div><\/div><\/div><\/div><\/div>\r\n\t\t<\/div><div class=\"bt_bb_tab_item\">\r\n\t\t\t<div class=\"bt_bb_tab_content\"><div class=\"bt_bb_separator_v2 bt_bb_border_style_none bt_bb_icon_size_normal bt_bb_text_size_normal bt_bb_separator_v2_without_content\" data-bt-override-class=\"null\"><div class=\"bt_bb_separator_v2_inner\"><span class=\"bt_bb_separator_v2_inner_before\"><\/span><span class=\"bt_bb_separator_v2_inner_content\"><span  data-ico-=\"\" class=\"bt_bb_icon_holder\"><\/span><\/span><span class=\"bt_bb_separator_v2_inner_after\"><\/span><\/div><\/div><header class=\"bt_bb_headline bt_bb_dash_none bt_bb_superheadline bt_bb_size_inherit bt_bb_align_inherit\" data-bt-override-class=\"{&quot;bt_bb_size_&quot;:{&quot;current_class&quot;:&quot;bt_bb_size_inherit&quot;,&quot;xl&quot;:&quot;inherit&quot;},&quot;bt_bb_align_&quot;:{&quot;current_class&quot;:&quot;bt_bb_align_inherit&quot;,&quot;xl&quot;:&quot;inherit&quot;}}\"><h1 class=\"bt_bb_headline_tag\"><span class=\"bt_bb_headline_superheadline\">... Paketi hinnas on 1 administraator, 1 meister ja 2 spetsialisti<\/span><\/h1><\/header><div  class=\"bt_bb_text\" ><table>\n<tbody>\n<tr>\n<td>\n<ul>\n<li><strong>Kalender<\/strong><\/li>\n<li><strong>Maanteeamet \/ ARK<\/strong><\/li>\n<li><strong>T\u00f6\u00f6d<\/strong><\/li>\n<li><strong>S\u00f5idukid<\/strong><\/li>\n<li><strong>Kliendid<\/strong><\/li>\n<li><strong>M\u00fc\u00fcgiarved<\/strong><\/li>\n<li><strong>\u00c4riregistri liides<\/strong><\/li>\n<li><strong>Ladu<\/strong><\/li>\n<li><strong>E-arved<\/strong><\/li>\n<li><strong>Ostuarved<\/strong><\/li>\n<li><strong>Pakkumised<\/strong><\/li>\n<li><strong>Retseptide koostamine (pakkumiste moodulis)<\/strong><\/li>\n<li><strong>Aruandlus<\/strong><\/li>\n<li><strong>Statistika<\/strong><\/li>\n<li><b>Broneerimise liides<\/b><\/li>\n<li><strong>Merit Aktiva liides<\/strong><\/li>\n<li><strong>Kliendirakendus<\/strong><\/li>\n<li><strong>Hoolduse meeldetuletus<\/strong><\/li>\n<\/ul>\n<\/td>\n<td>\n<ul>\n<li><strong>K\u00f5ik eelnev + &#8230;<\/strong><\/li>\n<li><strong>Mitu kalendrit<\/strong><\/li>\n<li><strong>Mitu ladu ja asukohta<\/strong><\/li>\n<li><strong>Hinnakirjade importimine<\/strong><\/li>\n<li><strong>Premium broneerimine<\/strong><\/li>\n<li><strong>T\u00f6\u00f6ajaarvestus \/ clocking<\/strong><\/li>\n<li><strong>SMS turundus<\/strong><\/li>\n<li><strong>Personaalne kliendihaldur<\/strong><\/li>\n<li><strong>Retseptide koostamine (t\u00f6\u00f6de moodulis)<\/strong><\/li>\n<\/ul>\n<\/td>\n<\/tr>\n<\/tbody>\n<\/table>\n<\/div><div class=\"btQuoteBooking  c69f48ffc204d2\"  data-admin_email=\"info@trumpauto.eu\" data-cf7_id=\"\" data-email_client=\"yes\" data-currency=\"Euro + km\" data-currency_after=\"yes\" data-url_confirmation=\"\" data-url_ajax=\"https:\/\/www.trumpauto.eu\/teenindusele\/wp-admin\/admin-ajax.php\" data-subject=\"Trumpauto Premium Paketi tellimus\" data-date_text=\"Preferred Service Date\" data-time_text=\"Preferred Service Time\" data-message_please_wait=\"Please, wait...\" data-message_success=\"Thank you. We will contact you as soon as posible\" data-message_error=\"An error has occurred. Please, try again later.\" data-message_mandatory=\"Please, fulfil all required fields\" data-rec_secret_key=\"\"><div class=\"btQuoteBookingWrap\"><div class=\"btQuoteBookingForm btActive\"><div class=\"btQuoteItem \" id=\"btQuoteItem69f48ffc20595\" ><label>Mitu administraatorit lisaks?<\/label>\n\t\t<div class=\"btQuoteItemInput\"><div class=\"btQuoteSlider btQuoteElement\" data-value=\"0\"  data-initial-value=\"0\" data-min=\"0\" data-max=\"20\" data-step=\"1\" data-price=\"10\" data-offset=\"129\" data-condition=\"\"><\/div><span class=\"btQuoteSliderValue\"><\/span><\/div><\/div><div class=\"btQuoteItem \" id=\"btQuoteItem69f48ffc2064c\" ><label>Mitu meistrit lisaks?<\/label>\n\t\t<div class=\"btQuoteItemInput\"><div class=\"btQuoteSlider btQuoteElement\" data-value=\"0\"  data-initial-value=\"0\" data-min=\"0\" data-max=\"20\" data-step=\"1\" data-price=\"10\" data-offset=\"0\" data-condition=\"\"><\/div><span class=\"btQuoteSliderValue\"><\/span><\/div><\/div><div class=\"btQuoteItem \" id=\"btQuoteItem69f48ffc206e6\" ><label>Mitu spetsialisti lisaks?<\/label>\n\t\t<div class=\"btQuoteItemInput\"><div class=\"btQuoteSlider btQuoteElement\" data-value=\"0\"  data-initial-value=\"0\" data-min=\"0\" data-max=\"20\" data-step=\"1\" data-price=\"10\" data-offset=\"0\" data-condition=\"\"><\/div><span class=\"btQuoteSliderValue\"><\/span><\/div><\/div><div class=\"btQuoteItem \" id=\"btQuoteItem69f48ffc20777\" ><label>Proovi 14 p\u00e4eva tasuta<\/label>\n\t\t<div class=\"btQuoteItemInput\"><div class=\"btQuoteSwitch btQuoteElement on\" data-off=\"00\" data-on=\"0\" data-condition=\"\" data-initial-value=\"0\"><div class=\"btQuoteSwitchInner\"><\/div><\/div><\/div><\/div><div class=\"btTotalNextWrapper\"><div class=\"btQuoteTotal currencyAfter\"><span class=\"btQuoteTotalText\">Kuutasu kokku<\/span><span class=\"btQuoteTotalCalc\"><\/span><span class=\"btQuoteTotalCurrency\">Euro + km<\/span><\/div><div class=\"boldBtn btnAccent btnSmall btnIco\"><button type=\"submit\" class=\"btContactNext\">Continue<\/button><\/div><\/div><\/div><div class=\"btTotalQuoteContactGroup\"><div class=\"btQuoteContact\"><div class=\"btQuoteItem btContactFieldMandatory\"><input type=\"text\" class=\"btContactName btContactField\" placeholder=\"Name and surname\"><\/div><div class=\"btQuoteItem btContactFieldMandatory\"><input type=\"text\" class=\"btContactEmail btContactField\" placeholder=\"E-mail\"><\/div><div class=\"btQuoteItem btContactFieldMandatory\"><input type=\"text\" class=\"btContactPhone btContactField\" placeholder=\"Telefone\"><\/div><div class=\"btQuoteItem btContactFieldMandatory\"><input type=\"text\" class=\"btContactAddress btContactField\" placeholder=\"Company name\"><\/div><div class=\"btQuoteItem btContactFieldMandatory btQuoteItemFullWidth\"><textarea class=\"btContactMessage btContactField\" placeholder=\"Write your message here. Tell us how did you find Trumpauto\"><\/textarea><\/div><div class=\"bt_cc_email_confirmation_container\"><input id=\"69f48ffc20810\" class=\"bt_cc_email_confirmation\" type=\"checkbox\" value=\"yes\"><label for=\"69f48ffc20810\">Send a copy by e-mai<\/label><\/div><div class=\"boldBtn btnAccent btnSmall btnIco\"><button type=\"submit\" class=\"btContactSubmit\">Send<\/button><\/div><div class=\"btSubmitMessage\"><\/div><\/div><\/div><\/div><\/div><\/div>\r\n\t\t<\/div><\/div><\/div><\/div><\/div><\/div><div  class=\"bt_bb_column col-xl-4 bt_bb_vertical_align_top bt_bb_align_left bt_bb_padding_normal\"  data-width=\"4\" data-bt-override-class=\"{}\"><div class=\"bt_bb_column_content\"><div class=\"bt_bb_column_content_inner\"><header class=\"bt_bb_headline bt_bb_dash_none bt_bb_superheadline bt_bb_subheadline bt_bb_size_inherit bt_bb_align_inherit\" data-bt-override-class=\"{}\"><h1 class=\"bt_bb_headline_tag\"><span class=\"bt_bb_headline_superheadline\">Kes on administraator?<\/span><\/h1><div class=\"bt_bb_headline_subheadline\">Administraator on kasutaja, kes n\u00e4eb k\u00f5iki tellitud mooduleid, saab hallata ettev\u00f5tte seadistusi, lisada juurde kasutajaid, muuta ja kustutada.<\/div><\/header><div class=\"bt_bb_separator_v2 bt_bb_border_style_dotted bt_bb_top_spacing_small bt_bb_bottom_spacing_small bt_bb_icon_size_normal bt_bb_text_size_normal bt_bb_separator_v2_without_content\" data-bt-override-class=\"null\"><div class=\"bt_bb_separator_v2_inner\"><span class=\"bt_bb_separator_v2_inner_before\"><\/span><span class=\"bt_bb_separator_v2_inner_content\"><span  data-ico-=\"\" class=\"bt_bb_icon_holder\"><\/span><\/span><span class=\"bt_bb_separator_v2_inner_after\"><\/span><\/div><\/div><header class=\"bt_bb_headline bt_bb_dash_none bt_bb_superheadline bt_bb_subheadline bt_bb_size_inherit bt_bb_align_inherit\" data-bt-override-class=\"{}\"><h1 class=\"bt_bb_headline_tag\"><span class=\"bt_bb_headline_superheadline\">Kes on spetsialist?<\/span><\/h1><div class=\"bt_bb_headline_subheadline\">Spetsialist on kasutaja, kellele saab m\u00e4\u00e4rata \u00f5iguseid ja ligip\u00e4\u00e4se v\u00e4ga t\u00e4pselt. N\u00e4iteks mehaanik, kes n\u00e4eb peale s\u00fcsteemi sisenemist ainult temale m\u00e4\u00e4ratud t\u00f6id v\u00f5i raamatupidaja, kes n\u00e4eb arveid, ladu ja palgaarvestust.<\/div><\/header><div class=\"bt_bb_separator_v2 bt_bb_border_style_dotted bt_bb_top_spacing_small bt_bb_bottom_spacing_small bt_bb_icon_size_normal bt_bb_text_size_normal bt_bb_separator_v2_without_content\" data-bt-override-class=\"null\"><div class=\"bt_bb_separator_v2_inner\"><span class=\"bt_bb_separator_v2_inner_before\"><\/span><span class=\"bt_bb_separator_v2_inner_content\"><span  data-ico-=\"\" class=\"bt_bb_icon_holder\"><\/span><\/span><span class=\"bt_bb_separator_v2_inner_after\"><\/span><\/div><\/div><header class=\"bt_bb_headline bt_bb_dash_none bt_bb_superheadline bt_bb_subheadline bt_bb_size_inherit bt_bb_align_inherit\" data-bt-override-class=\"{}\"><h1 class=\"bt_bb_headline_tag\"><span class=\"bt_bb_headline_superheadline\">Ressursid on tasuta!<\/span><\/h1><div class=\"bt_bb_headline_subheadline\">Ressurssi saab lisada kalendrisse planeerimise eesm\u00e4rgil - see ei ole kasutajakonto ning ei kajastu statistikas ega aruandluses. Ressursside eest eraldi tasu ei v\u00f5eta.<\/div><\/header><div class=\"bt_bb_separator_v2 bt_bb_border_style_dotted bt_bb_top_spacing_small bt_bb_bottom_spacing_small bt_bb_icon_size_normal bt_bb_text_size_normal bt_bb_separator_v2_without_content\" data-bt-override-class=\"null\"><div class=\"bt_bb_separator_v2_inner\"><span class=\"bt_bb_separator_v2_inner_before\"><\/span><span class=\"bt_bb_separator_v2_inner_content\"><span  data-ico-=\"\" class=\"bt_bb_icon_holder\"><\/span><\/span><span class=\"bt_bb_separator_v2_inner_after\"><\/span><\/div><\/div><header class=\"bt_bb_headline bt_bb_dash_none bt_bb_superheadline bt_bb_subheadline bt_bb_size_inherit bt_bb_align_inherit\" data-bt-override-class=\"{}\"><h1 class=\"bt_bb_headline_tag\"><span class=\"bt_bb_headline_superheadline\">Kes on personaalne haldur?<\/span><\/h1><div class=\"bt_bb_headline_subheadline\">Personaalne haldur on kontaktisik Trumpautos, kes on end kurssi viinud Teie ettev\u00f5ttega, tunneb teid nimeliselt, vastab Teie k\u00f5nedele, e-mailidele v\u00f5i tuleb vajadusel k\u00fclla \ud83d\ude42<\/div><\/header><div class=\"bt_bb_separator_v2 bt_bb_border_style_dotted bt_bb_top_spacing_small bt_bb_bottom_spacing_small bt_bb_icon_size_normal bt_bb_text_size_normal bt_bb_separator_v2_without_content\" data-bt-override-class=\"null\"><div class=\"bt_bb_separator_v2_inner\"><span class=\"bt_bb_separator_v2_inner_before\"><\/span><span class=\"bt_bb_separator_v2_inner_content\"><span  data-ico-=\"\" class=\"bt_bb_icon_holder\"><\/span><\/span><span class=\"bt_bb_separator_v2_inner_after\"><\/span><\/div><\/div><header class=\"bt_bb_headline bt_bb_dash_none bt_bb_superheadline bt_bb_subheadline bt_bb_size_inherit bt_bb_align_inherit\" data-bt-override-class=\"{}\"><h1 class=\"bt_bb_headline_tag\"><span class=\"bt_bb_headline_superheadline\">Mis on SMS turundus?<\/span><\/h1><div class=\"bt_bb_headline_subheadline\">See on moodul, mille abil saate saata SMS k\u00f5ikidele enda t\u00f6\u00f6koja klientidele korraga, v\u00f5i siis valitud klientidele, n\u00e4iteks neile, kes ei ole viimase aasta jooksul autohoolduses k\u00e4inud.<\/div><\/header><div class=\"bt_bb_separator_v2 bt_bb_border_style_dotted bt_bb_top_spacing_small bt_bb_bottom_spacing_small bt_bb_icon_size_normal bt_bb_text_size_normal bt_bb_separator_v2_without_content\" data-bt-override-class=\"null\"><div class=\"bt_bb_separator_v2_inner\"><span class=\"bt_bb_separator_v2_inner_before\"><\/span><span class=\"bt_bb_separator_v2_inner_content\"><span  data-ico-=\"\" class=\"bt_bb_icon_holder\"><\/span><\/span><span class=\"bt_bb_separator_v2_inner_after\"><\/span><\/div><\/div><header class=\"bt_bb_headline bt_bb_dash_none bt_bb_superheadline bt_bb_subheadline bt_bb_size_inherit bt_bb_align_inherit\" data-bt-override-class=\"{}\"><h1 class=\"bt_bb_headline_tag\"><span class=\"bt_bb_headline_superheadline\">Mis on kliendirakendus?<\/span><\/h1><div class=\"bt_bb_headline_subheadline\">Kliendirakenduse kaudu saab t\u00f6\u00f6koda auto omanikku hoida kursis tema s\u00f5iduki t\u00f6\u00f6 staatusega, saata t\u00f6\u00f6le eelneval p\u00e4eval kliendile meeldetuletuse ning k\u00fcsida lisak\u00fcsimusi v\u00f5i pakkuda t\u00e4iendavaid teenuseid. Kliendirakendus t\u00f6\u00f6tab SMS kaudu saadetava lingiga.<\/div><\/header><div class=\"bt_bb_separator_v2 bt_bb_border_style_dotted bt_bb_top_spacing_small bt_bb_bottom_spacing_small bt_bb_icon_size_normal bt_bb_text_size_normal bt_bb_separator_v2_without_content\" data-bt-override-class=\"null\"><div class=\"bt_bb_separator_v2_inner\"><span class=\"bt_bb_separator_v2_inner_before\"><\/span><span class=\"bt_bb_separator_v2_inner_content\"><span  data-ico-=\"\" class=\"bt_bb_icon_holder\"><\/span><\/span><span class=\"bt_bb_separator_v2_inner_after\"><\/span><\/div><\/div><\/div><\/div><\/div><\/div><\/div><\/div><!-- cell_inner --><\/div><!-- cell --><\/div><!-- port --><\/section>","protected":false},"excerpt":{"rendered":"PRO pakettPREMIUM pakett ... Paketi hinnas on 1 administraator, 1 meister ja 2 spetsialisti Kalender Maanteeamet \/ ARK T\u00f6\u00f6d S\u00f5idukid Kliendid M\u00fc\u00fcgiarved \u00c4riregistri liides Ladu Retseptide koostamine (pakkumiste moodulis) E-arved Ostuarved Pakkumised Aruandlus Statistika Broneerimise liides Merit Aktiva liides Kliendirakendus Hoolduse meeldetuletus K\u00f5ik eelnev + &#8230; Mitu kalendrit Mitu ladu ja asukohta Hinnakirjade importimine Premium [...]","protected":false},"author":1,"featured_media":0,"parent":160,"menu_order":0,"comment_status":"closed","ping_status":"closed","template":"page-templates\/template-fullwidth.php","meta":{"footnotes":""},"class_list":["post-1744","page","type-page","status-publish","hentry"],"yoast_head":"<!-- This site is optimized with the Yoast SEO plugin v20.5 - https:\/\/yoast.com\/wordpress\/plugins\/seo\/ -->\n<title>Paketid - Trumpauto<\/title>\n<meta name=\"robots\" content=\"index, follow, max-snippet:-1, max-image-preview:large, max-video-preview:-1\" \/>\n<link rel=\"canonical\" href=\"https:\/\/www.trumpauto.eu\/teenindusele\/trumpautost\/paketid\/\" \/>\n<meta property=\"og:locale\" content=\"en_US\" \/>\n<meta property=\"og:type\" content=\"article\" \/>\n<meta property=\"og:title\" content=\"Paketid - Trumpauto\" \/>\n<meta property=\"og:url\" content=\"https:\/\/www.trumpauto.eu\/teenindusele\/trumpautost\/paketid\/\" \/>\n<meta property=\"og:site_name\" content=\"Trumpauto\" \/>\n<meta property=\"article:modified_time\" content=\"2026-03-05T14:21:15+00:00\" \/>\n<meta name=\"twitter:card\" content=\"summary_large_image\" \/>\n<meta name=\"twitter:label1\" content=\"Est. reading time\" \/>\n\t<meta name=\"twitter:data1\" content=\"8 minutes\" \/>\n<script type=\"application\/ld+json\" class=\"yoast-schema-graph\">{\"@context\":\"https:\/\/schema.org\",\"@graph\":[{\"@type\":\"WebPage\",\"@id\":\"https:\/\/www.trumpauto.eu\/teenindusele\/trumpautost\/paketid\/\",\"url\":\"https:\/\/www.trumpauto.eu\/teenindusele\/trumpautost\/paketid\/\",\"name\":\"Paketid - Trumpauto\",\"isPartOf\":{\"@id\":\"https:\/\/www.trumpauto.eu\/teenindusele\/#website\"},\"datePublished\":\"2020-09-07T15:27:59+00:00\",\"dateModified\":\"2026-03-05T14:21:15+00:00\",\"breadcrumb\":{\"@id\":\"https:\/\/www.trumpauto.eu\/teenindusele\/trumpautost\/paketid\/#breadcrumb\"},\"inLanguage\":\"en-US\",\"potentialAction\":[{\"@type\":\"ReadAction\",\"target\":[\"https:\/\/www.trumpauto.eu\/teenindusele\/trumpautost\/paketid\/\"]}]},{\"@type\":\"BreadcrumbList\",\"@id\":\"https:\/\/www.trumpauto.eu\/teenindusele\/trumpautost\/paketid\/#breadcrumb\",\"itemListElement\":[{\"@type\":\"ListItem\",\"position\":1,\"name\":\"Home\",\"item\":\"https:\/\/www.trumpauto.eu\/teenindusele\/\"},{\"@type\":\"ListItem\",\"position\":2,\"name\":\"Trumpautost\",\"item\":\"https:\/\/www.trumpauto.eu\/teenindusele\/trumpautost\/\"},{\"@type\":\"ListItem\",\"position\":3,\"name\":\"Paketid\"}]},{\"@type\":\"WebSite\",\"@id\":\"https:\/\/www.trumpauto.eu\/teenindusele\/#website\",\"url\":\"https:\/\/www.trumpauto.eu\/teenindusele\/\",\"name\":\"Trumpauto\",\"description\":\"Tarkvara Teie T\u00f6\u00f6kojale\",\"potentialAction\":[{\"@type\":\"SearchAction\",\"target\":{\"@type\":\"EntryPoint\",\"urlTemplate\":\"https:\/\/www.trumpauto.eu\/teenindusele\/?s={search_term_string}\"},\"query-input\":\"required name=search_term_string\"}],\"inLanguage\":\"en-US\"}]}<\/script>\n<!-- \/ Yoast SEO plugin. -->","yoast_head_json":{"title":"Paketid - Trumpauto","robots":{"index":"index","follow":"follow","max-snippet":"max-snippet:-1","max-image-preview":"max-image-preview:large","max-video-preview":"max-video-preview:-1"},"canonical":"https:\/\/www.trumpauto.eu\/teenindusele\/trumpautost\/paketid\/","og_locale":"en_US","og_type":"article","og_title":"Paketid - Trumpauto","og_url":"https:\/\/www.trumpauto.eu\/teenindusele\/trumpautost\/paketid\/","og_site_name":"Trumpauto","article_modified_time":"2026-03-05T14:21:15+00:00","twitter_card":"summary_large_image","twitter_misc":{"Est. reading time":"8 minutes"},"schema":{"@context":"https:\/\/schema.org","@graph":[{"@type":"WebPage","@id":"https:\/\/www.trumpauto.eu\/teenindusele\/trumpautost\/paketid\/","url":"https:\/\/www.trumpauto.eu\/teenindusele\/trumpautost\/paketid\/","name":"Paketid - Trumpauto","isPartOf":{"@id":"https:\/\/www.trumpauto.eu\/teenindusele\/#website"},"datePublished":"2020-09-07T15:27:59+00:00","dateModified":"2026-03-05T14:21:15+00:00","breadcrumb":{"@id":"https:\/\/www.trumpauto.eu\/teenindusele\/trumpautost\/paketid\/#breadcrumb"},"inLanguage":"en-US","potentialAction":[{"@type":"ReadAction","target":["https:\/\/www.trumpauto.eu\/teenindusele\/trumpautost\/paketid\/"]}]},{"@type":"BreadcrumbList","@id":"https:\/\/www.trumpauto.eu\/teenindusele\/trumpautost\/paketid\/#breadcrumb","itemListElement":[{"@type":"ListItem","position":1,"name":"Home","item":"https:\/\/www.trumpauto.eu\/teenindusele\/"},{"@type":"ListItem","position":2,"name":"Trumpautost","item":"https:\/\/www.trumpauto.eu\/teenindusele\/trumpautost\/"},{"@type":"ListItem","position":3,"name":"Paketid"}]},{"@type":"WebSite","@id":"https:\/\/www.trumpauto.eu\/teenindusele\/#website","url":"https:\/\/www.trumpauto.eu\/teenindusele\/","name":"Trumpauto","description":"Tarkvara Teie T\u00f6\u00f6kojale","potentialAction":[{"@type":"SearchAction","target":{"@type":"EntryPoint","urlTemplate":"https:\/\/www.trumpauto.eu\/teenindusele\/?s={search_term_string}"},"query-input":"required name=search_term_string"}],"inLanguage":"en-US"}]}},"_links":{"self":[{"href":"https:\/\/www.trumpauto.eu\/teenindusele\/wp-json\/wp\/v2\/pages\/1744","targetHints":{"allow":["GET"]}}],"collection":[{"href":"https:\/\/www.trumpauto.eu\/teenindusele\/wp-json\/wp\/v2\/pages"}],"about":[{"href":"https:\/\/www.trumpauto.eu\/teenindusele\/wp-json\/wp\/v2\/types\/page"}],"author":[{"embeddable":true,"href":"https:\/\/www.trumpauto.eu\/teenindusele\/wp-json\/wp\/v2\/users\/1"}],"replies":[{"embeddable":true,"href":"https:\/\/www.trumpauto.eu\/teenindusele\/wp-json\/wp\/v2\/comments?post=1744"}],"version-history":[{"count":179,"href":"https:\/\/www.trumpauto.eu\/teenindusele\/wp-json\/wp\/v2\/pages\/1744\/revisions"}],"predecessor-version":[{"id":3145,"href":"https:\/\/www.trumpauto.eu\/teenindusele\/wp-json\/wp\/v2\/pages\/1744\/revisions\/3145"}],"up":[{"embeddable":true,"href":"https:\/\/www.trumpauto.eu\/teenindusele\/wp-json\/wp\/v2\/pages\/160"}],"wp:attachment":[{"href":"https:\/\/www.trumpauto.eu\/teenindusele\/wp-json\/wp\/v2\/media?parent=1744"}],"curies":[{"name":"wp","href":"https:\/\/api.w.org\/{rel}","templated":true}]}}