{"id":160,"date":"2018-08-01T09:20:05","date_gmt":"2018-08-01T09:20:05","guid":{"rendered":"http:\/\/localhost\/autoser\/?page_id=160"},"modified":"2023-10-19T11:00:22","modified_gmt":"2023-10-19T09:00:22","slug":"trumpautost","status":"publish","type":"page","link":"https:\/\/www.trumpauto.eu\/teenindusele\/trumpautost\/","title":{"rendered":"Trumpautost"},"content":{"rendered":"<p>[vc_row css=&#8221;.vc_custom_1697199271367{padding-top: 20px !important;padding-bottom: 90px !important;}&#8221;][vc_column width=&#8221;1\/2&#8243; offset=&#8221;vc_col-lg-12 vc_col-md-12 vc_col-xs-12&#8243;][vc_column_text]<\/p>\n<h1>Miks Trumpauto?<\/h1>\n<p>[\/vc_column_text][vc_separator align=&#8221;align_left&#8221; border_width=&#8221;2&#8243; el_width=&#8221;20&#8243; css=&#8221;.vc_custom_1697199334244{margin-top: 5px !important;margin-bottom: 40px !important;}&#8221;][vc_column_text]Trumpauto tarkvara on loodud selleks, et t\u00f6\u00f6koja juhi, omaniku ja mehaaniku aega kokku hoida ning selleks, et kliendi ja t\u00f6\u00f6koja suhtlus oleks positiivne kogemus, mitte stressiallikas. Trumpauto kasutamiseks ei ole vaja eraldi serverit, mis on m\u00e4rkimisv\u00e4\u00e4rne kokkuhoid!<\/p>\n<p style=\"text-align: left;\"><a class=\"simple-link font-heading\" href=\"https:\/\/www.trumpauto.eu\/teenindusele\/miks\/\">Loe edasi\u2026<\/a><\/p>\n<p>[\/vc_column_text][vc_separator color=&#8221;white&#8221; border_width=&#8221;10&#8243;][vc_single_image image=&#8221;2916&#8243; img_size=&#8221;full&#8221; css=&#8221;.vc_custom_1697199522393{margin-top: 20px !important;margin-bottom: 50px !important;}&#8221;][vc_separator color=&#8221;white&#8221; border_width=&#8221;10&#8243;]\n        <div class=\"wprt-icon-box clearfix has-width style-3 icon-left w70 align-left rounded-100 accent-bg \">\n        <div class=\"icon-wrap\">\n                        <i class=\"fas fa-project-diagram\"><\/i>\n                    <\/div>\n        <h3 class=\"heading\">K\u00d5IK \u00dcHES KOHAS<\/h3>\n\n        <div class=\"desc\"><p>Trumpauto tarkvara teeb t\u00f6\u00f6koja opereerimise lihtsamaks ja hoiab kokku mehaanikute, j\u00e4relteeninduse, m\u00fc\u00fcgiosakonna ning juhtkonna aega.<\/p>\n<\/div>\n\n        <div class=\"elm-btn\">\n            <a class=\"simple-link font-heading\" href=\"https:\/\/www.trumpauto.eu\/teenindusele\/trumpautost\/koik-uhes-kohas\/\" target=\"_self\">Loe edasi<\/a>        <\/div>\n    <\/div>\n    \n[vc_separator color=&#8221;white&#8221; border_width=&#8221;10&#8243; css=&#8221;.vc_custom_1697199034911{padding-top: 10px !important;padding-bottom: 10px !important;}&#8221;]\n        <div class=\"wprt-icon-box clearfix has-width style-3 icon-left w70 align-left rounded-100 accent-bg \">\n        <div class=\"icon-wrap\">\n                        <i class=\"fas fa-clipboard-list\"><\/i>\n                    <\/div>\n        <h3 class=\"heading\">KLIENDI- JA T\u00d6\u00d6DE AJALUGU<\/h3>\n\n        <div class=\"desc\"><p>S\u00e4ilita ajalugu turvaliselt kogu t\u00f6\u00f6koja t\u00f6\u00f6st, kliendile tehtud t\u00f6\u00f6dest, m\u00fc\u00fcgiarvetest, ostuarvetest, laost jms.<\/p>\n<\/div>\n\n        <div class=\"elm-btn\">\n            <a class=\"simple-link font-heading\" href=\"https:\/\/www.trumpauto.eu\/teenindusele\/trumpautost\/taielik-ajalugu\/\" target=\"_self\">Loe edasi<\/a>        <\/div>\n    <\/div>\n    \n[vc_separator color=&#8221;white&#8221; border_width=&#8221;10&#8243; css=&#8221;.vc_custom_1697199046420{padding-top: 10px !important;padding-bottom: 10px !important;}&#8221;]\n        <div class=\"wprt-icon-box clearfix has-width style-3 icon-left w70 align-left rounded-100 accent-bg \">\n        <div class=\"icon-wrap\">\n                        <i class=\"fas fa-calendar-check\"><\/i>\n                    <\/div>\n        <h3 class=\"heading\">ONLINE BRONEERIMINE<\/h3>\n\n        <div class=\"desc\"><p>Teie klient saab Teie t\u00f6\u00f6koja veebilehelt v\u00f5i Trumpauto portaalis broneerida ette antud ajavahemikus soovitud teenuse aja.<\/p>\n<\/div>\n\n        <div class=\"elm-btn\">\n            <a class=\"simple-link font-heading\" href=\"https:\/\/www.trumpauto.eu\/teenindusele\/broneerimine\/\" target=\"_self\">Vaata demo<\/a>        <\/div>\n    <\/div>\n    \n[vc_separator color=&#8221;white&#8221; border_width=&#8221;10&#8243; css=&#8221;.vc_custom_1697199057322{padding-top: 10px !important;padding-bottom: 10px !important;}&#8221;]\n        <div class=\"wprt-icon-box clearfix has-width style-3 icon-left w70 align-left rounded-100 accent-bg \">\n        <div class=\"icon-wrap\">\n                        <i class=\"far fa-clock\"><\/i>\n                    <\/div>\n        <h3 class=\"heading\">T\u00d6\u00d6AJAARVESTUS<\/h3>\n\n        <div class=\"desc\"><p>Kas Teie n\u00e4ete oma t\u00f6\u00f6kojas, mis kell t\u00f6\u00f6tajad t\u00f6\u00f6le tulid? Kui effektiivsed olid eelmine kuu k\u00f5ik lukksepad? V\u00f5i kui tootlik oli meister?<\/p>\n<\/div>\n\n        <div class=\"elm-btn\">\n                    <\/div>\n    <\/div>\n    \n[vc_separator color=&#8221;white&#8221; border_width=&#8221;10&#8243; css=&#8221;.vc_custom_1697199201875{padding-top: 30px !important;padding-bottom: 30px !important;}&#8221;]\n        <div class=\"wprt-icon-box clearfix has-width style-3 icon-left w70 align-left rounded-100 accent-bg \">\n        <div class=\"icon-wrap\">\n                        <i class=\"fas fa-tag\"><\/i>\n                    <\/div>\n        <h3 class=\"heading\">PAKKUMISED<\/h3>\n\n        <div class=\"desc\"><p>Koosta pakkumisi, loo pakkumiste p\u00f5hjad, kopeeri, saada klientidele n\u00f5ustumiseks. Konverteeri kliendi poolt aksepteeritud pakkumised otse t\u00f6\u00f6ks ja arveks.<\/p>\n<\/div>\n\n        <div class=\"elm-btn\">\n                    <\/div>\n    <\/div>\n    \n[vc_separator color=&#8221;white&#8221; border_width=&#8221;10&#8243; css=&#8221;.vc_custom_1697199211263{padding-top: 30px !important;padding-bottom: 30px !important;}&#8221;]\n        <div class=\"wprt-icon-box clearfix has-width style-3 icon-left w70 align-left rounded-100 accent-bg \">\n        <div class=\"icon-wrap\">\n                        <i class=\"far fa-folder-open\"><\/i>\n                    <\/div>\n        <h3 class=\"heading\">MERIT AKTIVA LIIDESTUS<\/h3>\n\n        <div class=\"desc\"><p>Oleme tihedalt liidestatud Merit Aktiva raamatupidamisprogrammiga. Saada Trumpautos koostatud arved automaatselt Merit Aktivasse. Unustame selle k\u00e4sit\u00f6\u00f6 \u00e4ra.<\/p>\n<\/div>\n\n        <div class=\"elm-btn\">\n                    <\/div>\n    <\/div>\n    \n[vc_separator align=&#8221;align_left&#8221; border_width=&#8221;2&#8243; css=&#8221;.vc_custom_1697199419936{margin-top: 80px !important;margin-bottom: 0px !important;}&#8221;][\/vc_column][\/vc_row][vc_row css=&#8221;.vc_custom_1697198715003{padding-top: 60px !important;padding-bottom: 90px !important;}&#8221;][vc_column offset=&#8221;vc_col-md-4&#8243;]\n        <div class=\"wprt-icon-box clearfix has-width style-3 icon-left w70 align-left rounded-100 accent-bg \">\n        <div class=\"icon-wrap\">\n                        <i class=\"as-icon-car-parts-17\"><\/i>\n                    <\/div>\n        <h3 class=\"heading\">PILVES<\/h3>\n\n        <div class=\"desc\"><p>See t\u00e4hendab, et Trumpauto toimib igas arvutis, telefonis ja tahvlis \u00fcle interneti ja ei vaja installeerimist.<\/p>\n<\/div>\n\n        <div class=\"elm-btn\">\n                    <\/div>\n    <\/div>\n    \n[\/vc_column][vc_column offset=&#8221;vc_col-md-4&#8243;]\n        <div class=\"wprt-icon-box clearfix has-width style-3 icon-left w70 align-left rounded-100 accent-bg \">\n        <div class=\"icon-wrap\">\n                        <i class=\"as-icon-turbo\"><\/i>\n                    <\/div>\n        <h3 class=\"heading\">ANDMETE \u00dcLETOOMINE<\/h3>\n\n        <div class=\"desc\"><p>Aitame luua Teie t\u00f6\u00f6kojale Trumpauto konto, seadistada ning soovi korral importida Teie vanast programmis andmed.<\/p>\n<\/div>\n\n        <div class=\"elm-btn\">\n                    <\/div>\n    <\/div>\n    \n[\/vc_column][vc_column offset=&#8221;vc_col-md-4&#8243;]\n        <div class=\"wprt-icon-box clearfix has-width style-3 icon-left w70 align-left rounded-100 accent-bg \">\n        <div class=\"icon-wrap\">\n                        <i class=\"as-icon-car-parts-2\"><\/i>\n                    <\/div>\n        <h3 class=\"heading\">UUENDUSED<\/h3>\n\n        <div class=\"desc\"><p>See t\u00e4hendab, et s\u00fcsteemi uuendame meie ja Teie\u00a0midagi tegema ei pea &#8211; nagu Facebook, m\u00f5nikord tuleb uus n\u00e4gu v\u00f5i lisa juurde ja selle eest Teilt lisatasu ei k\u00fcsita.<\/p>\n<\/div>\n\n        <div class=\"elm-btn\">\n                    <\/div>\n    <\/div>\n    \n[\/vc_column][\/vc_row][vc_row disable_element=&#8221;yes&#8221; css=&#8221;.vc_custom_1589447613492{background-color: #f7f7f7 !important;}&#8221;][vc_column offset=&#8221;vc_col-lg-7&#8243;][vc_column_text]<\/p>\n<div class=\"wprt-spacer clearfix\" data-desktop=\"104\" data-mobi=\"60\" data-smobi=\"60\"><\/div>\n<p>[\/vc_column_text]\n    <div class=\"wprt-headings style-1 clearfix text-left \">\n        <h2 class=\"heading \" >TRUST OUR GARAGE<\/h2>\n                    <div class=\"sep clearfix\"><\/div>\n        \n            <\/div>\n        \n[vc_tta_tabs active_section=&#8221;1&#8243; css=&#8221;.vc_custom_1533119723666{margin-top: 40px !important;}&#8221;][vc_tta_section title=&#8221;TRANSPARENCY&#8221; tab_id=&#8221;1533118030126-cf7b98cd-6cc0&#8243;][vc_column_text]<\/p>\n<h5>Trust Our Garage<\/h5>\n<p>At our AutoService garage, we fully appreciate how difficult it is for people to find reliable and trustworthy garages where they can service and repair their cars. We are always keen to prove to our customers that we are different!<\/p>\n<ul class=\"wprt-list style-1\">\n<li><i class=\"fa fa-check\"><\/i> We handle all makes and models and specialise in more than 40 car brands<\/li>\n<li><i class=\"fa fa-check\"><\/i> We are endorsed by the local trading standards office<\/li>\n<li><i class=\"fa fa-check\"><\/i> All our mechanics and technicians are equipped with the latest portable technology<\/li>\n<li><i class=\"fa fa-check\"><\/i> All our work has a minimum 12-month guarantee all services<\/li>\n<\/ul>\n<p>[\/vc_column_text][\/vc_tta_section][vc_tta_section title=&#8221;EXPERTISE&#8221; tab_id=&#8221;1533118366185-351aa9ea-c8b5&#8243;][vc_column_text]<\/p>\n<h5>Trust Our Garage<\/h5>\n<p>At our AutoService garage, we fully appreciate how difficult it is for people to find reliable and trustworthy garages where they can service and repair their cars. We are always keen to prove to our customers that we are different!<\/p>\n<ul class=\"wprt-list style-1\">\n<li><i class=\"fa fa-check\"><\/i> We handle all makes and models and specialise in more than 40 car brands<\/li>\n<li><i class=\"fa fa-check\"><\/i> We are endorsed by the local trading standards office<\/li>\n<li><i class=\"fa fa-check\"><\/i> All our mechanics and technicians are equipped with the latest portable technology<\/li>\n<li><i class=\"fa fa-check\"><\/i> All our work has a minimum 12-month guarantee all services<\/li>\n<\/ul>\n<p>[\/vc_column_text][\/vc_tta_section][vc_tta_section title=&#8221;TECHNOLOGY&#8221; tab_id=&#8221;1533182933008-b859611d-8e9c&#8221;][vc_column_text]<\/p>\n<h5>Trust Our Garage<\/h5>\n<p>At our AutoService garage, we fully appreciate how difficult it is for people to find reliable and trustworthy garages where they can service and repair their cars. We are always keen to prove to our customers that we are different!<\/p>\n<ul class=\"wprt-list style-1\">\n<li><i class=\"fa fa-check\"><\/i> We handle all makes and models and specialise in more than 40 car brands<\/li>\n<li><i class=\"fa fa-check\"><\/i> We are endorsed by the local trading standards office<\/li>\n<li><i class=\"fa fa-check\"><\/i> All our mechanics and technicians are equipped with the latest portable technology<\/li>\n<li><i class=\"fa fa-check\"><\/i> All our work has a minimum 12-month guarantee all services<\/li>\n<\/ul>\n<p>[\/vc_column_text][\/vc_tta_section][vc_tta_section title=&#8221;VALUE&#8221; tab_id=&#8221;1533118030142-ac4ecb60-eead&#8221;][vc_column_text]<\/p>\n<h5>Trust Our Garage<\/h5>\n<p>At our AutoService garage, we fully appreciate how difficult it is for people to find reliable and trustworthy garages where they can service and repair their cars. We are always keen to prove to our customers that we are different!<\/p>\n<ul class=\"wprt-list style-1\">\n<li><i class=\"fa fa-check\"><\/i> We handle all makes and models and specialise in more than 40 car brands<\/li>\n<li><i class=\"fa fa-check\"><\/i> We are endorsed by the local trading standards office<\/li>\n<li><i class=\"fa fa-check\"><\/i> All our mechanics and technicians are equipped with the latest portable technology<\/li>\n<li><i class=\"fa fa-check\"><\/i> All our work has a minimum 12-month guarantee all services<\/li>\n<\/ul>\n<p>[\/vc_column_text][\/vc_tta_section][\/vc_tta_tabs][vc_column_text]<\/p>\n<div class=\"wprt-spacer clearfix\" data-desktop=\"0\" data-mobi=\"35\" data-smobi=\"35\"><\/div>\n<p>[\/vc_column_text][\/vc_column][vc_column offset=&#8221;vc_col-lg-5&#8243;][vc_single_image image=&#8221;175&#8243; img_size=&#8221;full&#8221; css=&#8221;.vc_custom_1533183191354{padding-top: 30px !important;}&#8221;][\/vc_column][\/vc_row][vc_row disable_element=&#8221;yes&#8221; css=&#8221;.vc_custom_1602099137331{padding-top: 83px !important;padding-bottom: 90px !important;background-color: #f7f7f7 !important;}&#8221;][vc_column]\n    <div class=\"wprt-headings style-1 clearfix text-center \">\n        <h2 class=\"heading \" >EESTI KESKMINE KORRALISE AUTOHOOLDUSE HIND ON 150\u20ac<\/h2>\n                    <div class=\"sep clearfix\"><\/div>\n        \n                    <div class=\"sub-heading clearfix\"><p>Meie hinnad on m\u00e4\u00e4ratud selliselt, et nad ei koorma \u00fchtegi endast lugu pidavat t\u00f6\u00f6koda!<\/p>\n<\/div>\n            <\/div>\n        \n[vc_empty_space height=&#8221;40px&#8221;][\/vc_column][vc_column offset=&#8221;vc_col-md-4&#8243;]\n    <div class=\"wprt-price-table style-1 head-dark top-25 has-shadow bg-white\">\n        <div class=\"price-table-name\">\n            <div class=\"title\">BASIC kasutaja<\/div>\n        <\/div>\n\n        <div class=\"price-table-price\">\n            <div class=\"price-wrap\"><span class=\"figure\">9\u20ac \/kuus<\/span><\/div>\n        <\/div>\n\n        <div class=\"price-table-features\">\n            <ul>\n<li>Aastase ettemaksuga 8.25\u20ac \/kuus<\/li>\n<li class=\"disable\">Min 5. kasutajat<\/li>\n<li>Min 2. kasutajat (eriolukorra kampaania)<\/li>\n<li>Online broneering<\/li>\n<li>T\u00f6\u00f6de register<\/li>\n<li>Klientide register<\/li>\n<li>S\u00f5idukite register<\/li>\n<li>Kalender ja ressursid<\/li>\n<li>Arved ja e-arved<\/li>\n<li>Arve \u00fche klikiga<\/li>\n<li>Maanteeameti liides<\/li>\n<li>\u00c4riregistri liides<\/li>\n<li>14 p\u00e4eva tasuta<\/li>\n<\/ul>\n            <div class=\"price-table-button\">\n                <a class=\"wprt-button outline accent\" href=\"https:\/\/www.trumpauto.eu\/teenindusele\/proovi-tasuta\/\" target=\"_self\">PROOVI TASUTA<\/a>            <\/div>\n        <\/div>\n    <\/div>\n\n[vc_column_text]<\/p>\n<div class=\"wprt-spacer clearfix\" data-desktop=\"0\" data-mobi=\"40\" data-smobi=\"40\"><\/div>\n<p>[\/vc_column_text][\/vc_column][vc_column offset=&#8221;vc_col-md-4&#8243;]\n    <div class=\"wprt-price-table style-1  has-shadow bg-white\">\n        <div class=\"price-table-name\">\n            <div class=\"title\">PRO kasutaja<\/div>\n        <\/div>\n\n        <div class=\"price-table-price\">\n            <div class=\"price-wrap\"><span class=\"figure\">19\u20ac \/kuus<\/span><\/div>\n        <\/div>\n\n        <div class=\"price-table-features\">\n            <ul>\n<li>Aastase ettemaksuga 17,4\u20ac \/kuus<\/li>\n<li class=\"disable\">Min 5. kasutajat<\/li>\n<li>Min 2. kasutajat (eriolukorra kampaania)<\/li>\n<li>Eelnevale paketile lisaks j\u00e4rgmine:<\/li>\n<li>Ladu ja ost<\/li>\n<li>Ostu e-arve import<\/li>\n<li>Pakkumiste moodul<\/li>\n<li>Statistika & aruandlus<\/li>\n<li>Merit Aktiva liidestus<\/li>\n<li>Inventuur<\/li>\n<li>14 p\u00e4eva tasuta<\/li>\n<\/ul>\n            <div class=\"price-table-button\">\n                <a class=\"wprt-button accent\" href=\"https:\/\/www.trumpauto.eu\/teenindusele\/proovi-tasuta\/\" target=\"_self\">PROOVI TASUTA<\/a>            <\/div>\n        <\/div>\n    <\/div>\n\n[vc_column_text]<\/p>\n<div class=\"wprt-spacer clearfix\" data-desktop=\"0\" data-mobi=\"25&quot;\" data-smobi=\"25\"><\/div>\n<p>[\/vc_column_text][\/vc_column][vc_column offset=&#8221;vc_col-md-4&#8243;]\n    <div class=\"wprt-price-table style-1 head-dark top-25 has-shadow bg-white\">\n        <div class=\"price-table-name\">\n            <div class=\"title\">PREMIUM kasutaja<\/div>\n        <\/div>\n\n        <div class=\"price-table-price\">\n            <div class=\"price-wrap\"><span class=\"figure\">29\u20ac \/kuus<\/span><\/div>\n        <\/div>\n\n        <div class=\"price-table-features\">\n            <ul>\n<li>Aastase ettemaksuga 26.6\u20ac \/kuus<\/li>\n<li class=\"disable\">Min 5. kasutajat<\/li>\n<li>Min 2. kasutajat (eriolukorra kampaania)<\/li>\n<li>Eelnevale paketile lisaks j\u00e4rgmine:<\/li>\n<li>Esindused<\/li>\n<li>Kalendrite haldus<\/li>\n<li>SMS Teavitused<\/li>\n<li>Positsioon autoomaniku portaalis<\/li>\n<li>Varuosakataloogide import<\/li>\n<li>Andmete import<\/li>\n<li>14 p\u00e4eva tasuta<\/li>\n<\/ul>\n            <div class=\"price-table-button\">\n                <a class=\"wprt-button outline accent\" href=\"https:\/\/www.trumpauto.eu\/teenindusele\/proovi-tasuta\/\" target=\"_self\">PROOVI TASUTA<\/a>            <\/div>\n        <\/div>\n    <\/div>\n\n[vc_column_text]<\/p>\n<div class=\"wprt-spacer clearfix\" data-desktop=\"0\" data-mobi=\"40\" data-smobi=\"40\"><\/div>\n<p>[\/vc_column_text][\/vc_column][\/vc_row][vc_row css_animation=&#8221;fadeInDown&#8221; css=&#8221;.vc_custom_1589972800398{background-color: #1c63b8 !important;}&#8221;][vc_column]\n    <div class=\"wprt-action-box style-1 has-icon \">\n        <div class=\"inner\">\n            <div class=\"heading-wrap\">\n                <div class=\"text-wrap\">\n                    <h3 class=\"heading\">Kalkuleeri endale sobiv pakett<\/h3>\n                    <span class=\"icon\"><i class=\"fas fa-shipping-fast\"><\/i><\/span> \n                <\/div>\n            <\/div>\n            <div class=\"button-wrap\">\n                <a class=\"wprt-button white rounded-3px\" href=\"https:\/\/www.trumpauto.eu\/teenindusele\/trumpautost\/paketid\/\" target=\"_self\">Kliki siia<\/a>            <\/div>\n        <\/div>\n    <\/div>\n\n[\/vc_column][\/vc_row]<\/p>\n","protected":false},"excerpt":{"rendered":"<p>[vc_row css=&#8221;.vc_custom_1697199271367{padding-top: 20px !important;padding-bottom: 90px !important;}&#8221;][vc_column width=&#8221;1\/2&#8243; offset=&#8221;vc_col-lg-12 vc_col-md-12 vc_col-xs-12&#8243;][vc_column_text] Miks Trumpauto? [\/vc_column_text][vc_separator align=&#8221;align_left&#8221; border_width=&#8221;2&#8243; el_width=&#8221;20&#8243; css=&#8221;.vc_custom_1697199334244{margin-top: 5px !important;margin-bottom: 40px !important;}&#8221;][vc_column_text]Trumpauto tarkvara on loodud selleks, et t\u00f6\u00f6koja juhi, omaniku ja mehaaniku aega kokku hoida ning selleks, et kliendi ja t\u00f6\u00f6koja suhtlus oleks positiivne kogemus, mitte stressiallikas. Trumpauto kasutamiseks ei ole vaja eraldi serverit, mis on [&hellip;]<\/p>\n","protected":false},"author":1,"featured_media":0,"parent":0,"menu_order":0,"comment_status":"closed","ping_status":"closed","template":"page-templates\/template-fullwidth.php","meta":{"footnotes":""},"class_list":["post-160","page","type-page","status-publish","hentry"],"yoast_head":"<!-- This site is optimized with the Yoast SEO plugin v20.5 - https:\/\/yoast.com\/wordpress\/plugins\/seo\/ -->\n<title>Trumpautost - Trumpauto<\/title>\n<meta name=\"robots\" content=\"index, follow, max-snippet:-1, max-image-preview:large, max-video-preview:-1\" \/>\n<link rel=\"canonical\" href=\"https:\/\/www.trumpauto.eu\/teenindusele\/trumpautost\/\" \/>\n<meta property=\"og:locale\" content=\"en_US\" \/>\n<meta property=\"og:type\" content=\"article\" \/>\n<meta property=\"og:title\" content=\"Trumpautost - Trumpauto\" \/>\n<meta property=\"og:description\" content=\"[vc_row css=&#8221;.vc_custom_1697199271367{padding-top: 20px !important;padding-bottom: 90px !important;}&#8221;][vc_column width=&#8221;1\/2&#8243; offset=&#8221;vc_col-lg-12 vc_col-md-12 vc_col-xs-12&#8243;][vc_column_text] Miks Trumpauto? [\/vc_column_text][vc_separator align=&#8221;align_left&#8221; border_width=&#8221;2&#8243; el_width=&#8221;20&#8243; css=&#8221;.vc_custom_1697199334244{margin-top: 5px !important;margin-bottom: 40px !important;}&#8221;][vc_column_text]Trumpauto tarkvara on loodud selleks, et t\u00f6\u00f6koja juhi, omaniku ja mehaaniku aega kokku hoida ning selleks, et kliendi ja t\u00f6\u00f6koja suhtlus oleks positiivne kogemus, mitte stressiallikas. Trumpauto kasutamiseks ei ole vaja eraldi serverit, mis on [&hellip;]\" \/>\n<meta property=\"og:url\" content=\"https:\/\/www.trumpauto.eu\/teenindusele\/trumpautost\/\" \/>\n<meta property=\"og:site_name\" content=\"Trumpauto\" \/>\n<meta property=\"article:modified_time\" content=\"2023-10-19T09:00:22+00:00\" \/>\n<meta name=\"twitter:card\" content=\"summary_large_image\" \/>\n<meta name=\"twitter:label1\" content=\"Est. reading time\" \/>\n\t<meta name=\"twitter:data1\" content=\"7 minutes\" \/>\n<script type=\"application\/ld+json\" class=\"yoast-schema-graph\">{\"@context\":\"https:\/\/schema.org\",\"@graph\":[{\"@type\":\"WebPage\",\"@id\":\"https:\/\/www.trumpauto.eu\/teenindusele\/trumpautost\/\",\"url\":\"https:\/\/www.trumpauto.eu\/teenindusele\/trumpautost\/\",\"name\":\"Trumpautost - Trumpauto\",\"isPartOf\":{\"@id\":\"https:\/\/www.trumpauto.eu\/teenindusele\/#website\"},\"datePublished\":\"2018-08-01T09:20:05+00:00\",\"dateModified\":\"2023-10-19T09:00:22+00:00\",\"breadcrumb\":{\"@id\":\"https:\/\/www.trumpauto.eu\/teenindusele\/trumpautost\/#breadcrumb\"},\"inLanguage\":\"en-US\",\"potentialAction\":[{\"@type\":\"ReadAction\",\"target\":[\"https:\/\/www.trumpauto.eu\/teenindusele\/trumpautost\/\"]}]},{\"@type\":\"BreadcrumbList\",\"@id\":\"https:\/\/www.trumpauto.eu\/teenindusele\/trumpautost\/#breadcrumb\",\"itemListElement\":[{\"@type\":\"ListItem\",\"position\":1,\"name\":\"Home\",\"item\":\"https:\/\/www.trumpauto.eu\/teenindusele\/\"},{\"@type\":\"ListItem\",\"position\":2,\"name\":\"Trumpautost\"}]},{\"@type\":\"WebSite\",\"@id\":\"https:\/\/www.trumpauto.eu\/teenindusele\/#website\",\"url\":\"https:\/\/www.trumpauto.eu\/teenindusele\/\",\"name\":\"Trumpauto\",\"description\":\"Tarkvara Teie T\u00f6\u00f6kojale\",\"potentialAction\":[{\"@type\":\"SearchAction\",\"target\":{\"@type\":\"EntryPoint\",\"urlTemplate\":\"https:\/\/www.trumpauto.eu\/teenindusele\/?s={search_term_string}\"},\"query-input\":\"required name=search_term_string\"}],\"inLanguage\":\"en-US\"}]}<\/script>\n<!-- \/ Yoast SEO plugin. -->","yoast_head_json":{"title":"Trumpautost - Trumpauto","robots":{"index":"index","follow":"follow","max-snippet":"max-snippet:-1","max-image-preview":"max-image-preview:large","max-video-preview":"max-video-preview:-1"},"canonical":"https:\/\/www.trumpauto.eu\/teenindusele\/trumpautost\/","og_locale":"en_US","og_type":"article","og_title":"Trumpautost - Trumpauto","og_description":"[vc_row css=&#8221;.vc_custom_1697199271367{padding-top: 20px !important;padding-bottom: 90px !important;}&#8221;][vc_column width=&#8221;1\/2&#8243; offset=&#8221;vc_col-lg-12 vc_col-md-12 vc_col-xs-12&#8243;][vc_column_text] Miks Trumpauto? [\/vc_column_text][vc_separator align=&#8221;align_left&#8221; border_width=&#8221;2&#8243; el_width=&#8221;20&#8243; css=&#8221;.vc_custom_1697199334244{margin-top: 5px !important;margin-bottom: 40px !important;}&#8221;][vc_column_text]Trumpauto tarkvara on loodud selleks, et t\u00f6\u00f6koja juhi, omaniku ja mehaaniku aega kokku hoida ning selleks, et kliendi ja t\u00f6\u00f6koja suhtlus oleks positiivne kogemus, mitte stressiallikas. Trumpauto kasutamiseks ei ole vaja eraldi serverit, mis on [&hellip;]","og_url":"https:\/\/www.trumpauto.eu\/teenindusele\/trumpautost\/","og_site_name":"Trumpauto","article_modified_time":"2023-10-19T09:00:22+00:00","twitter_card":"summary_large_image","twitter_misc":{"Est. reading time":"7 minutes"},"schema":{"@context":"https:\/\/schema.org","@graph":[{"@type":"WebPage","@id":"https:\/\/www.trumpauto.eu\/teenindusele\/trumpautost\/","url":"https:\/\/www.trumpauto.eu\/teenindusele\/trumpautost\/","name":"Trumpautost - Trumpauto","isPartOf":{"@id":"https:\/\/www.trumpauto.eu\/teenindusele\/#website"},"datePublished":"2018-08-01T09:20:05+00:00","dateModified":"2023-10-19T09:00:22+00:00","breadcrumb":{"@id":"https:\/\/www.trumpauto.eu\/teenindusele\/trumpautost\/#breadcrumb"},"inLanguage":"en-US","potentialAction":[{"@type":"ReadAction","target":["https:\/\/www.trumpauto.eu\/teenindusele\/trumpautost\/"]}]},{"@type":"BreadcrumbList","@id":"https:\/\/www.trumpauto.eu\/teenindusele\/trumpautost\/#breadcrumb","itemListElement":[{"@type":"ListItem","position":1,"name":"Home","item":"https:\/\/www.trumpauto.eu\/teenindusele\/"},{"@type":"ListItem","position":2,"name":"Trumpautost"}]},{"@type":"WebSite","@id":"https:\/\/www.trumpauto.eu\/teenindusele\/#website","url":"https:\/\/www.trumpauto.eu\/teenindusele\/","name":"Trumpauto","description":"Tarkvara Teie T\u00f6\u00f6kojale","potentialAction":[{"@type":"SearchAction","target":{"@type":"EntryPoint","urlTemplate":"https:\/\/www.trumpauto.eu\/teenindusele\/?s={search_term_string}"},"query-input":"required name=search_term_string"}],"inLanguage":"en-US"}]}},"_links":{"self":[{"href":"https:\/\/www.trumpauto.eu\/teenindusele\/wp-json\/wp\/v2\/pages\/160","targetHints":{"allow":["GET"]}}],"collection":[{"href":"https:\/\/www.trumpauto.eu\/teenindusele\/wp-json\/wp\/v2\/pages"}],"about":[{"href":"https:\/\/www.trumpauto.eu\/teenindusele\/wp-json\/wp\/v2\/types\/page"}],"author":[{"embeddable":true,"href":"https:\/\/www.trumpauto.eu\/teenindusele\/wp-json\/wp\/v2\/users\/1"}],"replies":[{"embeddable":true,"href":"https:\/\/www.trumpauto.eu\/teenindusele\/wp-json\/wp\/v2\/comments?post=160"}],"version-history":[{"count":79,"href":"https:\/\/www.trumpauto.eu\/teenindusele\/wp-json\/wp\/v2\/pages\/160\/revisions"}],"predecessor-version":[{"id":3107,"href":"https:\/\/www.trumpauto.eu\/teenindusele\/wp-json\/wp\/v2\/pages\/160\/revisions\/3107"}],"wp:attachment":[{"href":"https:\/\/www.trumpauto.eu\/teenindusele\/wp-json\/wp\/v2\/media?parent=160"}],"curies":[{"name":"wp","href":"https:\/\/api.w.org\/{rel}","templated":true}]}}