{"id":1427,"date":"2020-05-22T15:33:32","date_gmt":"2020-05-22T13:33:32","guid":{"rendered":"http:\/\/develop.trumpauto.eu\/wp\/?page_id=1427"},"modified":"2020-05-22T16:40:36","modified_gmt":"2020-05-22T14:40:36","slug":"viss-viena-vieta","status":"publish","type":"page","link":"https:\/\/www.trumpauto.eu\/teenindusele\/lv\/par-trumpauto\/viss-viena-vieta\/","title":{"rendered":"Viss vien\u0101 viet\u0101"},"content":{"rendered":"<p>[vc_row][vc_column][vc_empty_space][vc_column_text]Trumpauto programma \u013cauj viegli p\u0101rvald\u012bt autoservisa procesus, ietaupot meh\u0101ni\u0137u, pie\u0146\u0113m\u0113ju un vad\u012bbas person\u0101la laiku.<\/p>\n<p>Liela da\u013ca autoservisu joproj\u0101m izmanto daudz un da\u017e\u0101dus veidus k\u0101 p\u0101rvald\u012bt savu darbu. Klienti un automa\u0161\u012bnas tiek re\u0123istr\u0113ti Excel, Google Drive vai ar\u012b uz pap\u012bra. Laiks tiek pl\u0101nots galda kalend\u0101ros, vai viedier\u012bc\u0113s, vai ar\u012b netiek pl\u0101nots visp\u0101r.<\/p>\n<p>Praks\u0113 tas noz\u012bm\u0113, ka inform\u0101cija nav pieejama vienuviet un, lai to apkopotu un p\u0101rvald\u012btu ir nepiecie\u0161ams papildus laiks, t\u0101d\u0113j\u0101di pieaug ar\u012b iesp\u0113jam\u012bba, ka da\u013ca no inform\u0101cijas var pazust.[\/vc_column_text][\/vc_column][\/vc_row][vc_row][vc_column][vc_empty_space][vc_single_image image=&#8221;1118&#8243; img_size=&#8221;full&#8221; alignment=&#8221;center&#8221;][vc_empty_space]\n    <div class=\"text-left button-wrap\">\n        <a class=\"wprt-button medium accent solid \" href=\"\/wp\/lv\/par-trumpauto\/\" style=\"\">\n            <span>BACK<\/span>\n        <\/a>\n    <\/div>\n        \n[vc_empty_space][\/vc_column][\/vc_row][vc_row][vc_column][\/vc_column][\/vc_row]<\/p>\n","protected":false},"excerpt":{"rendered":"<p>[vc_row][vc_column][vc_empty_space][vc_column_text]Trumpauto programma \u013cauj viegli p\u0101rvald\u012bt autoservisa procesus, ietaupot meh\u0101ni\u0137u, pie\u0146\u0113m\u0113ju un vad\u012bbas person\u0101la laiku. Liela da\u013ca autoservisu joproj\u0101m izmanto daudz un da\u017e\u0101dus veidus k\u0101 p\u0101rvald\u012bt savu darbu. Klienti un automa\u0161\u012bnas tiek re\u0123istr\u0113ti Excel, Google Drive vai ar\u012b uz pap\u012bra. Laiks tiek pl\u0101nots galda kalend\u0101ros, vai viedier\u012bc\u0113s, vai ar\u012b netiek pl\u0101nots visp\u0101r. Praks\u0113 tas noz\u012bm\u0113, ka [&hellip;]<\/p>\n","protected":false},"author":2,"featured_media":1118,"parent":1219,"menu_order":0,"comment_status":"closed","ping_status":"closed","template":"page-templates\/template-fullwidth.php","meta":{"footnotes":""},"class_list":["post-1427","page","type-page","status-publish","has-post-thumbnail","hentry"],"yoast_head":"<!-- This site is optimized with the Yoast SEO plugin v20.5 - https:\/\/yoast.com\/wordpress\/plugins\/seo\/ -->\n<title>Viss vien\u0101 viet\u0101 - Trumpauto<\/title>\n<meta name=\"robots\" content=\"index, follow, max-snippet:-1, max-image-preview:large, max-video-preview:-1\" \/>\n<link rel=\"canonical\" href=\"https:\/\/www.trumpauto.eu\/teenindusele\/lv\/par-trumpauto\/viss-viena-vieta\/\" \/>\n<meta property=\"og:locale\" content=\"en_US\" \/>\n<meta property=\"og:type\" content=\"article\" \/>\n<meta property=\"og:title\" content=\"Viss vien\u0101 viet\u0101 - Trumpauto\" \/>\n<meta property=\"og:description\" content=\"[vc_row][vc_column][vc_empty_space][vc_column_text]Trumpauto programma \u013cauj viegli p\u0101rvald\u012bt autoservisa procesus, ietaupot meh\u0101ni\u0137u, pie\u0146\u0113m\u0113ju un vad\u012bbas person\u0101la laiku. Liela da\u013ca autoservisu joproj\u0101m izmanto daudz un da\u017e\u0101dus veidus k\u0101 p\u0101rvald\u012bt savu darbu. Klienti un automa\u0161\u012bnas tiek re\u0123istr\u0113ti Excel, Google Drive vai ar\u012b uz pap\u012bra. Laiks tiek pl\u0101nots galda kalend\u0101ros, vai viedier\u012bc\u0113s, vai ar\u012b netiek pl\u0101nots visp\u0101r. Praks\u0113 tas noz\u012bm\u0113, ka [&hellip;]\" \/>\n<meta property=\"og:url\" content=\"https:\/\/www.trumpauto.eu\/teenindusele\/lv\/par-trumpauto\/viss-viena-vieta\/\" \/>\n<meta property=\"og:site_name\" content=\"Trumpauto\" \/>\n<meta property=\"article:modified_time\" content=\"2020-05-22T14:40:36+00:00\" \/>\n<meta property=\"og:image\" content=\"https:\/\/www.trumpauto.eu\/teenindusele\/wp-content\/uploads\/2020\/05\/koik-yhes-kohas.png\" \/>\n\t<meta property=\"og:image:width\" content=\"2750\" \/>\n\t<meta property=\"og:image:height\" content=\"1344\" \/>\n\t<meta property=\"og:image:type\" content=\"image\/png\" \/>\n<meta name=\"twitter:card\" content=\"summary_large_image\" \/>\n<meta name=\"twitter:label1\" content=\"Est. reading time\" \/>\n\t<meta name=\"twitter:data1\" content=\"1 minute\" \/>\n<script type=\"application\/ld+json\" class=\"yoast-schema-graph\">{\"@context\":\"https:\/\/schema.org\",\"@graph\":[{\"@type\":\"WebPage\",\"@id\":\"https:\/\/www.trumpauto.eu\/teenindusele\/lv\/par-trumpauto\/viss-viena-vieta\/\",\"url\":\"https:\/\/www.trumpauto.eu\/teenindusele\/lv\/par-trumpauto\/viss-viena-vieta\/\",\"name\":\"Viss vien\u0101 viet\u0101 - Trumpauto\",\"isPartOf\":{\"@id\":\"https:\/\/www.trumpauto.eu\/teenindusele\/#website\"},\"datePublished\":\"2020-05-22T13:33:32+00:00\",\"dateModified\":\"2020-05-22T14:40:36+00:00\",\"breadcrumb\":{\"@id\":\"https:\/\/www.trumpauto.eu\/teenindusele\/lv\/par-trumpauto\/viss-viena-vieta\/#breadcrumb\"},\"inLanguage\":\"en-US\",\"potentialAction\":[{\"@type\":\"ReadAction\",\"target\":[\"https:\/\/www.trumpauto.eu\/teenindusele\/lv\/par-trumpauto\/viss-viena-vieta\/\"]}]},{\"@type\":\"BreadcrumbList\",\"@id\":\"https:\/\/www.trumpauto.eu\/teenindusele\/lv\/par-trumpauto\/viss-viena-vieta\/#breadcrumb\",\"itemListElement\":[{\"@type\":\"ListItem\",\"position\":1,\"name\":\"Home\",\"item\":\"https:\/\/www.trumpauto.eu\/teenindusele\/\"},{\"@type\":\"ListItem\",\"position\":2,\"name\":\"Par Trumpauto\",\"item\":\"https:\/\/www.trumpauto.eu\/teenindusele\/lv\/par-trumpauto\/\"},{\"@type\":\"ListItem\",\"position\":3,\"name\":\"Viss vien\u0101 viet\u0101\"}]},{\"@type\":\"WebSite\",\"@id\":\"https:\/\/www.trumpauto.eu\/teenindusele\/#website\",\"url\":\"https:\/\/www.trumpauto.eu\/teenindusele\/\",\"name\":\"Trumpauto\",\"description\":\"Tarkvara Teie T\u00f6\u00f6kojale\",\"potentialAction\":[{\"@type\":\"SearchAction\",\"target\":{\"@type\":\"EntryPoint\",\"urlTemplate\":\"https:\/\/www.trumpauto.eu\/teenindusele\/?s={search_term_string}\"},\"query-input\":\"required name=search_term_string\"}],\"inLanguage\":\"en-US\"}]}<\/script>\n<!-- \/ Yoast SEO plugin. -->","yoast_head_json":{"title":"Viss vien\u0101 viet\u0101 - Trumpauto","robots":{"index":"index","follow":"follow","max-snippet":"max-snippet:-1","max-image-preview":"max-image-preview:large","max-video-preview":"max-video-preview:-1"},"canonical":"https:\/\/www.trumpauto.eu\/teenindusele\/lv\/par-trumpauto\/viss-viena-vieta\/","og_locale":"en_US","og_type":"article","og_title":"Viss vien\u0101 viet\u0101 - Trumpauto","og_description":"[vc_row][vc_column][vc_empty_space][vc_column_text]Trumpauto programma \u013cauj viegli p\u0101rvald\u012bt autoservisa procesus, ietaupot meh\u0101ni\u0137u, pie\u0146\u0113m\u0113ju un vad\u012bbas person\u0101la laiku. Liela da\u013ca autoservisu joproj\u0101m izmanto daudz un da\u017e\u0101dus veidus k\u0101 p\u0101rvald\u012bt savu darbu. Klienti un automa\u0161\u012bnas tiek re\u0123istr\u0113ti Excel, Google Drive vai ar\u012b uz pap\u012bra. Laiks tiek pl\u0101nots galda kalend\u0101ros, vai viedier\u012bc\u0113s, vai ar\u012b netiek pl\u0101nots visp\u0101r. Praks\u0113 tas noz\u012bm\u0113, ka [&hellip;]","og_url":"https:\/\/www.trumpauto.eu\/teenindusele\/lv\/par-trumpauto\/viss-viena-vieta\/","og_site_name":"Trumpauto","article_modified_time":"2020-05-22T14:40:36+00:00","og_image":[{"width":2750,"height":1344,"url":"https:\/\/www.trumpauto.eu\/teenindusele\/wp-content\/uploads\/2020\/05\/koik-yhes-kohas.png","type":"image\/png"}],"twitter_card":"summary_large_image","twitter_misc":{"Est. reading time":"1 minute"},"schema":{"@context":"https:\/\/schema.org","@graph":[{"@type":"WebPage","@id":"https:\/\/www.trumpauto.eu\/teenindusele\/lv\/par-trumpauto\/viss-viena-vieta\/","url":"https:\/\/www.trumpauto.eu\/teenindusele\/lv\/par-trumpauto\/viss-viena-vieta\/","name":"Viss vien\u0101 viet\u0101 - Trumpauto","isPartOf":{"@id":"https:\/\/www.trumpauto.eu\/teenindusele\/#website"},"datePublished":"2020-05-22T13:33:32+00:00","dateModified":"2020-05-22T14:40:36+00:00","breadcrumb":{"@id":"https:\/\/www.trumpauto.eu\/teenindusele\/lv\/par-trumpauto\/viss-viena-vieta\/#breadcrumb"},"inLanguage":"en-US","potentialAction":[{"@type":"ReadAction","target":["https:\/\/www.trumpauto.eu\/teenindusele\/lv\/par-trumpauto\/viss-viena-vieta\/"]}]},{"@type":"BreadcrumbList","@id":"https:\/\/www.trumpauto.eu\/teenindusele\/lv\/par-trumpauto\/viss-viena-vieta\/#breadcrumb","itemListElement":[{"@type":"ListItem","position":1,"name":"Home","item":"https:\/\/www.trumpauto.eu\/teenindusele\/"},{"@type":"ListItem","position":2,"name":"Par Trumpauto","item":"https:\/\/www.trumpauto.eu\/teenindusele\/lv\/par-trumpauto\/"},{"@type":"ListItem","position":3,"name":"Viss vien\u0101 viet\u0101"}]},{"@type":"WebSite","@id":"https:\/\/www.trumpauto.eu\/teenindusele\/#website","url":"https:\/\/www.trumpauto.eu\/teenindusele\/","name":"Trumpauto","description":"Tarkvara Teie T\u00f6\u00f6kojale","potentialAction":[{"@type":"SearchAction","target":{"@type":"EntryPoint","urlTemplate":"https:\/\/www.trumpauto.eu\/teenindusele\/?s={search_term_string}"},"query-input":"required name=search_term_string"}],"inLanguage":"en-US"}]}},"_links":{"self":[{"href":"https:\/\/www.trumpauto.eu\/teenindusele\/wp-json\/wp\/v2\/pages\/1427","targetHints":{"allow":["GET"]}}],"collection":[{"href":"https:\/\/www.trumpauto.eu\/teenindusele\/wp-json\/wp\/v2\/pages"}],"about":[{"href":"https:\/\/www.trumpauto.eu\/teenindusele\/wp-json\/wp\/v2\/types\/page"}],"author":[{"embeddable":true,"href":"https:\/\/www.trumpauto.eu\/teenindusele\/wp-json\/wp\/v2\/users\/2"}],"replies":[{"embeddable":true,"href":"https:\/\/www.trumpauto.eu\/teenindusele\/wp-json\/wp\/v2\/comments?post=1427"}],"version-history":[{"count":3,"href":"https:\/\/www.trumpauto.eu\/teenindusele\/wp-json\/wp\/v2\/pages\/1427\/revisions"}],"predecessor-version":[{"id":1432,"href":"https:\/\/www.trumpauto.eu\/teenindusele\/wp-json\/wp\/v2\/pages\/1427\/revisions\/1432"}],"up":[{"embeddable":true,"href":"https:\/\/www.trumpauto.eu\/teenindusele\/wp-json\/wp\/v2\/pages\/1219"}],"wp:featuredmedia":[{"embeddable":true,"href":"https:\/\/www.trumpauto.eu\/teenindusele\/wp-json\/wp\/v2\/media\/1118"}],"wp:attachment":[{"href":"https:\/\/www.trumpauto.eu\/teenindusele\/wp-json\/wp\/v2\/media?parent=1427"}],"curies":[{"name":"wp","href":"https:\/\/api.w.org\/{rel}","templated":true}]}}