{"id":1150,"date":"2020-05-14T10:30:50","date_gmt":"2020-05-14T08:30:50","guid":{"rendered":"http:\/\/develop.trumpauto.eu\/wp\/?page_id=1150"},"modified":"2020-07-01T14:03:37","modified_gmt":"2020-07-01T12:03:37","slug":"online-broneerimine","status":"publish","type":"page","link":"https:\/\/www.trumpauto.eu\/teenindusele\/trumpautost\/online-broneerimine\/","title":{"rendered":"Online broneerimine"},"content":{"rendered":"<p>[vc_row][vc_column][vc_empty_space][vc_column_text]Broneerimine on see teenus, mille Trumpauto on teinud t\u00f6\u00f6koja ja tema kliendi suhtluse parandamiseks \u2013 see t\u00e4hendab, et auto omanik saab kas t\u00f6\u00f6koja veebilehelt v\u00f5i Trumpauto portaalis broneerida t\u00f6\u00f6kojas meistri poolt ette antud ajavahemikus omale, pesula v\u00f5i rehvivahetuse v\u00f5i m\u00f5ne teise teenuse aja.<\/p>\n<p>Teame h\u00e4sti, et ei klient ega isegi meister ei oska enamasti suuremate t\u00f6\u00f6de ajakulu v\u00e4ga t\u00e4pselt ennustada ning seet\u00f5ttu soovitamegi broneerimise teenuste nimekirjas pakkuda lihtsamaid asju &#8211; rehvivahetus, pesu, tavahooldused,, diagnostika teenus jms.<\/p>\n<p>Broneerimise juures on suur roll \u201cressursil\u201d &#8211; iga meister m\u00e4\u00e4rab ise \u00e4ra, millist ressurssi ta broneerimiseks \u00fcldse v\u00e4lja lubab. M\u00f5ne v\u00e4\u00e4rtusliku lukksepa nime ei panda kunagi pakkumisse ning samas j\u00e4relteeninduse juht peaks alati kliendi jaoks saadaval olema.<\/p>\n<p>T\u00f6\u00f6koda ise valib, mida broneerida saab!<\/p>\n<p>Allpool on ekraanipilt sellest, milline n\u00e4eb v\u00e4lja Trumpauto poolt pakutav moodul Teie kodulehele, mille abil saavad Teie kliendid broneeringuid teha. See moodul on igas meie paketis lisatasuta olemas.[\/vc_column_text][vc_single_image image=&#8221;1148&#8243; img_size=&#8221;full&#8221; alignment=&#8221;center&#8221;][\/vc_column][\/vc_row][vc_row][vc_column][vc_empty_space]\n    <div class=\"text-left button-wrap\">\n        <a class=\"wprt-button medium accent solid \" href=\"https:\/\/www.trumpauto.eu\/teenindusele\/trumpautost\/\" style=\"\">\n            <span>TAGASI<\/span>\n        <\/a>\n    <\/div>\n        \n[vc_empty_space][\/vc_column][\/vc_row][vc_row][vc_column][\/vc_column][\/vc_row][vc_row][vc_column][\/vc_column][\/vc_row]<\/p>\n","protected":false},"excerpt":{"rendered":"<p>[vc_row][vc_column][vc_empty_space][vc_column_text]Broneerimine on see teenus, mille Trumpauto on teinud t\u00f6\u00f6koja ja tema kliendi suhtluse parandamiseks \u2013 see t\u00e4hendab, et auto omanik saab kas t\u00f6\u00f6koja veebilehelt v\u00f5i Trumpauto portaalis broneerida t\u00f6\u00f6kojas meistri poolt ette antud ajavahemikus omale, pesula v\u00f5i rehvivahetuse v\u00f5i m\u00f5ne teise teenuse aja. Teame h\u00e4sti, et ei klient ega isegi meister ei oska enamasti suuremate [&hellip;]<\/p>\n","protected":false},"author":1,"featured_media":0,"parent":160,"menu_order":0,"comment_status":"closed","ping_status":"closed","template":"page-templates\/template-fullwidth.php","meta":{"footnotes":""},"class_list":["post-1150","page","type-page","status-publish","hentry"],"yoast_head":"<!-- This site is optimized with the Yoast SEO plugin v20.5 - https:\/\/yoast.com\/wordpress\/plugins\/seo\/ -->\n<title>Online broneerimine - Trumpauto<\/title>\n<meta name=\"robots\" content=\"index, follow, max-snippet:-1, max-image-preview:large, max-video-preview:-1\" \/>\n<link rel=\"canonical\" href=\"https:\/\/www.trumpauto.eu\/teenindusele\/trumpautost\/online-broneerimine\/\" \/>\n<meta property=\"og:locale\" content=\"en_US\" \/>\n<meta property=\"og:type\" content=\"article\" \/>\n<meta property=\"og:title\" content=\"Online broneerimine - Trumpauto\" \/>\n<meta property=\"og:description\" content=\"[vc_row][vc_column][vc_empty_space][vc_column_text]Broneerimine on see teenus, mille Trumpauto on teinud t\u00f6\u00f6koja ja tema kliendi suhtluse parandamiseks \u2013 see t\u00e4hendab, et auto omanik saab kas t\u00f6\u00f6koja veebilehelt v\u00f5i Trumpauto portaalis broneerida t\u00f6\u00f6kojas meistri poolt ette antud ajavahemikus omale, pesula v\u00f5i rehvivahetuse v\u00f5i m\u00f5ne teise teenuse aja. Teame h\u00e4sti, et ei klient ega isegi meister ei oska enamasti suuremate [&hellip;]\" \/>\n<meta property=\"og:url\" content=\"https:\/\/www.trumpauto.eu\/teenindusele\/trumpautost\/online-broneerimine\/\" \/>\n<meta property=\"og:site_name\" content=\"Trumpauto\" \/>\n<meta property=\"article:modified_time\" content=\"2020-07-01T12:03:37+00:00\" \/>\n<meta name=\"twitter:card\" content=\"summary_large_image\" \/>\n<meta name=\"twitter:label1\" content=\"Est. reading time\" \/>\n\t<meta name=\"twitter:data1\" content=\"1 minute\" \/>\n<script type=\"application\/ld+json\" class=\"yoast-schema-graph\">{\"@context\":\"https:\/\/schema.org\",\"@graph\":[{\"@type\":\"WebPage\",\"@id\":\"https:\/\/www.trumpauto.eu\/teenindusele\/trumpautost\/online-broneerimine\/\",\"url\":\"https:\/\/www.trumpauto.eu\/teenindusele\/trumpautost\/online-broneerimine\/\",\"name\":\"Online broneerimine - Trumpauto\",\"isPartOf\":{\"@id\":\"https:\/\/www.trumpauto.eu\/teenindusele\/#website\"},\"datePublished\":\"2020-05-14T08:30:50+00:00\",\"dateModified\":\"2020-07-01T12:03:37+00:00\",\"breadcrumb\":{\"@id\":\"https:\/\/www.trumpauto.eu\/teenindusele\/trumpautost\/online-broneerimine\/#breadcrumb\"},\"inLanguage\":\"en-US\",\"potentialAction\":[{\"@type\":\"ReadAction\",\"target\":[\"https:\/\/www.trumpauto.eu\/teenindusele\/trumpautost\/online-broneerimine\/\"]}]},{\"@type\":\"BreadcrumbList\",\"@id\":\"https:\/\/www.trumpauto.eu\/teenindusele\/trumpautost\/online-broneerimine\/#breadcrumb\",\"itemListElement\":[{\"@type\":\"ListItem\",\"position\":1,\"name\":\"Home\",\"item\":\"https:\/\/www.trumpauto.eu\/teenindusele\/\"},{\"@type\":\"ListItem\",\"position\":2,\"name\":\"Trumpautost\",\"item\":\"https:\/\/www.trumpauto.eu\/teenindusele\/trumpautost\/\"},{\"@type\":\"ListItem\",\"position\":3,\"name\":\"Online broneerimine\"}]},{\"@type\":\"WebSite\",\"@id\":\"https:\/\/www.trumpauto.eu\/teenindusele\/#website\",\"url\":\"https:\/\/www.trumpauto.eu\/teenindusele\/\",\"name\":\"Trumpauto\",\"description\":\"Tarkvara Teie T\u00f6\u00f6kojale\",\"potentialAction\":[{\"@type\":\"SearchAction\",\"target\":{\"@type\":\"EntryPoint\",\"urlTemplate\":\"https:\/\/www.trumpauto.eu\/teenindusele\/?s={search_term_string}\"},\"query-input\":\"required name=search_term_string\"}],\"inLanguage\":\"en-US\"}]}<\/script>\n<!-- \/ Yoast SEO plugin. -->","yoast_head_json":{"title":"Online broneerimine - Trumpauto","robots":{"index":"index","follow":"follow","max-snippet":"max-snippet:-1","max-image-preview":"max-image-preview:large","max-video-preview":"max-video-preview:-1"},"canonical":"https:\/\/www.trumpauto.eu\/teenindusele\/trumpautost\/online-broneerimine\/","og_locale":"en_US","og_type":"article","og_title":"Online broneerimine - Trumpauto","og_description":"[vc_row][vc_column][vc_empty_space][vc_column_text]Broneerimine on see teenus, mille Trumpauto on teinud t\u00f6\u00f6koja ja tema kliendi suhtluse parandamiseks \u2013 see t\u00e4hendab, et auto omanik saab kas t\u00f6\u00f6koja veebilehelt v\u00f5i Trumpauto portaalis broneerida t\u00f6\u00f6kojas meistri poolt ette antud ajavahemikus omale, pesula v\u00f5i rehvivahetuse v\u00f5i m\u00f5ne teise teenuse aja. Teame h\u00e4sti, et ei klient ega isegi meister ei oska enamasti suuremate [&hellip;]","og_url":"https:\/\/www.trumpauto.eu\/teenindusele\/trumpautost\/online-broneerimine\/","og_site_name":"Trumpauto","article_modified_time":"2020-07-01T12:03:37+00:00","twitter_card":"summary_large_image","twitter_misc":{"Est. reading time":"1 minute"},"schema":{"@context":"https:\/\/schema.org","@graph":[{"@type":"WebPage","@id":"https:\/\/www.trumpauto.eu\/teenindusele\/trumpautost\/online-broneerimine\/","url":"https:\/\/www.trumpauto.eu\/teenindusele\/trumpautost\/online-broneerimine\/","name":"Online broneerimine - Trumpauto","isPartOf":{"@id":"https:\/\/www.trumpauto.eu\/teenindusele\/#website"},"datePublished":"2020-05-14T08:30:50+00:00","dateModified":"2020-07-01T12:03:37+00:00","breadcrumb":{"@id":"https:\/\/www.trumpauto.eu\/teenindusele\/trumpautost\/online-broneerimine\/#breadcrumb"},"inLanguage":"en-US","potentialAction":[{"@type":"ReadAction","target":["https:\/\/www.trumpauto.eu\/teenindusele\/trumpautost\/online-broneerimine\/"]}]},{"@type":"BreadcrumbList","@id":"https:\/\/www.trumpauto.eu\/teenindusele\/trumpautost\/online-broneerimine\/#breadcrumb","itemListElement":[{"@type":"ListItem","position":1,"name":"Home","item":"https:\/\/www.trumpauto.eu\/teenindusele\/"},{"@type":"ListItem","position":2,"name":"Trumpautost","item":"https:\/\/www.trumpauto.eu\/teenindusele\/trumpautost\/"},{"@type":"ListItem","position":3,"name":"Online broneerimine"}]},{"@type":"WebSite","@id":"https:\/\/www.trumpauto.eu\/teenindusele\/#website","url":"https:\/\/www.trumpauto.eu\/teenindusele\/","name":"Trumpauto","description":"Tarkvara Teie T\u00f6\u00f6kojale","potentialAction":[{"@type":"SearchAction","target":{"@type":"EntryPoint","urlTemplate":"https:\/\/www.trumpauto.eu\/teenindusele\/?s={search_term_string}"},"query-input":"required name=search_term_string"}],"inLanguage":"en-US"}]}},"_links":{"self":[{"href":"https:\/\/www.trumpauto.eu\/teenindusele\/wp-json\/wp\/v2\/pages\/1150","targetHints":{"allow":["GET"]}}],"collection":[{"href":"https:\/\/www.trumpauto.eu\/teenindusele\/wp-json\/wp\/v2\/pages"}],"about":[{"href":"https:\/\/www.trumpauto.eu\/teenindusele\/wp-json\/wp\/v2\/types\/page"}],"author":[{"embeddable":true,"href":"https:\/\/www.trumpauto.eu\/teenindusele\/wp-json\/wp\/v2\/users\/1"}],"replies":[{"embeddable":true,"href":"https:\/\/www.trumpauto.eu\/teenindusele\/wp-json\/wp\/v2\/comments?post=1150"}],"version-history":[{"count":6,"href":"https:\/\/www.trumpauto.eu\/teenindusele\/wp-json\/wp\/v2\/pages\/1150\/revisions"}],"predecessor-version":[{"id":1559,"href":"https:\/\/www.trumpauto.eu\/teenindusele\/wp-json\/wp\/v2\/pages\/1150\/revisions\/1559"}],"up":[{"embeddable":true,"href":"https:\/\/www.trumpauto.eu\/teenindusele\/wp-json\/wp\/v2\/pages\/160"}],"wp:attachment":[{"href":"https:\/\/www.trumpauto.eu\/teenindusele\/wp-json\/wp\/v2\/media?parent=1150"}],"curies":[{"name":"wp","href":"https:\/\/api.w.org\/{rel}","templated":true}]}}