{"id":1133,"date":"2020-05-14T09:54:09","date_gmt":"2020-05-14T07:54:09","guid":{"rendered":"http:\/\/develop.trumpauto.eu\/wp\/?page_id=1133"},"modified":"2020-07-01T14:02:36","modified_gmt":"2020-07-01T12:02:36","slug":"taielik-ajalugu","status":"publish","type":"page","link":"https:\/\/www.trumpauto.eu\/teenindusele\/trumpautost\/taielik-ajalugu\/","title":{"rendered":"T\u00e4ielik ajalugu"},"content":{"rendered":"<p>[vc_row][vc_column][vc_empty_space][vc_column_text]Kliendiregister, s\u00f5idukite register ning t\u00f6\u00f6de register &#8211; need on t\u00e4ieliku ajaloo kolm alustala.<\/p>\n<p>Omanikud vahetavad autosid, registreerimisnumbreid ja teinekord isegi oma nime. Selleks, et Trumpauto kliendil ei oleks segadust, milliseid t\u00f6id kunagi on s\u00f5idukitele teostatud ja kes on nende kontaktisikuteks olnud, on Trumpauto t\u00e4ielik ajalugu kolmesambaline.[\/vc_column_text][\/vc_column][\/vc_row][vc_row][vc_column][vc_empty_space][vc_single_image image=&#8221;1137&#8243; img_size=&#8221;full&#8221; alignment=&#8221;center&#8221;][vc_empty_space]\n    <div class=\"text-left button-wrap\">\n        <a class=\"wprt-button medium accent solid \" href=\"https:\/\/www.trumpauto.eu\/teenindusele\/trumpautost\/\" style=\"\">\n            <span>TAGASI<\/span>\n        <\/a>\n    <\/div>\n        \n[vc_empty_space][\/vc_column][\/vc_row][vc_row][vc_column][\/vc_column][\/vc_row]<\/p>\n","protected":false},"excerpt":{"rendered":"<p>[vc_row][vc_column][vc_empty_space][vc_column_text]Kliendiregister, s\u00f5idukite register ning t\u00f6\u00f6de register &#8211; need on t\u00e4ieliku ajaloo kolm alustala. Omanikud vahetavad autosid, registreerimisnumbreid ja teinekord isegi oma nime. Selleks, et Trumpauto kliendil ei oleks segadust, milliseid t\u00f6id kunagi on s\u00f5idukitele teostatud ja kes on nende kontaktisikuteks olnud, on Trumpauto t\u00e4ielik ajalugu kolmesambaline.[\/vc_column_text][\/vc_column][\/vc_row][vc_row][vc_column][vc_empty_space][vc_single_image image=&#8221;1137&#8243; img_size=&#8221;full&#8221; alignment=&#8221;center&#8221;][vc_empty_space][vc_empty_space][\/vc_column][\/vc_row][vc_row][vc_column][\/vc_column][\/vc_row]<\/p>\n","protected":false},"author":1,"featured_media":0,"parent":160,"menu_order":0,"comment_status":"closed","ping_status":"closed","template":"page-templates\/template-fullwidth.php","meta":{"footnotes":""},"class_list":["post-1133","page","type-page","status-publish","hentry"],"yoast_head":"<!-- This site is optimized with the Yoast SEO plugin v20.5 - https:\/\/yoast.com\/wordpress\/plugins\/seo\/ -->\n<title>T\u00e4ielik ajalugu - Trumpauto<\/title>\n<meta name=\"robots\" content=\"index, follow, max-snippet:-1, max-image-preview:large, max-video-preview:-1\" \/>\n<link rel=\"canonical\" href=\"https:\/\/www.trumpauto.eu\/teenindusele\/trumpautost\/taielik-ajalugu\/\" \/>\n<meta property=\"og:locale\" content=\"en_US\" \/>\n<meta property=\"og:type\" content=\"article\" \/>\n<meta property=\"og:title\" content=\"T\u00e4ielik ajalugu - Trumpauto\" \/>\n<meta property=\"og:description\" content=\"[vc_row][vc_column][vc_empty_space][vc_column_text]Kliendiregister, s\u00f5idukite register ning t\u00f6\u00f6de register &#8211; need on t\u00e4ieliku ajaloo kolm alustala. Omanikud vahetavad autosid, registreerimisnumbreid ja teinekord isegi oma nime. Selleks, et Trumpauto kliendil ei oleks segadust, milliseid t\u00f6id kunagi on s\u00f5idukitele teostatud ja kes on nende kontaktisikuteks olnud, on Trumpauto t\u00e4ielik ajalugu kolmesambaline.[\/vc_column_text][\/vc_column][\/vc_row][vc_row][vc_column][vc_empty_space][vc_single_image image=&#8221;1137&#8243; img_size=&#8221;full&#8221; alignment=&#8221;center&#8221;][vc_empty_space][vc_empty_space][\/vc_column][\/vc_row][vc_row][vc_column][\/vc_column][\/vc_row]\" \/>\n<meta property=\"og:url\" content=\"https:\/\/www.trumpauto.eu\/teenindusele\/trumpautost\/taielik-ajalugu\/\" \/>\n<meta property=\"og:site_name\" content=\"Trumpauto\" \/>\n<meta property=\"article:modified_time\" content=\"2020-07-01T12:02:36+00:00\" \/>\n<meta name=\"twitter:card\" content=\"summary_large_image\" \/>\n<meta name=\"twitter:label1\" content=\"Est. reading time\" \/>\n\t<meta name=\"twitter:data1\" content=\"1 minute\" \/>\n<script type=\"application\/ld+json\" class=\"yoast-schema-graph\">{\"@context\":\"https:\/\/schema.org\",\"@graph\":[{\"@type\":\"WebPage\",\"@id\":\"https:\/\/www.trumpauto.eu\/teenindusele\/trumpautost\/taielik-ajalugu\/\",\"url\":\"https:\/\/www.trumpauto.eu\/teenindusele\/trumpautost\/taielik-ajalugu\/\",\"name\":\"T\u00e4ielik ajalugu - Trumpauto\",\"isPartOf\":{\"@id\":\"https:\/\/www.trumpauto.eu\/teenindusele\/#website\"},\"datePublished\":\"2020-05-14T07:54:09+00:00\",\"dateModified\":\"2020-07-01T12:02:36+00:00\",\"breadcrumb\":{\"@id\":\"https:\/\/www.trumpauto.eu\/teenindusele\/trumpautost\/taielik-ajalugu\/#breadcrumb\"},\"inLanguage\":\"en-US\",\"potentialAction\":[{\"@type\":\"ReadAction\",\"target\":[\"https:\/\/www.trumpauto.eu\/teenindusele\/trumpautost\/taielik-ajalugu\/\"]}]},{\"@type\":\"BreadcrumbList\",\"@id\":\"https:\/\/www.trumpauto.eu\/teenindusele\/trumpautost\/taielik-ajalugu\/#breadcrumb\",\"itemListElement\":[{\"@type\":\"ListItem\",\"position\":1,\"name\":\"Home\",\"item\":\"https:\/\/www.trumpauto.eu\/teenindusele\/\"},{\"@type\":\"ListItem\",\"position\":2,\"name\":\"Trumpautost\",\"item\":\"https:\/\/www.trumpauto.eu\/teenindusele\/trumpautost\/\"},{\"@type\":\"ListItem\",\"position\":3,\"name\":\"T\u00e4ielik ajalugu\"}]},{\"@type\":\"WebSite\",\"@id\":\"https:\/\/www.trumpauto.eu\/teenindusele\/#website\",\"url\":\"https:\/\/www.trumpauto.eu\/teenindusele\/\",\"name\":\"Trumpauto\",\"description\":\"Tarkvara Teie T\u00f6\u00f6kojale\",\"potentialAction\":[{\"@type\":\"SearchAction\",\"target\":{\"@type\":\"EntryPoint\",\"urlTemplate\":\"https:\/\/www.trumpauto.eu\/teenindusele\/?s={search_term_string}\"},\"query-input\":\"required name=search_term_string\"}],\"inLanguage\":\"en-US\"}]}<\/script>\n<!-- \/ Yoast SEO plugin. -->","yoast_head_json":{"title":"T\u00e4ielik ajalugu - Trumpauto","robots":{"index":"index","follow":"follow","max-snippet":"max-snippet:-1","max-image-preview":"max-image-preview:large","max-video-preview":"max-video-preview:-1"},"canonical":"https:\/\/www.trumpauto.eu\/teenindusele\/trumpautost\/taielik-ajalugu\/","og_locale":"en_US","og_type":"article","og_title":"T\u00e4ielik ajalugu - Trumpauto","og_description":"[vc_row][vc_column][vc_empty_space][vc_column_text]Kliendiregister, s\u00f5idukite register ning t\u00f6\u00f6de register &#8211; need on t\u00e4ieliku ajaloo kolm alustala. Omanikud vahetavad autosid, registreerimisnumbreid ja teinekord isegi oma nime. Selleks, et Trumpauto kliendil ei oleks segadust, milliseid t\u00f6id kunagi on s\u00f5idukitele teostatud ja kes on nende kontaktisikuteks olnud, on Trumpauto t\u00e4ielik ajalugu kolmesambaline.[\/vc_column_text][\/vc_column][\/vc_row][vc_row][vc_column][vc_empty_space][vc_single_image image=&#8221;1137&#8243; img_size=&#8221;full&#8221; alignment=&#8221;center&#8221;][vc_empty_space][vc_empty_space][\/vc_column][\/vc_row][vc_row][vc_column][\/vc_column][\/vc_row]","og_url":"https:\/\/www.trumpauto.eu\/teenindusele\/trumpautost\/taielik-ajalugu\/","og_site_name":"Trumpauto","article_modified_time":"2020-07-01T12:02:36+00:00","twitter_card":"summary_large_image","twitter_misc":{"Est. reading time":"1 minute"},"schema":{"@context":"https:\/\/schema.org","@graph":[{"@type":"WebPage","@id":"https:\/\/www.trumpauto.eu\/teenindusele\/trumpautost\/taielik-ajalugu\/","url":"https:\/\/www.trumpauto.eu\/teenindusele\/trumpautost\/taielik-ajalugu\/","name":"T\u00e4ielik ajalugu - Trumpauto","isPartOf":{"@id":"https:\/\/www.trumpauto.eu\/teenindusele\/#website"},"datePublished":"2020-05-14T07:54:09+00:00","dateModified":"2020-07-01T12:02:36+00:00","breadcrumb":{"@id":"https:\/\/www.trumpauto.eu\/teenindusele\/trumpautost\/taielik-ajalugu\/#breadcrumb"},"inLanguage":"en-US","potentialAction":[{"@type":"ReadAction","target":["https:\/\/www.trumpauto.eu\/teenindusele\/trumpautost\/taielik-ajalugu\/"]}]},{"@type":"BreadcrumbList","@id":"https:\/\/www.trumpauto.eu\/teenindusele\/trumpautost\/taielik-ajalugu\/#breadcrumb","itemListElement":[{"@type":"ListItem","position":1,"name":"Home","item":"https:\/\/www.trumpauto.eu\/teenindusele\/"},{"@type":"ListItem","position":2,"name":"Trumpautost","item":"https:\/\/www.trumpauto.eu\/teenindusele\/trumpautost\/"},{"@type":"ListItem","position":3,"name":"T\u00e4ielik ajalugu"}]},{"@type":"WebSite","@id":"https:\/\/www.trumpauto.eu\/teenindusele\/#website","url":"https:\/\/www.trumpauto.eu\/teenindusele\/","name":"Trumpauto","description":"Tarkvara Teie T\u00f6\u00f6kojale","potentialAction":[{"@type":"SearchAction","target":{"@type":"EntryPoint","urlTemplate":"https:\/\/www.trumpauto.eu\/teenindusele\/?s={search_term_string}"},"query-input":"required name=search_term_string"}],"inLanguage":"en-US"}]}},"_links":{"self":[{"href":"https:\/\/www.trumpauto.eu\/teenindusele\/wp-json\/wp\/v2\/pages\/1133","targetHints":{"allow":["GET"]}}],"collection":[{"href":"https:\/\/www.trumpauto.eu\/teenindusele\/wp-json\/wp\/v2\/pages"}],"about":[{"href":"https:\/\/www.trumpauto.eu\/teenindusele\/wp-json\/wp\/v2\/types\/page"}],"author":[{"embeddable":true,"href":"https:\/\/www.trumpauto.eu\/teenindusele\/wp-json\/wp\/v2\/users\/1"}],"replies":[{"embeddable":true,"href":"https:\/\/www.trumpauto.eu\/teenindusele\/wp-json\/wp\/v2\/comments?post=1133"}],"version-history":[{"count":6,"href":"https:\/\/www.trumpauto.eu\/teenindusele\/wp-json\/wp\/v2\/pages\/1133\/revisions"}],"predecessor-version":[{"id":1558,"href":"https:\/\/www.trumpauto.eu\/teenindusele\/wp-json\/wp\/v2\/pages\/1133\/revisions\/1558"}],"up":[{"embeddable":true,"href":"https:\/\/www.trumpauto.eu\/teenindusele\/wp-json\/wp\/v2\/pages\/160"}],"wp:attachment":[{"href":"https:\/\/www.trumpauto.eu\/teenindusele\/wp-json\/wp\/v2\/media?parent=1133"}],"curies":[{"name":"wp","href":"https:\/\/api.w.org\/{rel}","templated":true}]}}