{"id":1063,"date":"2020-05-12T23:50:39","date_gmt":"2020-05-12T21:50:39","guid":{"rendered":"http:\/\/develop.trumpauto.eu\/wp\/?page_id=1063"},"modified":"2020-10-07T21:12:14","modified_gmt":"2020-10-07T19:12:14","slug":"paketid-vana","status":"publish","type":"page","link":"https:\/\/www.trumpauto.eu\/teenindusele\/trumpautost\/paketid-vana\/","title":{"rendered":"Paketid-vana"},"content":{"rendered":"<p>[vc_row][vc_column][vc_empty_space height=&#8221;40px&#8221;]\n    <div class=\"wprt-headings style-1 clearfix text-center \">\n        <h2 class=\"heading \" >EESTI KESKMINE KORRALISE AUTOHOOLDUSE HIND ON 150\u20ac<\/h2>\n                    <div class=\"sep clearfix\"><\/div>\n        \n                    <div class=\"sub-heading clearfix\"><p>Meie hinnad on m\u00e4\u00e4ratud selliselt, et nad ei koorma \u00fchtegi endast lugu pidavat t\u00f6\u00f6koda!<\/p>\n<\/div>\n            <\/div>\n        \n[vc_empty_space height=&#8221;40px&#8221;][\/vc_column][\/vc_row][vc_row css=&#8221;.vc_custom_1589320485894{padding-top: 83px !important;padding-bottom: 90px !important;background-color: #f7f7f7 !important;}&#8221;][vc_column][\/vc_column][vc_column offset=&#8221;vc_col-md-4&#8243;]\n    <div class=\"wprt-price-table style-1 head-dark top-25 has-shadow bg-white\">\n        <div class=\"price-table-name\">\n            <div class=\"title\">BASIC kasutaja<\/div>\n        <\/div>\n\n        <div class=\"price-table-price\">\n            <div class=\"price-wrap\"><span class=\"figure\">9\u20ac \/ kuus<\/span><\/div>\n        <\/div>\n\n        <div class=\"price-table-features\">\n            <ul>\n<li>Aastase ettemaksuga 8.25\u20ac \/kuus<\/li>\n<li>Miinimum 3 kasutajalitsentsi<\/li>\n<li>Online broneering<\/li>\n<li>T\u00f6\u00f6de register<\/li>\n<li>Klientide register<\/li>\n<li>S\u00f5idukite register<\/li>\n<li>Kalender ja ressursid<\/li>\n<li>Arved ja e-arved<\/li>\n<li>Arve \u00fche klikiga<\/li>\n<li>Maanteeameti liides<\/li>\n<li>\u00c4riregistri liides<\/li>\n<li>14 p\u00e4eva tasuta<\/li>\n<\/ul>\n            <div class=\"price-table-button\">\n                <a class=\"wprt-button outline accent\" href=\"https:\/\/www.trumpauto.eu\/teenindusele\/proovi-tasuta\/\" target=\"_self\">PROOVI TASUTA<\/a>            <\/div>\n        <\/div>\n    <\/div>\n\n[vc_column_text]<\/p>\n<div class=\"wprt-spacer clearfix\" data-desktop=\"0\" data-mobi=\"40\" data-smobi=\"40\"><\/div>\n<p>[\/vc_column_text][\/vc_column][vc_column offset=&#8221;vc_col-md-4&#8243;]\n    <div class=\"wprt-price-table style-1  has-shadow bg-white\">\n        <div class=\"price-table-name\">\n            <div class=\"title\">PRO kasutaja<\/div>\n        <\/div>\n\n        <div class=\"price-table-price\">\n            <div class=\"price-wrap\"><span class=\"figure\">19\u20ac \/ kuus<\/span><\/div>\n        <\/div>\n\n        <div class=\"price-table-features\">\n            <ul>\n<li>Aastase ettemaksuga 17,4\u20ac \/kuus<\/li>\n<li>Miinimum 3 kasutajalitsentsi<\/li>\n<li>Eelnevale paketile lisaks j\u00e4rgmine:<\/li>\n<li>Ladu ja ost<\/li>\n<li>Ostu e-arve import<\/li>\n<li>Pakkumiste moodul<\/li>\n<li>Statistika & aruandlus<\/li>\n<li>Merit Aktiva liidestus<\/li>\n<li>Inventuur<\/li>\n<li>14 p\u00e4eva tasuta<\/li>\n<\/ul>\n            <div class=\"price-table-button\">\n                <a class=\"wprt-button accent\" href=\"https:\/\/www.trumpauto.eu\/teenindusele\/proovi-tasuta\/\" target=\"_self\">PROOVI TASUTA<\/a>            <\/div>\n        <\/div>\n    <\/div>\n\n[vc_column_text]<\/p>\n<div class=\"wprt-spacer clearfix\" data-desktop=\"0\" data-mobi=\"25&quot;\" data-smobi=\"25\"><\/div>\n<p>[\/vc_column_text][\/vc_column][vc_column offset=&#8221;vc_col-md-4&#8243;]\n    <div class=\"wprt-price-table style-1 head-dark top-25 has-shadow bg-white\">\n        <div class=\"price-table-name\">\n            <div class=\"title\">PREMIUM kasutaja<\/div>\n        <\/div>\n\n        <div class=\"price-table-price\">\n            <div class=\"price-wrap\"><span class=\"figure\">29\u20ac \/ kuus<\/span><\/div>\n        <\/div>\n\n        <div class=\"price-table-features\">\n            <ul>\n<li>Aastase ettemaksuga 26.6\u20ac \/kuus<\/li>\n<li>Miinimum 3 kasutajalitsentsi<\/li>\n<li>Eelnevale paketile lisaks j\u00e4rgmine:<\/li>\n<li>Esindused<\/li>\n<li>Kalendrite haldus<\/li>\n<li>SMS Teavitused<\/li>\n<li>Positsioon autoomaniku portaalis<\/li>\n<li>Varuosakataloogide import<\/li>\n<li>Andmete impordi moodul<\/li>\n<li>14 p\u00e4eva tasuta<\/li>\n<\/ul>\n            <div class=\"price-table-button\">\n                <a class=\"wprt-button outline accent\" href=\"https:\/\/www.trumpauto.eu\/teenindusele\/proovi-tasuta\/\" target=\"_self\">PROOVI TASUTA<\/a>            <\/div>\n        <\/div>\n    <\/div>\n\n[vc_column_text]<\/p>\n<div class=\"wprt-spacer clearfix\" data-desktop=\"0\" data-mobi=\"40\" data-smobi=\"40\"><\/div>\n<p>[\/vc_column_text][\/vc_column][\/vc_row][vc_row css_animation=&#8221;fadeInDown&#8221; css=&#8221;.vc_custom_1589972767222{background-color: #1c63b8 !important;}&#8221;][vc_column]\n    <div class=\"wprt-action-box style-1 has-icon \">\n        <div class=\"inner\">\n            <div class=\"heading-wrap\">\n                <div class=\"text-wrap\">\n                    <h3 class=\"heading\">Vaata meie Youtube kanalist Trumpautot tutvustavaid videoklippe<\/h3>\n                    <span class=\"icon\"><i class=\"fab fa-youtube\"><\/i><\/span> \n                <\/div>\n            <\/div>\n            <div class=\"button-wrap\">\n                <a class=\"wprt-button white rounded-3px\" href=\"https:\/\/www.youtube.com\/channel\/UCLp5C7dMNHAw6GFG9TnTwFQ\/videos\" target=\" _blank\">Kliki siia<\/a>            <\/div>\n        <\/div>\n    <\/div>\n\n[\/vc_column][\/vc_row]<\/p>\n","protected":false},"excerpt":{"rendered":"<p>[vc_row][vc_column][vc_empty_space height=&#8221;40px&#8221;][vc_empty_space height=&#8221;40px&#8221;][\/vc_column][\/vc_row][vc_row css=&#8221;.vc_custom_1589320485894{padding-top: 83px !important;padding-bottom: 90px !important;background-color: #f7f7f7 !important;}&#8221;][vc_column][\/vc_column][vc_column offset=&#8221;vc_col-md-4&#8243;][vc_column_text] [\/vc_column_text][\/vc_column][vc_column offset=&#8221;vc_col-md-4&#8243;][vc_column_text] [\/vc_column_text][\/vc_column][vc_column offset=&#8221;vc_col-md-4&#8243;][vc_column_text] [\/vc_column_text][\/vc_column][\/vc_row][vc_row css_animation=&#8221;fadeInDown&#8221; css=&#8221;.vc_custom_1589972767222{background-color: #1c63b8 !important;}&#8221;][vc_column][\/vc_column][\/vc_row]<\/p>\n","protected":false},"author":1,"featured_media":0,"parent":160,"menu_order":0,"comment_status":"closed","ping_status":"closed","template":"page-templates\/template-fullwidth.php","meta":{"footnotes":""},"class_list":["post-1063","page","type-page","status-publish","hentry"],"yoast_head":"<!-- This site is optimized with the Yoast SEO plugin v20.5 - https:\/\/yoast.com\/wordpress\/plugins\/seo\/ -->\n<title>Paketid-vana - Trumpauto<\/title>\n<meta name=\"robots\" content=\"index, follow, max-snippet:-1, max-image-preview:large, max-video-preview:-1\" \/>\n<link rel=\"canonical\" href=\"https:\/\/www.trumpauto.eu\/teenindusele\/trumpautost\/paketid-vana\/\" \/>\n<meta property=\"og:locale\" content=\"en_US\" \/>\n<meta property=\"og:type\" content=\"article\" \/>\n<meta property=\"og:title\" content=\"Paketid-vana - Trumpauto\" \/>\n<meta property=\"og:description\" content=\"[vc_row][vc_column][vc_empty_space height=&#8221;40px&#8221;][vc_empty_space height=&#8221;40px&#8221;][\/vc_column][\/vc_row][vc_row css=&#8221;.vc_custom_1589320485894{padding-top: 83px !important;padding-bottom: 90px !important;background-color: #f7f7f7 !important;}&#8221;][vc_column][\/vc_column][vc_column offset=&#8221;vc_col-md-4&#8243;][vc_column_text] [\/vc_column_text][\/vc_column][vc_column offset=&#8221;vc_col-md-4&#8243;][vc_column_text] [\/vc_column_text][\/vc_column][vc_column offset=&#8221;vc_col-md-4&#8243;][vc_column_text] [\/vc_column_text][\/vc_column][\/vc_row][vc_row css_animation=&#8221;fadeInDown&#8221; css=&#8221;.vc_custom_1589972767222{background-color: #1c63b8 !important;}&#8221;][vc_column][\/vc_column][\/vc_row]\" \/>\n<meta property=\"og:url\" content=\"https:\/\/www.trumpauto.eu\/teenindusele\/trumpautost\/paketid-vana\/\" \/>\n<meta property=\"og:site_name\" content=\"Trumpauto\" \/>\n<meta property=\"article:modified_time\" content=\"2020-10-07T19:12:14+00:00\" \/>\n<meta name=\"twitter:card\" content=\"summary_large_image\" \/>\n<meta name=\"twitter:label1\" content=\"Est. reading time\" \/>\n\t<meta name=\"twitter:data1\" content=\"2 minutes\" \/>\n<script type=\"application\/ld+json\" class=\"yoast-schema-graph\">{\"@context\":\"https:\/\/schema.org\",\"@graph\":[{\"@type\":\"WebPage\",\"@id\":\"https:\/\/www.trumpauto.eu\/teenindusele\/trumpautost\/paketid-vana\/\",\"url\":\"https:\/\/www.trumpauto.eu\/teenindusele\/trumpautost\/paketid-vana\/\",\"name\":\"Paketid-vana - Trumpauto\",\"isPartOf\":{\"@id\":\"https:\/\/www.trumpauto.eu\/teenindusele\/#website\"},\"datePublished\":\"2020-05-12T21:50:39+00:00\",\"dateModified\":\"2020-10-07T19:12:14+00:00\",\"breadcrumb\":{\"@id\":\"https:\/\/www.trumpauto.eu\/teenindusele\/trumpautost\/paketid-vana\/#breadcrumb\"},\"inLanguage\":\"en-US\",\"potentialAction\":[{\"@type\":\"ReadAction\",\"target\":[\"https:\/\/www.trumpauto.eu\/teenindusele\/trumpautost\/paketid-vana\/\"]}]},{\"@type\":\"BreadcrumbList\",\"@id\":\"https:\/\/www.trumpauto.eu\/teenindusele\/trumpautost\/paketid-vana\/#breadcrumb\",\"itemListElement\":[{\"@type\":\"ListItem\",\"position\":1,\"name\":\"Home\",\"item\":\"https:\/\/www.trumpauto.eu\/teenindusele\/\"},{\"@type\":\"ListItem\",\"position\":2,\"name\":\"Trumpautost\",\"item\":\"https:\/\/www.trumpauto.eu\/teenindusele\/trumpautost\/\"},{\"@type\":\"ListItem\",\"position\":3,\"name\":\"Paketid-vana\"}]},{\"@type\":\"WebSite\",\"@id\":\"https:\/\/www.trumpauto.eu\/teenindusele\/#website\",\"url\":\"https:\/\/www.trumpauto.eu\/teenindusele\/\",\"name\":\"Trumpauto\",\"description\":\"Tarkvara Teie T\u00f6\u00f6kojale\",\"potentialAction\":[{\"@type\":\"SearchAction\",\"target\":{\"@type\":\"EntryPoint\",\"urlTemplate\":\"https:\/\/www.trumpauto.eu\/teenindusele\/?s={search_term_string}\"},\"query-input\":\"required name=search_term_string\"}],\"inLanguage\":\"en-US\"}]}<\/script>\n<!-- \/ Yoast SEO plugin. -->","yoast_head_json":{"title":"Paketid-vana - Trumpauto","robots":{"index":"index","follow":"follow","max-snippet":"max-snippet:-1","max-image-preview":"max-image-preview:large","max-video-preview":"max-video-preview:-1"},"canonical":"https:\/\/www.trumpauto.eu\/teenindusele\/trumpautost\/paketid-vana\/","og_locale":"en_US","og_type":"article","og_title":"Paketid-vana - Trumpauto","og_description":"[vc_row][vc_column][vc_empty_space height=&#8221;40px&#8221;][vc_empty_space height=&#8221;40px&#8221;][\/vc_column][\/vc_row][vc_row css=&#8221;.vc_custom_1589320485894{padding-top: 83px !important;padding-bottom: 90px !important;background-color: #f7f7f7 !important;}&#8221;][vc_column][\/vc_column][vc_column offset=&#8221;vc_col-md-4&#8243;][vc_column_text] [\/vc_column_text][\/vc_column][vc_column offset=&#8221;vc_col-md-4&#8243;][vc_column_text] [\/vc_column_text][\/vc_column][vc_column offset=&#8221;vc_col-md-4&#8243;][vc_column_text] [\/vc_column_text][\/vc_column][\/vc_row][vc_row css_animation=&#8221;fadeInDown&#8221; css=&#8221;.vc_custom_1589972767222{background-color: #1c63b8 !important;}&#8221;][vc_column][\/vc_column][\/vc_row]","og_url":"https:\/\/www.trumpauto.eu\/teenindusele\/trumpautost\/paketid-vana\/","og_site_name":"Trumpauto","article_modified_time":"2020-10-07T19:12:14+00:00","twitter_card":"summary_large_image","twitter_misc":{"Est. reading time":"2 minutes"},"schema":{"@context":"https:\/\/schema.org","@graph":[{"@type":"WebPage","@id":"https:\/\/www.trumpauto.eu\/teenindusele\/trumpautost\/paketid-vana\/","url":"https:\/\/www.trumpauto.eu\/teenindusele\/trumpautost\/paketid-vana\/","name":"Paketid-vana - Trumpauto","isPartOf":{"@id":"https:\/\/www.trumpauto.eu\/teenindusele\/#website"},"datePublished":"2020-05-12T21:50:39+00:00","dateModified":"2020-10-07T19:12:14+00:00","breadcrumb":{"@id":"https:\/\/www.trumpauto.eu\/teenindusele\/trumpautost\/paketid-vana\/#breadcrumb"},"inLanguage":"en-US","potentialAction":[{"@type":"ReadAction","target":["https:\/\/www.trumpauto.eu\/teenindusele\/trumpautost\/paketid-vana\/"]}]},{"@type":"BreadcrumbList","@id":"https:\/\/www.trumpauto.eu\/teenindusele\/trumpautost\/paketid-vana\/#breadcrumb","itemListElement":[{"@type":"ListItem","position":1,"name":"Home","item":"https:\/\/www.trumpauto.eu\/teenindusele\/"},{"@type":"ListItem","position":2,"name":"Trumpautost","item":"https:\/\/www.trumpauto.eu\/teenindusele\/trumpautost\/"},{"@type":"ListItem","position":3,"name":"Paketid-vana"}]},{"@type":"WebSite","@id":"https:\/\/www.trumpauto.eu\/teenindusele\/#website","url":"https:\/\/www.trumpauto.eu\/teenindusele\/","name":"Trumpauto","description":"Tarkvara Teie T\u00f6\u00f6kojale","potentialAction":[{"@type":"SearchAction","target":{"@type":"EntryPoint","urlTemplate":"https:\/\/www.trumpauto.eu\/teenindusele\/?s={search_term_string}"},"query-input":"required name=search_term_string"}],"inLanguage":"en-US"}]}},"_links":{"self":[{"href":"https:\/\/www.trumpauto.eu\/teenindusele\/wp-json\/wp\/v2\/pages\/1063","targetHints":{"allow":["GET"]}}],"collection":[{"href":"https:\/\/www.trumpauto.eu\/teenindusele\/wp-json\/wp\/v2\/pages"}],"about":[{"href":"https:\/\/www.trumpauto.eu\/teenindusele\/wp-json\/wp\/v2\/types\/page"}],"author":[{"embeddable":true,"href":"https:\/\/www.trumpauto.eu\/teenindusele\/wp-json\/wp\/v2\/users\/1"}],"replies":[{"embeddable":true,"href":"https:\/\/www.trumpauto.eu\/teenindusele\/wp-json\/wp\/v2\/comments?post=1063"}],"version-history":[{"count":14,"href":"https:\/\/www.trumpauto.eu\/teenindusele\/wp-json\/wp\/v2\/pages\/1063\/revisions"}],"predecessor-version":[{"id":1887,"href":"https:\/\/www.trumpauto.eu\/teenindusele\/wp-json\/wp\/v2\/pages\/1063\/revisions\/1887"}],"up":[{"embeddable":true,"href":"https:\/\/www.trumpauto.eu\/teenindusele\/wp-json\/wp\/v2\/pages\/160"}],"wp:attachment":[{"href":"https:\/\/www.trumpauto.eu\/teenindusele\/wp-json\/wp\/v2\/media?parent=1063"}],"curies":[{"name":"wp","href":"https:\/\/api.w.org\/{rel}","templated":true}]}}